{"id":750,"date":"2016-06-21T14:14:42","date_gmt":"2016-06-21T11:14:42","guid":{"rendered":"http:\/\/alplux.com\/?page_id=750"},"modified":"2026-03-02T14:05:42","modified_gmt":"2026-03-02T11:05:42","slug":"impressum","status":"publish","type":"page","link":"https:\/\/alplux.com\/en\/contacts\/impressum\/","title":{"rendered":"Impressum"},"content":{"rendered":"<p><\/p>\n<h1>Impressum<\/h1>\n<table width=\"100%\">\n<tbody style=\"text-align: justify;\">\n<tr>\n<td style=\"width: 30%;\">Gewerbewortlaut:<br \/>\nAufsichtsbeh\u00f6rde:<br \/>\nMitglied bei:<br \/>\nGISA-Zahl:<br \/>\nGLN:<br \/>\n<a href=\"https:\/\/store.iata.org\/ieccacfree\" target=\"_blank\" rel=\"noopener\">IATA-Nummer<\/a>:<\/td>\n<td>Reiseb\u00fcros<br \/>\nBezirkshauptmannschaft Imst<br \/>\n<a href=\"https:\/\/firmen.wko.at\/alplux-eu-alplux\/tirol\/?firmaid=0528ef00-70ea-48f6-a4cf-6b52cde13c9c\" target=\"_blank\" rel=\"noopener noreferrer\">Wirtschaftskammer Tirol<\/a><br \/>\n28732419<br \/>\n9110022695724<br \/>\n06200865<\/td>\n<\/tr>\n<tr>\n<td>UID-Nummer:<br \/>\nFirmenbuch-Nr.:<br \/>\nInhaberin:<br \/>\nBezeichnung:<\/td>\n<td>ATU70112647<br \/>\n629487t<br \/>\nIrina Parr, Mg.sc.comp.<br \/>\nALPLUX e.U.<\/td>\n<\/tr>\n<tr>\n<td>Telefon:<br \/>\nAdresse:<br \/>\nE-Mail:<br \/>\nWebsite:<\/td>\n<td>+43-680-142-9999<br \/>\n6433 Oetz, Habichen 40a<br \/>\ninfo@alplux.com<br \/>\nwww.alplux.com<\/td>\n<\/tr>\n<tr>\n<td>Bankverbindung:<\/td>\n<td>Bank: Sparkasse Imst AG<br \/>\nBIC: SPIMAT21XXX<br \/>\nIBAN: AT592050200000865006<\/td>\n<\/tr>\n<tr>\n<td>Rechtsvorschriften:<\/td>\n<td><a href=\"https:\/\/www.ris.bka.gv.at\/GeltendeFassung.wxe?Abfrage=Bundesnormen&amp;Gesetzesnummer=10007517\" target=\"_blank\" rel=\"noopener noreferrer\">&#8211; Gesamte Rechtsvorschrift f\u00fcr Gewerbeordnung 1994<\/a><br \/>\n<a href=\"https:\/\/www.ris.bka.gv.at\/GeltendeFassung.wxe?Abfrage=Bundesnormen&amp;Gesetzesnummer=10008014&amp;FassungVom=2018-09-28\" target=\"_blank\" rel=\"noopener noreferrer\">&#8211; Gesamte Rechtsvorschrift f\u00fcr Aus\u00fcbungsvorschriften f\u00fcr das Reiseb\u00fcrogewerbe<\/a><br \/>\n<a href=\"https:\/\/www.wkv.at\/sektionen\/tf\/pdf\/ARB92.pdf\" target=\"_blank\" rel=\"noopener noreferrer\"> &#8211; Allgemeine Reisebedingungen<\/a><\/td>\n<\/tr>\n<\/tbody>\n<\/table>\n<p style=\"text-align: justify; font-size: 12px;\">\n<p><\/p>","protected":false},"excerpt":{"rendered":"<p>Impressum Gewerbewortlaut: Aufsichtsbeh\u00f6rde: Mitglied bei: GISA-Zahl: GLN: IATA-Nummer: Reiseb\u00fcros Bezirkshauptmannschaft Imst Wirtschaftskammer Tirol 28732419 9110022695724 06200865 UID-Nummer: Firmenbuch-Nr.: Inhaberin: Bezeichnung: ATU70112647 629487t Irina Parr, Mg.sc.comp. ALPLUX e.U. Telefon: Adresse: E-Mail: Website: +43-680-142-9999 6433 Oetz, Habichen 40a info@alplux.com www.alplux.com Bankverbindung: Bank: Sparkasse Imst AG BIC: SPIMAT21XXX IBAN: AT592050200000865006 Rechtsvorschriften: &#8211; Gesamte Rechtsvorschrift f\u00fcr Gewerbeordnung 1994 &#8211; [&hellip;]<\/p>\n","protected":false},"author":4,"featured_media":0,"parent":2,"menu_order":0,"comment_status":"closed","ping_status":"closed","template":"","meta":[],"acf":[],"yoast_head":"<!-- This site is optimized with the Yoast SEO plugin v19.10 - https:\/\/yoast.com\/wordpress\/plugins\/seo\/ -->\n<title>Impressum - ALPLUX - Instructors, Hotels, Transfers<\/title>\n<meta name=\"description\" content=\"Impressum\" \/>\n<meta name=\"robots\" content=\"index, follow, max-snippet:-1, max-image-preview:large, max-video-preview:-1\" \/>\n<link rel=\"canonical\" href=\"https:\/\/alplux.com\/contacts\/impressum\/\" \/>\n<meta property=\"og:locale\" content=\"en_US\" \/>\n<meta property=\"og:type\" content=\"article\" \/>\n<meta property=\"og:title\" content=\"Impressum - ALPLUX - Instructors, Hotels, Transfers\" \/>\n<meta property=\"og:description\" content=\"Impressum\" \/>\n<meta property=\"og:url\" content=\"https:\/\/alplux.com\/contacts\/impressum\/\" \/>\n<meta property=\"og:site_name\" content=\"ALPLUX - Instructors, Hotels, Transfers\" \/>\n<meta property=\"article:modified_time\" content=\"2026-03-02T11:05:42+00:00\" \/>\n<meta name=\"twitter:card\" content=\"summary_large_image\" \/>\n<meta name=\"twitter:label1\" content=\"Est. reading time\" \/>\n\t<meta name=\"twitter:data1\" content=\"1 minute\" \/>\n<script type=\"application\/ld+json\" class=\"yoast-schema-graph\">{\"@context\":\"https:\/\/schema.org\",\"@graph\":[{\"@type\":\"WebPage\",\"@id\":\"https:\/\/alplux.com\/contacts\/impressum\/\",\"url\":\"https:\/\/alplux.com\/contacts\/impressum\/\",\"name\":\"Impressum - ALPLUX - Instructors, Hotels, Transfers\",\"isPartOf\":{\"@id\":\"https:\/\/alplux.com\/ru\/#website\"},\"datePublished\":\"2016-06-21T11:14:42+00:00\",\"dateModified\":\"2026-03-02T11:05:42+00:00\",\"description\":\"Impressum\",\"breadcrumb\":{\"@id\":\"https:\/\/alplux.com\/contacts\/impressum\/#breadcrumb\"},\"inLanguage\":\"en-US\",\"potentialAction\":[{\"@type\":\"ReadAction\",\"target\":[\"https:\/\/alplux.com\/contacts\/impressum\/\"]}]},{\"@type\":\"BreadcrumbList\",\"@id\":\"https:\/\/alplux.com\/contacts\/impressum\/#breadcrumb\",\"itemListElement\":[{\"@type\":\"ListItem\",\"position\":1,\"name\":\"\u0413\u043b\u0430\u0432\u043d\u0430\u044f \u0441\u0442\u0440\u0430\u043d\u0438\u0446\u0430\",\"item\":\"https:\/\/alplux.com\/ru\/\"},{\"@type\":\"ListItem\",\"position\":2,\"name\":\"\u041a\u043e\u043d\u0442\u0430\u043a\u0442\u044b\",\"item\":\"https:\/\/alplux.com\/contacts\/\"},{\"@type\":\"ListItem\",\"position\":3,\"name\":\"Impressum\"}]},{\"@type\":\"WebSite\",\"@id\":\"https:\/\/alplux.com\/ru\/#website\",\"url\":\"https:\/\/alplux.com\/ru\/\",\"name\":\"ALPLUX - Instructors, Hotels, Transfers\",\"description\":\"ALPLUX - Instructors, Hotels, Transfers\",\"potentialAction\":[{\"@type\":\"SearchAction\",\"target\":{\"@type\":\"EntryPoint\",\"urlTemplate\":\"https:\/\/alplux.com\/ru\/?s={search_term_string}\"},\"query-input\":\"required name=search_term_string\"}],\"inLanguage\":\"en-US\"}]}<\/script>\n<!-- \/ Yoast SEO plugin. -->","yoast_head_json":{"title":"Impressum - ALPLUX - Instructors, Hotels, Transfers","description":"Impressum","robots":{"index":"index","follow":"follow","max-snippet":"max-snippet:-1","max-image-preview":"max-image-preview:large","max-video-preview":"max-video-preview:-1"},"canonical":"https:\/\/alplux.com\/contacts\/impressum\/","og_locale":"en_US","og_type":"article","og_title":"Impressum - ALPLUX - Instructors, Hotels, Transfers","og_description":"Impressum","og_url":"https:\/\/alplux.com\/contacts\/impressum\/","og_site_name":"ALPLUX - Instructors, Hotels, Transfers","article_modified_time":"2026-03-02T11:05:42+00:00","twitter_card":"summary_large_image","twitter_misc":{"Est. reading time":"1 minute"},"schema":{"@context":"https:\/\/schema.org","@graph":[{"@type":"WebPage","@id":"https:\/\/alplux.com\/contacts\/impressum\/","url":"https:\/\/alplux.com\/contacts\/impressum\/","name":"Impressum - ALPLUX - Instructors, Hotels, Transfers","isPartOf":{"@id":"https:\/\/alplux.com\/ru\/#website"},"datePublished":"2016-06-21T11:14:42+00:00","dateModified":"2026-03-02T11:05:42+00:00","description":"Impressum","breadcrumb":{"@id":"https:\/\/alplux.com\/contacts\/impressum\/#breadcrumb"},"inLanguage":"en-US","potentialAction":[{"@type":"ReadAction","target":["https:\/\/alplux.com\/contacts\/impressum\/"]}]},{"@type":"BreadcrumbList","@id":"https:\/\/alplux.com\/contacts\/impressum\/#breadcrumb","itemListElement":[{"@type":"ListItem","position":1,"name":"\u0413\u043b\u0430\u0432\u043d\u0430\u044f \u0441\u0442\u0440\u0430\u043d\u0438\u0446\u0430","item":"https:\/\/alplux.com\/ru\/"},{"@type":"ListItem","position":2,"name":"\u041a\u043e\u043d\u0442\u0430\u043a\u0442\u044b","item":"https:\/\/alplux.com\/contacts\/"},{"@type":"ListItem","position":3,"name":"Impressum"}]},{"@type":"WebSite","@id":"https:\/\/alplux.com\/ru\/#website","url":"https:\/\/alplux.com\/ru\/","name":"ALPLUX - Instructors, Hotels, Transfers","description":"ALPLUX - Instructors, Hotels, Transfers","potentialAction":[{"@type":"SearchAction","target":{"@type":"EntryPoint","urlTemplate":"https:\/\/alplux.com\/ru\/?s={search_term_string}"},"query-input":"required name=search_term_string"}],"inLanguage":"en-US"}]}},"_links":{"self":[{"href":"https:\/\/alplux.com\/en\/wp-json\/wp\/v2\/pages\/750"}],"collection":[{"href":"https:\/\/alplux.com\/en\/wp-json\/wp\/v2\/pages"}],"about":[{"href":"https:\/\/alplux.com\/en\/wp-json\/wp\/v2\/types\/page"}],"author":[{"embeddable":true,"href":"https:\/\/alplux.com\/en\/wp-json\/wp\/v2\/users\/4"}],"replies":[{"embeddable":true,"href":"https:\/\/alplux.com\/en\/wp-json\/wp\/v2\/comments?post=750"}],"version-history":[{"count":51,"href":"https:\/\/alplux.com\/en\/wp-json\/wp\/v2\/pages\/750\/revisions"}],"predecessor-version":[{"id":9788,"href":"https:\/\/alplux.com\/en\/wp-json\/wp\/v2\/pages\/750\/revisions\/9788"}],"up":[{"embeddable":true,"href":"https:\/\/alplux.com\/en\/wp-json\/wp\/v2\/pages\/2"}],"wp:attachment":[{"href":"https:\/\/alplux.com\/en\/wp-json\/wp\/v2\/media?parent=750"}],"curies":[{"name":"wp","href":"https:\/\/api.w.org\/{rel}","templated":true}]}}