{"id":9,"date":"2015-09-01T18:56:59","date_gmt":"2015-09-01T15:56:59","guid":{"rendered":"http:\/\/alplux.com\/?page_id=9"},"modified":"2026-03-10T14:24:29","modified_gmt":"2026-03-10T11:24:29","slug":"transfer","status":"publish","type":"page","link":"https:\/\/alplux.com\/de\/transfer\/","title":{"rendered":"TRANSFER"},"content":{"rendered":"<p><\/p>\n<h1>Bequemer Transfer und Ski-Safari in den \u00f6sterreichischen Alpen<\/h1>\n<h2><a href=\"https:\/\/www.alpsafari.com\/en\/transfer\" target=\"_blank\" rel=\"noopener\">Buchen Sie einen individuellen Transfer von den Flugh\u00e4fen M\u00fcnchen, Z\u00fcrich, Memmingen und Innsbruck zu den Skigebieten in \u00d6sterreich: S\u00f6lden, Ischgl, Serfaus-Fiss-Ladis, St. Anton, Lech und viele weitere!<\/a><\/h2>\n<p style=\"text-align: justify;\">Sergejs hat sein eigenes Transferunternehmen gegr\u00fcndet und wir freuen uns, f\u00fcr Sie einen Transfer, eine Tour oder ein Ski-Safari zu organisieren. Unser erfahrener Fahrer bringt Sie nicht nur sicher zum Skiort, sondern erz\u00e4hlt Ihnen unterwegs viele interessante und n\u00fctzliche Informationen.<\/p>\n<h3>Warum w\u00e4hlen uns unsere Kunden?<\/h3>\n<ul>\n<li style=\"text-align: justify;\">Sicherheit \u2013 unsere h\u00f6chste Priorit\u00e4t<\/li>\n<li style=\"text-align: justify;\">Einheimischer Fahrer, der in den Bergen lebt<\/li>\n<li style=\"text-align: justify;\">Fahrer spricht vier Sprachen<\/li>\n<li style=\"text-align: justify;\">Komfortable, neue Fahrzeuge<\/li>\n<li style=\"text-align: justify;\">Beratung zu Aktivit\u00e4ten von einem Skilehrer<\/li>\n<li style=\"text-align: justify;\">WLAN im Auto<\/li>\n<\/ul>\n<p><img loading=\"lazy\" class=\"aligncenter wp-image-8557 size-large\" src=\"https:\/\/alplux.com\/wp-content\/uploads\/2023\/12\/AlpSafari_transfers_Soelden_2-1024x768.jpg\" alt=\"\" width=\"625\" height=\"469\" srcset=\"https:\/\/alplux.com\/wp-content\/uploads\/2023\/12\/AlpSafari_transfers_Soelden_2-1024x768.jpg 1024w, https:\/\/alplux.com\/wp-content\/uploads\/2023\/12\/AlpSafari_transfers_Soelden_2-300x225.jpg 300w, https:\/\/alplux.com\/wp-content\/uploads\/2023\/12\/AlpSafari_transfers_Soelden_2-194x146.jpg 194w, https:\/\/alplux.com\/wp-content\/uploads\/2023\/12\/AlpSafari_transfers_Soelden_2-768x576.jpg 768w, https:\/\/alplux.com\/wp-content\/uploads\/2023\/12\/AlpSafari_transfers_Soelden_2-1536x1152.jpg 1536w, https:\/\/alplux.com\/wp-content\/uploads\/2023\/12\/AlpSafari_transfers_Soelden_2-624x468.jpg 624w, https:\/\/alplux.com\/wp-content\/uploads\/2023\/12\/AlpSafari_transfers_Soelden_2.jpg 1574w\" sizes=\"(max-width: 625px) 100vw, 625px\" \/><\/p>\n<p style=\"text-align: justify;\">Neben unseren eigenen Transfers arbeitet unser Reiseb\u00fcro mit zuverl\u00e4ssigen Partnern zusammen, sodass wir Ihnen folgendes anbieten k\u00f6nnen:<\/p>\n<ul>\n<li style=\"text-align: justify;\">Einen kosteng\u00fcnstigen Transfer in einem komfortablen Minivan<\/li>\n<li style=\"text-align: justify;\">Exklusiver Transfer in einem Luxusfahrzeug<\/li>\n<li style=\"text-align: justify;\">Lufttransfer mit dem Helikopter<\/li>\n<\/ul>\n<h3>Transferpreise von den Flugh\u00e4fen M\u00fcnchen, Z\u00fcrich und Innsbruck<\/h3>\n<p>(<a href=\"https:\/\/www.alpsafari.com\/en\/get-transfer\" target=\"_blank\" rel=\"noopener\">Preise f\u00fcr weitere Transfers auf Anfrage erh\u00e4ltlich.<\/a>)<\/p>\n<table width=\"100%\" cellspacing=\"0\">\n<tbody>\n<tr>\n<td style=\"text-align: left; background-color: #f9f9f9; font-weight: bold;\" colspan=\"5\">Preise f\u00fcr Transfers vom oder zum Flughafen M\u00fcnchen<\/td>\n<\/tr>\n<tr>\n<td style=\"text-align: center; width: 20%;\"><\/td>\n<td style=\"text-align: center; width: 20%;\">1-3 Per.<\/td>\n<td style=\"text-align: center; width: 20%;\">4 Per.<\/td>\n<td style=\"text-align: center; width: 20%;\">5 Per.<\/td>\n<td style=\"text-align: center; width: 20%;\">6 Per.<\/td>\n<\/tr>\n<tr>\n<td style=\"text-align: left;\">Oetz<\/td>\n<td style=\"text-align: center;\">\u20ac 460<\/td>\n<td style=\"text-align: center;\">\u20ac 500<\/td>\n<td style=\"text-align: center;\">\u20ac 540<\/td>\n<td style=\"text-align: center;\">\u20ac 580<\/td>\n<\/tr>\n<tr>\n<td style=\"text-align: left;\">Soelden\/<br \/>\nSt.Anton\/<br \/>\nSerfaus\/<br \/>\nMayrhofen<\/td>\n<td style=\"text-align: center;\">\u20ac 540<\/td>\n<td style=\"text-align: center;\">\u20ac 600<\/td>\n<td style=\"text-align: center;\">\u20ac 620<\/td>\n<td style=\"text-align: center;\">\u20ac 660<\/td>\n<\/tr>\n<tr>\n<td style=\"text-align: left;\">Obergurgl<\/td>\n<td style=\"text-align: center;\">\u20ac 560<\/td>\n<td style=\"text-align: center;\">\u20ac 620<\/td>\n<td style=\"text-align: center;\">\u20ac 640<\/td>\n<td style=\"text-align: center;\">\u20ac 680<\/td>\n<\/tr>\n<tr>\n<td style=\"text-align: left;\">Ischgl<\/td>\n<td style=\"text-align: center;\">\u20ac 550<\/td>\n<td style=\"text-align: center;\">\u20ac 610<\/td>\n<td style=\"text-align: center;\">\u20ac 630<\/td>\n<td style=\"text-align: center;\">\u20ac 670<\/td>\n<\/tr>\n<\/tbody>\n<\/table>\n<table width=\"100%\" cellspacing=\"0\">\n<tbody>\n<tr>\n<td style=\"text-align: left; background-color: #f9f9f9; font-weight: bold;\" colspan=\"5\">Preise f\u00fcr Transfers vom oder zum Flughafen Z\u00fcrich<\/td>\n<\/tr>\n<tr>\n<td style=\"text-align: center; width: 20%;\"><\/td>\n<td style=\"text-align: center; width: 20%;\">1-3 Per.<\/td>\n<td style=\"text-align: center; width: 20%;\">4 Per.<\/td>\n<td style=\"text-align: center; width: 20%;\">5 Per.<\/td>\n<td style=\"text-align: center; width: 20%;\">6 Per.<\/td>\n<\/tr>\n<tr>\n<td style=\"text-align: left;\">Oetz<\/td>\n<td style=\"text-align: center;\">\u20ac 550<\/td>\n<td style=\"text-align: center;\">\u20ac 590<\/td>\n<td style=\"text-align: center;\">\u20ac 630<\/td>\n<td style=\"text-align: center;\">\u20ac 670<\/td>\n<\/tr>\n<tr>\n<td style=\"text-align: left;\">Soelden<\/td>\n<td style=\"text-align: center;\">\u20ac 630<\/td>\n<td style=\"text-align: center;\">\u20ac 670<\/td>\n<td style=\"text-align: center;\">\u20ac 710<\/td>\n<td style=\"text-align: center;\">\u20ac 750<\/td>\n<\/tr>\n<tr>\n<td style=\"text-align: left;\">Obergurgl\/<br \/>\nMayrhofen<\/td>\n<td style=\"text-align: center;\">\u20ac 650<\/td>\n<td style=\"text-align: center;\">\u20ac 690<\/td>\n<td style=\"text-align: center;\">\u20ac 730<\/td>\n<td style=\"text-align: center;\">\u20ac 770<\/td>\n<\/tr>\n<tr>\n<td style=\"text-align: left;\">Ischgl\/<br \/>\nSerfaus<\/td>\n<td style=\"text-align: center;\">\u20ac 610<\/td>\n<td style=\"text-align: center;\">\u20ac 650<\/td>\n<td style=\"text-align: center;\">\u20ac 690<\/td>\n<td style=\"text-align: center;\">\u20ac 730<\/td>\n<\/tr>\n<tr>\n<td style=\"text-align: left;\">St.Anton<\/td>\n<td style=\"text-align: center;\">\u20ac 600<\/td>\n<td style=\"text-align: center;\">\u20ac 640<\/td>\n<td style=\"text-align: center;\">\u20ac 680<\/td>\n<td style=\"text-align: center;\">\u20ac 720<\/td>\n<\/tr>\n<\/tbody>\n<\/table>\n<table width=\"100%\" cellspacing=\"0\">\n<tbody>\n<tr>\n<td style=\"text-align: left; background-color: #f9f9f9; font-weight: bold;\" colspan=\"5\">Preise f\u00fcr Transfers vom oder zum Flughafen Innsbruck<\/td>\n<\/tr>\n<tr>\n<td style=\"text-align: center; width: 20%;\"><\/td>\n<td style=\"text-align: center; width: 20%;\">1-3 Per.<\/td>\n<td style=\"text-align: center; width: 20%;\">4 Per.<\/td>\n<td style=\"text-align: center; width: 20%;\">5 Per.<\/td>\n<td style=\"text-align: center; width: 20%;\">6 Per.<\/td>\n<\/tr>\n<tr>\n<td style=\"text-align: left;\">Oetz<\/td>\n<td style=\"text-align: center;\">\u20ac 200<\/td>\n<td style=\"text-align: center;\">\u20ac 200<\/td>\n<td style=\"text-align: center;\">\u20ac 240<\/td>\n<td style=\"text-align: center;\">\u20ac 280<\/td>\n<\/tr>\n<tr>\n<td style=\"text-align: left;\">Soelden<\/td>\n<td style=\"text-align: center;\">\u20ac 220<\/td>\n<td style=\"text-align: center;\">\u20ac 220<\/td>\n<td style=\"text-align: center;\">\u20ac 260<\/td>\n<td style=\"text-align: center;\">\u20ac 300<\/td>\n<\/tr>\n<tr>\n<td style=\"text-align: left;\">Obergurgl\/<br \/>\nMayrofen<\/td>\n<td style=\"text-align: center;\">\u20ac 240<\/td>\n<td style=\"text-align: center;\">\u20ac 240<\/td>\n<td style=\"text-align: center;\">\u20ac 280<\/td>\n<td style=\"text-align: center;\">\u20ac 320<\/td>\n<\/tr>\n<tr>\n<td style=\"text-align: left;\">Ischgl\/<br \/>\nSerfaus\/<br \/>\nSt.Anton<\/td>\n<td style=\"text-align: center;\">\u20ac 250<\/td>\n<td style=\"text-align: center;\">\u20ac 250<\/td>\n<td style=\"text-align: center;\">\u20ac 290<\/td>\n<td style=\"text-align: center;\">\u20ac 330<\/td>\n<\/tr>\n<\/tbody>\n<\/table>\n<h3>Preise f\u00fcr Touren ab den Resorts S\u00f6lden, Ischgl, Serfaus und \u00d6tz<\/h3>\n<p>(Preise f\u00fcr weitere Touren auf Anfrage erh\u00e4ltlich.)<\/p>\n<table width=\"100%\" cellspacing=\"0\">\n<tbody>\n<tr>\n<td style=\"text-align: left; background-color: #f9f9f9; font-weight: bold;\" colspan=\"5\">Der Tourpreis f\u00fcr 1\u20136 Personen beinhaltet die Fahrt und eine Wartezeit von bis zu 3 Stunden.<\/td>\n<\/tr>\n<tr>\n<td style=\"text-align: center; width: 20%;\"><\/td>\n<td style=\"text-align: center; width: 20%;\">vom Oetz<\/td>\n<td style=\"text-align: center; width: 20%;\">vom S\u00f6lden<\/td>\n<td style=\"text-align: center; width: 20%;\">vom Ischgl<\/td>\n<td style=\"text-align: center; width: 20%;\">vom Serfaus<\/td>\n<\/tr>\n<tr>\n<td style=\"text-align: left;\">Schloss Neuschwanstein<\/td>\n<td style=\"text-align: center;\">\u20ac 340<\/td>\n<td style=\"text-align: center;\">\u20ac 410<\/td>\n<td style=\"text-align: center;\">\u20ac 440<\/td>\n<td style=\"text-align: center;\">\u20ac 430<\/td>\n<\/tr>\n<tr>\n<td style=\"text-align: left;\">Swarovski Kristallwelten Museum<\/td>\n<td style=\"text-align: center;\">\u20ac 310<\/td>\n<td style=\"text-align: center;\">\u20ac 380<\/td>\n<td style=\"text-align: center;\">\u20ac 420<\/td>\n<td style=\"text-align: center;\">\u20ac 410<\/td>\n<\/tr>\n<\/tbody>\n<\/table>\n<p><em>Aufpreis f\u00fcr Wartezeit: 45 \u20ac pro Stunde.<\/em><br \/>\nPreise k\u00f6nnen bei sp\u00e4ter Buchung variieren.<\/p>","protected":false},"excerpt":{"rendered":"<p>Bequemer Transfer und Ski-Safari in den \u00f6sterreichischen Alpen Buchen Sie einen individuellen Transfer von den Flugh\u00e4fen M\u00fcnchen, Z\u00fcrich, Memmingen und Innsbruck zu den Skigebieten in \u00d6sterreich: S\u00f6lden, Ischgl, Serfaus-Fiss-Ladis, St. Anton, Lech und viele weitere! Sergejs hat sein eigenes Transferunternehmen gegr\u00fcndet und wir freuen uns, f\u00fcr Sie einen Transfer, eine Tour oder ein Ski-Safari zu [&hellip;]<\/p>\n","protected":false},"author":1,"featured_media":8557,"parent":0,"menu_order":0,"comment_status":"closed","ping_status":"closed","template":"","meta":[],"acf":[],"yoast_head":"<!-- This site is optimized with the Yoast SEO plugin v19.10 - https:\/\/yoast.com\/wordpress\/plugins\/seo\/ -->\n<title>Transfer ALP LUX<\/title>\n<meta name=\"description\" content=\"Transfer ALP LUX\" \/>\n<meta name=\"robots\" content=\"index, follow, max-snippet:-1, max-image-preview:large, max-video-preview:-1\" \/>\n<link rel=\"canonical\" href=\"https:\/\/alplux.com\/transfer\/\" \/>\n<meta property=\"og:locale\" content=\"de_DE\" \/>\n<meta property=\"og:type\" content=\"article\" \/>\n<meta property=\"og:title\" content=\"Transfer ALP LUX\" \/>\n<meta property=\"og:description\" content=\"Transfer ALP LUX\" \/>\n<meta property=\"og:url\" content=\"https:\/\/alplux.com\/transfer\/\" \/>\n<meta property=\"og:site_name\" content=\"ALPLUX\" \/>\n<meta property=\"article:modified_time\" content=\"2026-03-10T11:24:29+00:00\" \/>\n<meta property=\"og:image\" content=\"https:\/\/alplux.com\/wp-content\/uploads\/2023\/12\/AlpSafari_transfers_Soelden_2.jpg\" \/>\n\t<meta property=\"og:image:width\" content=\"1574\" \/>\n\t<meta property=\"og:image:height\" content=\"1181\" \/>\n\t<meta property=\"og:image:type\" content=\"image\/jpeg\" \/>\n<meta name=\"twitter:card\" content=\"summary_large_image\" \/>\n<meta name=\"twitter:label1\" content=\"Gesch\u00e4tzte Lesezeit\" \/>\n\t<meta name=\"twitter:data1\" content=\"3\u00a0Minuten\" \/>\n<script type=\"application\/ld+json\" class=\"yoast-schema-graph\">{\"@context\":\"https:\/\/schema.org\",\"@graph\":[{\"@type\":\"WebPage\",\"@id\":\"https:\/\/alplux.com\/transfer\/\",\"url\":\"https:\/\/alplux.com\/transfer\/\",\"name\":\"[:ru]\u0423\u0434\u043e\u0431\u043d\u044b\u0439 \u0442\u0440\u0430\u043d\u0441\u0444\u0435\u0440 \u0438 \u0441\u043a\u0438 \u0441\u0430\u0444\u0430\u0440\u0438 \u0432 \u0430\u0432\u0441\u0442\u0440\u0438\u0439\u0441\u043a\u0438\u0445 \u0410\u043b\u044c\u043f\u0430\u0445 [:de]Transfer ALP LUX[:en]Transfer ALP LUX[:]\",\"isPartOf\":{\"@id\":\"https:\/\/alplux.com\/ru\/#website\"},\"datePublished\":\"2015-09-01T15:56:59+00:00\",\"dateModified\":\"2026-03-10T11:24:29+00:00\",\"description\":\"{:ru}\u0417\u0430\u043a\u0430\u0437\u044b\u0432\u0430\u0439\u0442\u0435 \u0438\u043d\u0434\u0438\u0432\u0438\u0434\u0443\u0430\u043b\u044c\u043d\u044b\u0439 \u0442\u0440\u0430\u043d\u0441\u0444\u0435\u0440 \u0438\u0437 \u0430\u044d\u0440\u043e\u043f\u043e\u0440\u0442\u043e\u0432 \u041c\u044e\u043d\u0445\u0435\u043d, \u0426\u044e\u0440\u0438\u0445, \u041c\u0435\u043c\u043c\u0438\u043d\u0433\u0435\u043d, \u0418\u043d\u0441\u0431\u0440\u0443\u043a \u043d\u0430 \u0433\u043e\u0440\u043d\u043e\u043b\u044b\u0436\u043d\u044b\u0435 \u043a\u0443\u0440\u043e\u0440\u0442\u044b \u0410\u0432\u0441\u0442\u0440\u0438\u0438: \u0417\u0451\u043b\u044c\u0434\u0435\u043d, \u0418\u0448\u0433\u043b\u044c, \u0421\u0435\u0440\u0444\u0430\u0443\u0441-\u0424\u0438\u0441\u0441-\u041b\u0430\u0434\u0438\u0441, \u0421\u0442.\u0410\u043d\u0442\u043e\u043d, \u041b\u0435\u0445 \u0438 \u043c\u043d\u043e\u0433\u0438\u0435 \u0434\u0440\u0443\u0433\u0438\u0435!{:de}Transfer ALP LUX{:en}Transfer ALP LUX{:}\",\"breadcrumb\":{\"@id\":\"https:\/\/alplux.com\/transfer\/#breadcrumb\"},\"inLanguage\":\"de\",\"potentialAction\":[{\"@type\":\"ReadAction\",\"target\":[\"https:\/\/alplux.com\/transfer\/\"]}]},{\"@type\":\"BreadcrumbList\",\"@id\":\"https:\/\/alplux.com\/transfer\/#breadcrumb\",\"itemListElement\":[{\"@type\":\"ListItem\",\"position\":1,\"name\":\"\u0413\u043b\u0430\u0432\u043d\u0430\u044f \u0441\u0442\u0440\u0430\u043d\u0438\u0446\u0430\",\"item\":\"https:\/\/alplux.com\/ru\/\"},{\"@type\":\"ListItem\",\"position\":2,\"name\":\"\u0422\u0440\u0430\u043d\u0441\u0444\u0435\u0440\u044b\"}]},{\"@type\":\"WebSite\",\"@id\":\"https:\/\/alplux.com\/ru\/#website\",\"url\":\"https:\/\/alplux.com\/ru\/\",\"name\":\"ALPLUX\",\"description\":\"Urlaub in \u00f6sterreichische Alpen\",\"potentialAction\":[{\"@type\":\"SearchAction\",\"target\":{\"@type\":\"EntryPoint\",\"urlTemplate\":\"https:\/\/alplux.com\/ru\/?s={search_term_string}\"},\"query-input\":\"required name=search_term_string\"}],\"inLanguage\":\"de\"}]}<\/script>\n<!-- \/ Yoast SEO plugin. -->","yoast_head_json":{"title":"Transfer ALP LUX","description":"Transfer ALP LUX","robots":{"index":"index","follow":"follow","max-snippet":"max-snippet:-1","max-image-preview":"max-image-preview:large","max-video-preview":"max-video-preview:-1"},"canonical":"https:\/\/alplux.com\/transfer\/","og_locale":"de_DE","og_type":"article","og_title":"Transfer ALP LUX","og_description":"Transfer ALP LUX","og_url":"https:\/\/alplux.com\/transfer\/","og_site_name":"ALPLUX","article_modified_time":"2026-03-10T11:24:29+00:00","og_image":[{"width":1574,"height":1181,"url":"https:\/\/alplux.com\/wp-content\/uploads\/2023\/12\/AlpSafari_transfers_Soelden_2.jpg","type":"image\/jpeg"}],"twitter_card":"summary_large_image","twitter_misc":{"Gesch\u00e4tzte Lesezeit":"3\u00a0Minuten"},"schema":{"@context":"https:\/\/schema.org","@graph":[{"@type":"WebPage","@id":"https:\/\/alplux.com\/transfer\/","url":"https:\/\/alplux.com\/transfer\/","name":"[:ru]\u0423\u0434\u043e\u0431\u043d\u044b\u0439 \u0442\u0440\u0430\u043d\u0441\u0444\u0435\u0440 \u0438 \u0441\u043a\u0438 \u0441\u0430\u0444\u0430\u0440\u0438 \u0432 \u0430\u0432\u0441\u0442\u0440\u0438\u0439\u0441\u043a\u0438\u0445 \u0410\u043b\u044c\u043f\u0430\u0445 [:de]Transfer ALP LUX[:en]Transfer ALP LUX[:]","isPartOf":{"@id":"https:\/\/alplux.com\/ru\/#website"},"datePublished":"2015-09-01T15:56:59+00:00","dateModified":"2026-03-10T11:24:29+00:00","description":"{:ru}\u0417\u0430\u043a\u0430\u0437\u044b\u0432\u0430\u0439\u0442\u0435 \u0438\u043d\u0434\u0438\u0432\u0438\u0434\u0443\u0430\u043b\u044c\u043d\u044b\u0439 \u0442\u0440\u0430\u043d\u0441\u0444\u0435\u0440 \u0438\u0437 \u0430\u044d\u0440\u043e\u043f\u043e\u0440\u0442\u043e\u0432 \u041c\u044e\u043d\u0445\u0435\u043d, \u0426\u044e\u0440\u0438\u0445, \u041c\u0435\u043c\u043c\u0438\u043d\u0433\u0435\u043d, \u0418\u043d\u0441\u0431\u0440\u0443\u043a \u043d\u0430 \u0433\u043e\u0440\u043d\u043e\u043b\u044b\u0436\u043d\u044b\u0435 \u043a\u0443\u0440\u043e\u0440\u0442\u044b \u0410\u0432\u0441\u0442\u0440\u0438\u0438: \u0417\u0451\u043b\u044c\u0434\u0435\u043d, \u0418\u0448\u0433\u043b\u044c, \u0421\u0435\u0440\u0444\u0430\u0443\u0441-\u0424\u0438\u0441\u0441-\u041b\u0430\u0434\u0438\u0441, \u0421\u0442.\u0410\u043d\u0442\u043e\u043d, \u041b\u0435\u0445 \u0438 \u043c\u043d\u043e\u0433\u0438\u0435 \u0434\u0440\u0443\u0433\u0438\u0435!{:de}Transfer ALP LUX{:en}Transfer ALP LUX{:}","breadcrumb":{"@id":"https:\/\/alplux.com\/transfer\/#breadcrumb"},"inLanguage":"de","potentialAction":[{"@type":"ReadAction","target":["https:\/\/alplux.com\/transfer\/"]}]},{"@type":"BreadcrumbList","@id":"https:\/\/alplux.com\/transfer\/#breadcrumb","itemListElement":[{"@type":"ListItem","position":1,"name":"\u0413\u043b\u0430\u0432\u043d\u0430\u044f \u0441\u0442\u0440\u0430\u043d\u0438\u0446\u0430","item":"https:\/\/alplux.com\/ru\/"},{"@type":"ListItem","position":2,"name":"\u0422\u0440\u0430\u043d\u0441\u0444\u0435\u0440\u044b"}]},{"@type":"WebSite","@id":"https:\/\/alplux.com\/ru\/#website","url":"https:\/\/alplux.com\/ru\/","name":"ALPLUX","description":"Urlaub in \u00f6sterreichische Alpen","potentialAction":[{"@type":"SearchAction","target":{"@type":"EntryPoint","urlTemplate":"https:\/\/alplux.com\/ru\/?s={search_term_string}"},"query-input":"required name=search_term_string"}],"inLanguage":"de"}]}},"_links":{"self":[{"href":"https:\/\/alplux.com\/de\/wp-json\/wp\/v2\/pages\/9"}],"collection":[{"href":"https:\/\/alplux.com\/de\/wp-json\/wp\/v2\/pages"}],"about":[{"href":"https:\/\/alplux.com\/de\/wp-json\/wp\/v2\/types\/page"}],"author":[{"embeddable":true,"href":"https:\/\/alplux.com\/de\/wp-json\/wp\/v2\/users\/1"}],"replies":[{"embeddable":true,"href":"https:\/\/alplux.com\/de\/wp-json\/wp\/v2\/comments?post=9"}],"version-history":[{"count":104,"href":"https:\/\/alplux.com\/de\/wp-json\/wp\/v2\/pages\/9\/revisions"}],"predecessor-version":[{"id":9792,"href":"https:\/\/alplux.com\/de\/wp-json\/wp\/v2\/pages\/9\/revisions\/9792"}],"wp:featuredmedia":[{"embeddable":true,"href":"https:\/\/alplux.com\/de\/wp-json\/wp\/v2\/media\/8557"}],"wp:attachment":[{"href":"https:\/\/alplux.com\/de\/wp-json\/wp\/v2\/media?parent=9"}],"curies":[{"name":"wp","href":"https:\/\/api.w.org\/{rel}","templated":true}]}}