{"id":750,"date":"2016-06-21T14:14:42","date_gmt":"2016-06-21T11:14:42","guid":{"rendered":"http:\/\/alplux.com\/?page_id=750"},"modified":"2026-03-02T14:05:42","modified_gmt":"2026-03-02T11:05:42","slug":"impressum","status":"publish","type":"page","link":"https:\/\/alplux.com\/de\/contacts\/impressum\/","title":{"rendered":"Impressum"},"content":{"rendered":"<p><\/p>\n<h1>Impressum<\/h1>\n<table width=\"100%\">\n<tbody style=\"text-align: justify;\">\n<tr>\n<td style=\"width: 30%;\">Gewerbewortlaut:<br \/>\nAufsichtsbeh\u00f6rde:<br \/>\nMitglied bei:<br \/>\nGISA-Zahl:<br \/>\nGLN:<br \/>\n<a href=\"https:\/\/store.iata.org\/ieccacfree\" target=\"_blank\" rel=\"noopener\">IATA-Nummer<\/a>:<\/td>\n<td>Reiseb\u00fcros<br \/>\nBezirkshauptmannschaft Imst<br \/>\n<a href=\"https:\/\/firmen.wko.at\/alplux-eu-alplux\/tirol\/?firmaid=0528ef00-70ea-48f6-a4cf-6b52cde13c9c\" target=\"_blank\" rel=\"noopener noreferrer\">Wirtschaftskammer Tirol<\/a><br \/>\n28732419<br \/>\n9110022695724<br \/>\n06200865<\/td>\n<\/tr>\n<tr>\n<td>UID-Nummer:<br \/>\nFirmenbuch-Nr.:<br \/>\nInhaberin:<br \/>\nBezeichnung:<\/td>\n<td>ATU70112647<br \/>\n629487t<br \/>\nIrina Parr, Mg.sc.comp.<br \/>\nALPLUX e.U.<\/td>\n<\/tr>\n<tr>\n<td>Telefon:<br \/>\nAdresse:<br \/>\nE-Mail:<br \/>\nWebsite:<\/td>\n<td>+43-680-142-9999<br \/>\n6433 Oetz, Habichen 40a<br \/>\ninfo@alplux.com<br \/>\nwww.alplux.com<\/td>\n<\/tr>\n<tr>\n<td>Bankverbindung:<\/td>\n<td>Bank: Sparkasse Imst AG<br \/>\nBIC: SPIMAT21XXX<br \/>\nIBAN: AT592050200000865006<\/td>\n<\/tr>\n<tr>\n<td>Rechtsvorschriften:<\/td>\n<td><a href=\"https:\/\/www.ris.bka.gv.at\/GeltendeFassung.wxe?Abfrage=Bundesnormen&amp;Gesetzesnummer=10007517\" target=\"_blank\" rel=\"noopener noreferrer\">&#8211; Gesamte Rechtsvorschrift f\u00fcr Gewerbeordnung 1994<\/a><br \/>\n<a href=\"https:\/\/www.ris.bka.gv.at\/GeltendeFassung.wxe?Abfrage=Bundesnormen&amp;Gesetzesnummer=10008014&amp;FassungVom=2018-09-28\" target=\"_blank\" rel=\"noopener noreferrer\">&#8211; Gesamte Rechtsvorschrift f\u00fcr Aus\u00fcbungsvorschriften f\u00fcr das Reiseb\u00fcrogewerbe<\/a><br \/>\n<a href=\"https:\/\/www.wkv.at\/sektionen\/tf\/pdf\/ARB92.pdf\" target=\"_blank\" rel=\"noopener noreferrer\"> &#8211; Allgemeine Reisebedingungen<\/a><\/td>\n<\/tr>\n<\/tbody>\n<\/table>\n<p style=\"text-align: justify; font-size: 12px;\"><strong>Datenschutz<\/strong><br \/>\nSofern die M\u00f6glichkeit zur Eingabe pers\u00f6nlicher oder gesch\u00e4ftlicher Daten (Emailadressen, Namen, Anschriften) innerhalb des Internetangebotes besteht, so erfolgt die Preisgabe dieser Daten vom Nutzer ausdr\u00fccklich freiwillig. Die Inanspruchnahme und das Bezahlen von allen angebotenen Diensten ist auch ohne Angabe solcher Daten oder unter Angabe von anonymisierten Daten oder eines Pseudonyms gestattet, soweit es technisch m\u00f6glich und zumutbar ist. Die Nutzung der Kontaktdaten, die im Rahmen des Impressums oder vergleichbarer Angaben ver\u00f6ffentlicht sind, wie Postanschriften, Telefon- und Faxnummern sowie Emailadressen durch Dritte zur \u00dcbersendung von nicht ausdr\u00fccklich angeforderten Informationen ist nicht gestattet. Es sind rechtliche Schritte gegen die Versender der sogenannten Spam-Mails bei Verst\u00f6ssen gegen dieses Verbot ausdr\u00fccklich vorbehalten.<\/p>\n<p style=\"text-align: justify; font-size: 12px;\"><strong>Haftungshinweise<\/strong><br \/>\nDiese Website enth\u00e4lt Links zu anderen Internetseiten und \u00fcbernimmt keine Haftung f\u00fcr die Inhalte externer Links. Daf\u00fcr sind ausschlie\u00dflich deren Betreiber verantwortlich. Alle Daten innerhalb dem Website sind urheberrechtlich gesch\u00fctzt und d\u00fcrfen nicht ohne Zustimmung der Inhaberin verwendet werden.<\/p>\n<p style=\"text-align: justify; font-size: 12px;\"><strong>Google Analytics und Cookies<\/strong><br \/>\nDiese Website benutzt Google Analytics, einen Webanalysedienst der Google Inc. (\u201eGoogle&#8220;). Google Analytics verwendet sog. \u201eCookies&#8220;, Textdateien, die auf Ihrem Computer gespeichert werden und die eine Analyse der Benutzung der Website durch Sie erm\u00f6glichen. Die durch den Cookie erzeugten Informationen \u00fcber Ihre Benutzung dieser Website (einschlie\u00dflich Ihrer IP-Adresse) wird an einen Server von Google in den USA \u00fcbertragen und dort gespeichert. Google wird diese Informationen benutzen, um Ihre Nutzung der Website auszuwerten, um Reports \u00fcber die Websiteaktivit\u00e4ten f\u00fcr die Websitebetreiber zusammenzustellen und um weitere mit der Websitenutzung und der Internetnutzung verbundene Dienstleistungen zu erbringen. Auch wird Google diese Informationen gegebenenfalls an Dritte \u00fcbertragen, sofern dies gesetzlich vorgeschrieben oder soweit Dritte diese Daten im Auftrag von Google verarbeiten. Google wird in keinem Fall Ihre IP-Adresse mit anderen Daten von Google in Verbindung bringen. Sie k\u00f6nnen die Installation der Cookies durch eine entsprechende Einstellung Ihrer Browser Software verhindern; wir weisen Sie jedoch darauf hin, dass Sie in diesem Fall gegebenenfalls nicht s\u00e4mtliche Funktionen dieser Website vollumf\u00e4nglich nutzen k\u00f6nnen.<br \/>\nDurch die Nutzung dieser Website erkl\u00e4ren Sie sich mit der Bearbeitung der \u00fcber Sie erhobenen Daten durch Google in der zuvor beschriebenen Art und Weise und zu dem zuvor benannten Zweck einverstanden.<\/p>\n<p><\/p>","protected":false},"excerpt":{"rendered":"<p>Impressum Gewerbewortlaut: Aufsichtsbeh\u00f6rde: Mitglied bei: GISA-Zahl: GLN: IATA-Nummer: Reiseb\u00fcros Bezirkshauptmannschaft Imst Wirtschaftskammer Tirol 28732419 9110022695724 06200865 UID-Nummer: Firmenbuch-Nr.: Inhaberin: Bezeichnung: ATU70112647 629487t Irina Parr, Mg.sc.comp. ALPLUX e.U. Telefon: Adresse: E-Mail: Website: +43-680-142-9999 6433 Oetz, Habichen 40a info@alplux.com www.alplux.com Bankverbindung: Bank: Sparkasse Imst AG BIC: SPIMAT21XXX IBAN: AT592050200000865006 Rechtsvorschriften: &#8211; Gesamte Rechtsvorschrift f\u00fcr Gewerbeordnung 1994 &#8211; [&hellip;]<\/p>\n","protected":false},"author":4,"featured_media":0,"parent":2,"menu_order":0,"comment_status":"closed","ping_status":"closed","template":"","meta":[],"acf":[],"yoast_head":"<!-- This site is optimized with the Yoast SEO plugin v19.10 - https:\/\/yoast.com\/wordpress\/plugins\/seo\/ -->\n<title>Impressum - ALPLUX<\/title>\n<meta name=\"description\" content=\"Impressum\" \/>\n<meta name=\"robots\" content=\"index, follow, max-snippet:-1, max-image-preview:large, max-video-preview:-1\" \/>\n<link rel=\"canonical\" href=\"https:\/\/alplux.com\/contacts\/impressum\/\" \/>\n<meta property=\"og:locale\" content=\"de_DE\" \/>\n<meta property=\"og:type\" content=\"article\" \/>\n<meta property=\"og:title\" content=\"Impressum - ALPLUX\" \/>\n<meta property=\"og:description\" content=\"Impressum\" \/>\n<meta property=\"og:url\" content=\"https:\/\/alplux.com\/contacts\/impressum\/\" \/>\n<meta property=\"og:site_name\" content=\"ALPLUX\" \/>\n<meta property=\"article:modified_time\" content=\"2026-03-02T11:05:42+00:00\" \/>\n<meta name=\"twitter:card\" content=\"summary_large_image\" \/>\n<meta name=\"twitter:label1\" content=\"Gesch\u00e4tzte Lesezeit\" \/>\n\t<meta name=\"twitter:data1\" content=\"1\u00a0Minute\" \/>\n<script type=\"application\/ld+json\" class=\"yoast-schema-graph\">{\"@context\":\"https:\/\/schema.org\",\"@graph\":[{\"@type\":\"WebPage\",\"@id\":\"https:\/\/alplux.com\/contacts\/impressum\/\",\"url\":\"https:\/\/alplux.com\/contacts\/impressum\/\",\"name\":\"Impressum - ALPLUX\",\"isPartOf\":{\"@id\":\"https:\/\/alplux.com\/ru\/#website\"},\"datePublished\":\"2016-06-21T11:14:42+00:00\",\"dateModified\":\"2026-03-02T11:05:42+00:00\",\"description\":\"Impressum\",\"breadcrumb\":{\"@id\":\"https:\/\/alplux.com\/contacts\/impressum\/#breadcrumb\"},\"inLanguage\":\"de\",\"potentialAction\":[{\"@type\":\"ReadAction\",\"target\":[\"https:\/\/alplux.com\/contacts\/impressum\/\"]}]},{\"@type\":\"BreadcrumbList\",\"@id\":\"https:\/\/alplux.com\/contacts\/impressum\/#breadcrumb\",\"itemListElement\":[{\"@type\":\"ListItem\",\"position\":1,\"name\":\"\u0413\u043b\u0430\u0432\u043d\u0430\u044f \u0441\u0442\u0440\u0430\u043d\u0438\u0446\u0430\",\"item\":\"https:\/\/alplux.com\/ru\/\"},{\"@type\":\"ListItem\",\"position\":2,\"name\":\"\u041a\u043e\u043d\u0442\u0430\u043a\u0442\u044b\",\"item\":\"https:\/\/alplux.com\/contacts\/\"},{\"@type\":\"ListItem\",\"position\":3,\"name\":\"Impressum\"}]},{\"@type\":\"WebSite\",\"@id\":\"https:\/\/alplux.com\/ru\/#website\",\"url\":\"https:\/\/alplux.com\/ru\/\",\"name\":\"ALPLUX\",\"description\":\"Urlaub in \u00f6sterreichische Alpen\",\"potentialAction\":[{\"@type\":\"SearchAction\",\"target\":{\"@type\":\"EntryPoint\",\"urlTemplate\":\"https:\/\/alplux.com\/ru\/?s={search_term_string}\"},\"query-input\":\"required name=search_term_string\"}],\"inLanguage\":\"de\"}]}<\/script>\n<!-- \/ Yoast SEO plugin. -->","yoast_head_json":{"title":"Impressum - ALPLUX","description":"Impressum","robots":{"index":"index","follow":"follow","max-snippet":"max-snippet:-1","max-image-preview":"max-image-preview:large","max-video-preview":"max-video-preview:-1"},"canonical":"https:\/\/alplux.com\/contacts\/impressum\/","og_locale":"de_DE","og_type":"article","og_title":"Impressum - ALPLUX","og_description":"Impressum","og_url":"https:\/\/alplux.com\/contacts\/impressum\/","og_site_name":"ALPLUX","article_modified_time":"2026-03-02T11:05:42+00:00","twitter_card":"summary_large_image","twitter_misc":{"Gesch\u00e4tzte Lesezeit":"1\u00a0Minute"},"schema":{"@context":"https:\/\/schema.org","@graph":[{"@type":"WebPage","@id":"https:\/\/alplux.com\/contacts\/impressum\/","url":"https:\/\/alplux.com\/contacts\/impressum\/","name":"Impressum - ALPLUX","isPartOf":{"@id":"https:\/\/alplux.com\/ru\/#website"},"datePublished":"2016-06-21T11:14:42+00:00","dateModified":"2026-03-02T11:05:42+00:00","description":"Impressum","breadcrumb":{"@id":"https:\/\/alplux.com\/contacts\/impressum\/#breadcrumb"},"inLanguage":"de","potentialAction":[{"@type":"ReadAction","target":["https:\/\/alplux.com\/contacts\/impressum\/"]}]},{"@type":"BreadcrumbList","@id":"https:\/\/alplux.com\/contacts\/impressum\/#breadcrumb","itemListElement":[{"@type":"ListItem","position":1,"name":"\u0413\u043b\u0430\u0432\u043d\u0430\u044f \u0441\u0442\u0440\u0430\u043d\u0438\u0446\u0430","item":"https:\/\/alplux.com\/ru\/"},{"@type":"ListItem","position":2,"name":"\u041a\u043e\u043d\u0442\u0430\u043a\u0442\u044b","item":"https:\/\/alplux.com\/contacts\/"},{"@type":"ListItem","position":3,"name":"Impressum"}]},{"@type":"WebSite","@id":"https:\/\/alplux.com\/ru\/#website","url":"https:\/\/alplux.com\/ru\/","name":"ALPLUX","description":"Urlaub in \u00f6sterreichische Alpen","potentialAction":[{"@type":"SearchAction","target":{"@type":"EntryPoint","urlTemplate":"https:\/\/alplux.com\/ru\/?s={search_term_string}"},"query-input":"required name=search_term_string"}],"inLanguage":"de"}]}},"_links":{"self":[{"href":"https:\/\/alplux.com\/de\/wp-json\/wp\/v2\/pages\/750"}],"collection":[{"href":"https:\/\/alplux.com\/de\/wp-json\/wp\/v2\/pages"}],"about":[{"href":"https:\/\/alplux.com\/de\/wp-json\/wp\/v2\/types\/page"}],"author":[{"embeddable":true,"href":"https:\/\/alplux.com\/de\/wp-json\/wp\/v2\/users\/4"}],"replies":[{"embeddable":true,"href":"https:\/\/alplux.com\/de\/wp-json\/wp\/v2\/comments?post=750"}],"version-history":[{"count":51,"href":"https:\/\/alplux.com\/de\/wp-json\/wp\/v2\/pages\/750\/revisions"}],"predecessor-version":[{"id":9788,"href":"https:\/\/alplux.com\/de\/wp-json\/wp\/v2\/pages\/750\/revisions\/9788"}],"up":[{"embeddable":true,"href":"https:\/\/alplux.com\/de\/wp-json\/wp\/v2\/pages\/2"}],"wp:attachment":[{"href":"https:\/\/alplux.com\/de\/wp-json\/wp\/v2\/media?parent=750"}],"curies":[{"name":"wp","href":"https:\/\/api.w.org\/{rel}","templated":true}]}}