{"id":7,"date":"2015-09-01T18:56:50","date_gmt":"2015-09-01T15:56:50","guid":{"rendered":"http:\/\/alplux.com\/?page_id=7"},"modified":"2026-03-10T13:44:56","modified_gmt":"2026-03-10T10:44:56","slug":"hotels","status":"publish","type":"page","link":"https:\/\/alplux.com\/de\/hotels\/","title":{"rendered":"Hotels"},"content":{"rendered":"<p><\/p>\n<h1>Komfortable Zimmer in den besten Hotels zu attraktiven Preisen!<\/h1>\n<h3>Wir finden f\u00fcr Sie die perfekte Unterkunft im Sommer und Winter in den \u00f6sterreichischen Alpen (S\u00f6lden, Ischgl, Serfaus&#8230;).<\/h3>\n<p align=\"justify\">ALPLUX ist seit 2016 in den Alpen t\u00e4tig. Wir sind ein modernes Reiseb\u00fcro, das nicht einfach nur Pauschalreisen verkauft, sondern Ihre Unterkunft individuell nach Ihren W\u00fcnschen ausw\u00e4hlt \u2013 basierend auf unserer echten Erfahrung im Skitourismus.<\/p>\n<h3 align=\"justify\">Warum w\u00e4hlen uns unsere Kunden?<\/h3>\n<ul>\n<li><strong>Beste Hotelzimmer<\/strong><\/li>\n<li><strong>Attraktive Preise<\/strong><\/li>\n<li><strong>Bequeme Unterk\u00fcnfte<\/strong><\/li>\n<li><strong>Unterst\u00fctzung direkt am Urlaubsort<\/strong><\/li>\n<li><strong>Beratung durch ehemalige Skilehrer<\/strong><\/li>\n<li><strong>Priorit\u00e4t bei Skikursen &amp; Transfers<\/strong><\/li>\n<\/ul>\n<p><img loading=\"lazy\" class=\"aligncenter wp-image-8223 size-large\" src=\"https:\/\/alplux.com\/wp-content\/uploads\/2023\/09\/alplux_hotels_austria-1024x682.jpg\" alt=\"\u041e\u0442\u0435\u043b\u0438 \u043e\u0442 ALPLUX\" width=\"625\" height=\"416\" srcset=\"https:\/\/alplux.com\/wp-content\/uploads\/2023\/09\/alplux_hotels_austria-1024x682.jpg 1024w, https:\/\/alplux.com\/wp-content\/uploads\/2023\/09\/alplux_hotels_austria-300x200.jpg 300w, https:\/\/alplux.com\/wp-content\/uploads\/2023\/09\/alplux_hotels_austria-768x512.jpg 768w, https:\/\/alplux.com\/wp-content\/uploads\/2023\/09\/alplux_hotels_austria-1536x1023.jpg 1536w, https:\/\/alplux.com\/wp-content\/uploads\/2023\/09\/alplux_hotels_austria-2048x1364.jpg 2048w, https:\/\/alplux.com\/wp-content\/uploads\/2023\/09\/alplux_hotels_austria-624x416.jpg 624w\" sizes=\"(max-width: 625px) 100vw, 625px\" \/><\/p>\n<table width=\"100%\" cellspacing=\"0\">\n<tbody>\n<tr>\n<td style=\"text-align: left;\" colspan=\"3\"><strong>Wir bieten verschiedene Unterkunftsoptionen in den Alpen an (Beispiele f\u00fcr Preisbereiche):<\/strong><\/td>\n<\/tr>\n<tr>\n<td style=\"text-align: center; width: 30%;\">Hotel 5*<\/td>\n<td style=\"text-align: center; width: 35%;\">mit Halbpension<\/td>\n<td style=\"text-align: center; width: 35%;\">232 bis 690 \u20ac pro Person\/Nacht<\/td>\n<\/tr>\n<tr>\n<td style=\"text-align: center; width: 12%;\">Hotel 4*<\/td>\n<td style=\"text-align: center; width: 25%;\">mit Halbpension<\/td>\n<td style=\"text-align: center; width: 21%;\">120 bis 275 \u20ac pro Person\/Nacht<\/td>\n<\/tr>\n<tr>\n<td style=\"text-align: center; width: 12%;\">Hotel 3*<\/td>\n<td style=\"text-align: center; width: 25%;\">mit Fr\u00fchst\u00fcck<\/td>\n<td style=\"text-align: center; width: 21%;\">75 bis 145 \u20ac pro Person\/Nacht<\/td>\n<\/tr>\n<tr>\n<td style=\"text-align: center; width: 12%;\">Luxus-Apartments<\/td>\n<td style=\"text-align: center; width: 25%;\">ohne Verpflegung<\/td>\n<td style=\"text-align: center; width: 21%;\">70 bis 180 \u20ac pro Person\/Nacht<\/td>\n<\/tr>\n<\/tbody>\n<\/table>\n<h3>Unsere Vorteile \u2013 Wir helfen Ihnen:<\/h3>\n<p style=\"text-align: justify;\">+ Wir leben hier in den Bergen, daher haben wir den direktesten Zugang zur aktuellen Situation in den Skigebieten.<\/p>\n<p style=\"text-align: justify;\">+ Langj\u00e4hrige Partnerschaften mit Hotels &amp; Skischulen sorgen f\u00fcr die besten Konditionen f\u00fcr unsere Kunden.<\/p>\n<p style=\"text-align: justify;\">+ Unser Team besteht aus zertifizierten Skilehrern, sodass wir genau wissen, wie der Unterricht vor Ort abl\u00e4uft.<\/p>\n<p style=\"text-align: justify;\">+ Wir sind regelm\u00e4\u00dfig in den Bergen unterwegs und kennen die aktuelle Schnee- und Wettersituation.<\/p>\n<p style=\"text-align: justify;\">+ Aus Liebe zu den Alpen sind wir nach \u00d6sterreich gezogen, kennen die Region bestens und wissen, wie Ihr Urlaub perfekt wird.<\/p>\n<h3>Buchungsablauf<\/h3>\n<p style=\"text-align: justify;\"><strong>Erstkontakt per E-Mail oder Telefon<\/strong><br \/>\nBei der ersten Kommunikation per E-Mail oder Telefon erhalten Sie unsere Beratung zu Ihrem Urlaub in den Alpen. Wir versuchen, Ihre Unterkunftsw\u00fcnsche zu verstehen, um Ihnen das passendste und beste Angebot von unseren Partnerhotels bereitzustellen. Da wir keine Pauschalreisen verkaufen, k\u00f6nnen wir Ihnen ein individuell abgestimmtes Hotelzimmer nach Ihren pers\u00f6nlichen Vorlieben in jeder gew\u00fcnschten Unterkunft anbieten.<\/p>\n<p style=\"text-align: justify;\"><strong>Detaillierte Buchungsinformationen<\/strong><br \/>\nW\u00e4hrend des Buchungsprozesses erhalten Sie alle relevanten Informationen zur Lage des Hotels und dessen Dienstleistungen. Schon vor Ihrer Ankunft im Skigebiet k\u00f6nnen Sie uns alle m\u00f6glichen Fragen stellen und eine Anleitung erhalten, wie Sie am besten mit dem Skifahren beginnen. Dazu geh\u00f6ren Informationen wie:<br \/>\n\u2714 Welche Stra\u00dfe f\u00fchrt zu Ihrem Hotel?<br \/>\n\u2714 Wie weit ist es von Ihrem Hotel zum Skilift?<br \/>\n\u2714 Wo k\u00f6nnen Sie Ihre Ausr\u00fcstung bequem lagern \u2013 im Hotel oder am Lift?<br \/>\n\u2714 K\u00f6nnen Sie zu Fu\u00df zum Skikurs gelangen?<br \/>\n\u2714 Welche Skipisten befinden sich in der N\u00e4he?<br \/>\n\u2714 Welche Freizeitm\u00f6glichkeiten gibt es am Abend?<\/p>\n<p style=\"text-align: justify;\"><strong>Unterst\u00fctzung w\u00e4hrend Ihres Aufenthalts<\/strong><br \/>\nUnsere Arbeit endet nicht mit der Buchung und Bezahlung Ihres Hotels. Wir stehen Ihnen auch nach Ihrer Ankunft zur Verf\u00fcgung, beantworten gerne Ihre Fragen und helfen Ihnen bei der Kommunikation mit dem Hotelpersonal. Selbstverst\u00e4ndlich unterst\u00fctzen wir Sie auch bei der Organisation weiterer Dienstleistungen, die Ihren Urlaub noch angenehmer machen, z. B.: Skikurse mit professionellen Lehrern; Transfers vom Flughafen; Verleih von Skiausr\u00fcstung und vieles mehr<\/p>\n<p style=\"text-align: justify;\"><strong>Schnelle Buchung<\/strong><br \/>\nDamit wir Ihnen schneller helfen k\u00f6nnen, f\u00fcllen Sie bitte <a href=\"http:\/\/alplux.com\/book-now\/\">unser Buchungsformular<\/a> aus oder senden Sie uns Ihre Anforderungen (ungef\u00e4hres Budget, bevorzugte Zimmeranzahl, spezielle W\u00fcnsche) per E-Mail an\u00a0<a href=\"mailto:info@alplux.com\"><strong>info@alplux.com<\/strong><\/a>.<\/p>\n<p><a href=\"https:\/\/alplux.com\/wp-content\/uploads\/2023\/09\/alplux_hotels_soelden-scaled.jpg\" rel=\"lightbox\" data-rl_title=\"\" data-rl_caption=\"\" title=\"\"><img loading=\"lazy\" class=\"aligncenter wp-image-8222 size-large\" src=\"https:\/\/alplux.com\/wp-content\/uploads\/2023\/09\/alplux_hotels_soelden-1024x683.jpg\" alt=\"\u041e\u0442\u0435\u043b\u0438 \u043e\u0442 ALPLUX\" width=\"625\" height=\"417\" srcset=\"https:\/\/alplux.com\/wp-content\/uploads\/2023\/09\/alplux_hotels_soelden-1024x683.jpg 1024w, https:\/\/alplux.com\/wp-content\/uploads\/2023\/09\/alplux_hotels_soelden-300x200.jpg 300w, https:\/\/alplux.com\/wp-content\/uploads\/2023\/09\/alplux_hotels_soelden-768x512.jpg 768w, https:\/\/alplux.com\/wp-content\/uploads\/2023\/09\/alplux_hotels_soelden-1536x1024.jpg 1536w, https:\/\/alplux.com\/wp-content\/uploads\/2023\/09\/alplux_hotels_soelden-2048x1365.jpg 2048w, https:\/\/alplux.com\/wp-content\/uploads\/2023\/09\/alplux_hotels_soelden-624x416.jpg 624w\" sizes=\"(max-width: 625px) 100vw, 625px\" \/><\/a><\/p>","protected":false},"excerpt":{"rendered":"<p>Komfortable Zimmer in den besten Hotels zu attraktiven Preisen! Wir finden f\u00fcr Sie die perfekte Unterkunft im Sommer und Winter in den \u00f6sterreichischen Alpen (S\u00f6lden, Ischgl, Serfaus&#8230;). ALPLUX ist seit 2016 in den Alpen t\u00e4tig. Wir sind ein modernes Reiseb\u00fcro, das nicht einfach nur Pauschalreisen verkauft, sondern Ihre Unterkunft individuell nach Ihren W\u00fcnschen ausw\u00e4hlt \u2013 [&hellip;]<\/p>\n","protected":false},"author":1,"featured_media":8223,"parent":0,"menu_order":0,"comment_status":"closed","ping_status":"closed","template":"","meta":[],"acf":[],"yoast_head":"<!-- This site is optimized with the Yoast SEO plugin v19.10 - https:\/\/yoast.com\/wordpress\/plugins\/seo\/ -->\n<title>Die besten Hotels und Appartements ALPLUX<\/title>\n<meta name=\"description\" content=\"Unterkunft ALPLUX\" \/>\n<meta name=\"robots\" content=\"index, follow, max-snippet:-1, max-image-preview:large, max-video-preview:-1\" \/>\n<link rel=\"canonical\" href=\"https:\/\/alplux.com\/hotels\/\" \/>\n<meta property=\"og:locale\" content=\"de_DE\" \/>\n<meta property=\"og:type\" content=\"article\" \/>\n<meta property=\"og:title\" content=\"Die besten Hotels und Appartements ALPLUX\" \/>\n<meta property=\"og:description\" content=\"Unterkunft ALPLUX\" \/>\n<meta property=\"og:url\" content=\"https:\/\/alplux.com\/hotels\/\" \/>\n<meta property=\"og:site_name\" content=\"ALPLUX\" \/>\n<meta property=\"article:modified_time\" content=\"2026-03-10T10:44:56+00:00\" \/>\n<meta property=\"og:image\" content=\"https:\/\/alplux.com\/wp-content\/uploads\/2023\/09\/alplux_hotels_austria-scaled.jpg\" \/>\n\t<meta property=\"og:image:width\" content=\"2560\" \/>\n\t<meta property=\"og:image:height\" content=\"1706\" \/>\n\t<meta property=\"og:image:type\" content=\"image\/jpeg\" \/>\n<meta name=\"twitter:card\" content=\"summary_large_image\" \/>\n<meta name=\"twitter:label1\" content=\"Gesch\u00e4tzte Lesezeit\" \/>\n\t<meta name=\"twitter:data1\" content=\"3\u00a0Minuten\" \/>\n<script type=\"application\/ld+json\" class=\"yoast-schema-graph\">{\"@context\":\"https:\/\/schema.org\",\"@graph\":[{\"@type\":\"WebPage\",\"@id\":\"https:\/\/alplux.com\/hotels\/\",\"url\":\"https:\/\/alplux.com\/hotels\/\",\"name\":\"[:ru]\u041b\u0443\u0447\u0448\u0438\u0435 \u043e\u0442\u0435\u043b\u0438 \u0438 \u0430\u043f\u0430\u0440\u0442\u0430\u043c\u0435\u043d\u0442\u044b \u0432 \u0417\u0435\u043b\u044c\u0434\u0435\u043d\u0435, \u0410\u0432\u0441\u0442\u0440\u0438\u044f \u0438 \u043d\u0430 \u0434\u0440\u0443\u0433\u0438\u0445 \u0433\u043e\u0440\u043d\u043e\u043b\u044b\u0436\u043d\u044b\u0445 \u043a\u0443\u0440\u043e\u0440\u0442\u0430\u0445 \u0432 \u0410\u043b\u044c\u043f\u0430\u0445. | ALPLUX [:de]Die besten Hotels und Appartements ALPLUX[:en]The best Accomodation ALPLUX[:]\",\"isPartOf\":{\"@id\":\"https:\/\/alplux.com\/ru\/#website\"},\"datePublished\":\"2015-09-01T15:56:50+00:00\",\"dateModified\":\"2026-03-10T10:44:56+00:00\",\"description\":\"{:ru}\u041f\u0440\u043e\u0436\u0438\u0432\u0430\u043d\u0438\u0435 ALPLUX{:de}Unterkunft ALPLUX{:en}Accomodation ALPLUX{:}\",\"breadcrumb\":{\"@id\":\"https:\/\/alplux.com\/hotels\/#breadcrumb\"},\"inLanguage\":\"de\",\"potentialAction\":[{\"@type\":\"ReadAction\",\"target\":[\"https:\/\/alplux.com\/hotels\/\"]}]},{\"@type\":\"BreadcrumbList\",\"@id\":\"https:\/\/alplux.com\/hotels\/#breadcrumb\",\"itemListElement\":[{\"@type\":\"ListItem\",\"position\":1,\"name\":\"\u0413\u043b\u0430\u0432\u043d\u0430\u044f \u0441\u0442\u0440\u0430\u043d\u0438\u0446\u0430\",\"item\":\"https:\/\/alplux.com\/ru\/\"},{\"@type\":\"ListItem\",\"position\":2,\"name\":\"\u041e\u0442\u0435\u043b\u0438\"}]},{\"@type\":\"WebSite\",\"@id\":\"https:\/\/alplux.com\/ru\/#website\",\"url\":\"https:\/\/alplux.com\/ru\/\",\"name\":\"ALPLUX\",\"description\":\"Urlaub in \u00f6sterreichische Alpen\",\"potentialAction\":[{\"@type\":\"SearchAction\",\"target\":{\"@type\":\"EntryPoint\",\"urlTemplate\":\"https:\/\/alplux.com\/ru\/?s={search_term_string}\"},\"query-input\":\"required name=search_term_string\"}],\"inLanguage\":\"de\"}]}<\/script>\n<!-- \/ Yoast SEO plugin. -->","yoast_head_json":{"title":"Die besten Hotels und Appartements ALPLUX","description":"Unterkunft ALPLUX","robots":{"index":"index","follow":"follow","max-snippet":"max-snippet:-1","max-image-preview":"max-image-preview:large","max-video-preview":"max-video-preview:-1"},"canonical":"https:\/\/alplux.com\/hotels\/","og_locale":"de_DE","og_type":"article","og_title":"Die besten Hotels und Appartements ALPLUX","og_description":"Unterkunft ALPLUX","og_url":"https:\/\/alplux.com\/hotels\/","og_site_name":"ALPLUX","article_modified_time":"2026-03-10T10:44:56+00:00","og_image":[{"width":2560,"height":1706,"url":"https:\/\/alplux.com\/wp-content\/uploads\/2023\/09\/alplux_hotels_austria-scaled.jpg","type":"image\/jpeg"}],"twitter_card":"summary_large_image","twitter_misc":{"Gesch\u00e4tzte Lesezeit":"3\u00a0Minuten"},"schema":{"@context":"https:\/\/schema.org","@graph":[{"@type":"WebPage","@id":"https:\/\/alplux.com\/hotels\/","url":"https:\/\/alplux.com\/hotels\/","name":"[:ru]\u041b\u0443\u0447\u0448\u0438\u0435 \u043e\u0442\u0435\u043b\u0438 \u0438 \u0430\u043f\u0430\u0440\u0442\u0430\u043c\u0435\u043d\u0442\u044b \u0432 \u0417\u0435\u043b\u044c\u0434\u0435\u043d\u0435, \u0410\u0432\u0441\u0442\u0440\u0438\u044f \u0438 \u043d\u0430 \u0434\u0440\u0443\u0433\u0438\u0445 \u0433\u043e\u0440\u043d\u043e\u043b\u044b\u0436\u043d\u044b\u0445 \u043a\u0443\u0440\u043e\u0440\u0442\u0430\u0445 \u0432 \u0410\u043b\u044c\u043f\u0430\u0445. | ALPLUX [:de]Die besten Hotels und Appartements ALPLUX[:en]The best Accomodation ALPLUX[:]","isPartOf":{"@id":"https:\/\/alplux.com\/ru\/#website"},"datePublished":"2015-09-01T15:56:50+00:00","dateModified":"2026-03-10T10:44:56+00:00","description":"{:ru}\u041f\u0440\u043e\u0436\u0438\u0432\u0430\u043d\u0438\u0435 ALPLUX{:de}Unterkunft ALPLUX{:en}Accomodation ALPLUX{:}","breadcrumb":{"@id":"https:\/\/alplux.com\/hotels\/#breadcrumb"},"inLanguage":"de","potentialAction":[{"@type":"ReadAction","target":["https:\/\/alplux.com\/hotels\/"]}]},{"@type":"BreadcrumbList","@id":"https:\/\/alplux.com\/hotels\/#breadcrumb","itemListElement":[{"@type":"ListItem","position":1,"name":"\u0413\u043b\u0430\u0432\u043d\u0430\u044f \u0441\u0442\u0440\u0430\u043d\u0438\u0446\u0430","item":"https:\/\/alplux.com\/ru\/"},{"@type":"ListItem","position":2,"name":"\u041e\u0442\u0435\u043b\u0438"}]},{"@type":"WebSite","@id":"https:\/\/alplux.com\/ru\/#website","url":"https:\/\/alplux.com\/ru\/","name":"ALPLUX","description":"Urlaub in \u00f6sterreichische Alpen","potentialAction":[{"@type":"SearchAction","target":{"@type":"EntryPoint","urlTemplate":"https:\/\/alplux.com\/ru\/?s={search_term_string}"},"query-input":"required name=search_term_string"}],"inLanguage":"de"}]}},"_links":{"self":[{"href":"https:\/\/alplux.com\/de\/wp-json\/wp\/v2\/pages\/7"}],"collection":[{"href":"https:\/\/alplux.com\/de\/wp-json\/wp\/v2\/pages"}],"about":[{"href":"https:\/\/alplux.com\/de\/wp-json\/wp\/v2\/types\/page"}],"author":[{"embeddable":true,"href":"https:\/\/alplux.com\/de\/wp-json\/wp\/v2\/users\/1"}],"replies":[{"embeddable":true,"href":"https:\/\/alplux.com\/de\/wp-json\/wp\/v2\/comments?post=7"}],"version-history":[{"count":80,"href":"https:\/\/alplux.com\/de\/wp-json\/wp\/v2\/pages\/7\/revisions"}],"predecessor-version":[{"id":9588,"href":"https:\/\/alplux.com\/de\/wp-json\/wp\/v2\/pages\/7\/revisions\/9588"}],"wp:featuredmedia":[{"embeddable":true,"href":"https:\/\/alplux.com\/de\/wp-json\/wp\/v2\/media\/8223"}],"wp:attachment":[{"href":"https:\/\/alplux.com\/de\/wp-json\/wp\/v2\/media?parent=7"}],"curies":[{"name":"wp","href":"https:\/\/api.w.org\/{rel}","templated":true}]}}