{"id":61,"date":"2015-09-02T18:24:05","date_gmt":"2015-09-02T15:24:05","guid":{"rendered":"http:\/\/alplux.com\/?page_id=61"},"modified":"2026-01-12T18:15:04","modified_gmt":"2026-01-12T15:15:04","slug":"soelden","status":"publish","type":"page","link":"https:\/\/alplux.com\/de\/instructors\/soelden\/","title":{"rendered":"Lehrer in S\u00f6lden"},"content":{"rendered":"<p><\/p>\n<h1>Ski &amp; Snowboard Lehrer in S\u00f6lden<\/h1>\n<p style=\"text-align: justify;\">Brauchen Sie einen guten Ski- oder Snowboardlehrer in S\u00f6lden oder im anderen \u00f6sterreichischen Skigebiet? Sollte er gut Ihre Sprache k\u00f6nnen und sich gut mit Kindern verstehen? Wir freuen uns, Ihnen zu helfen. Dadurch kennen wir pers\u00f6nlich die besten SchneesportlehrerInnen in S\u00f6lden von verschiedenen Skischulen. Also finden wir einen guten geeigneten Skilehrer extra f\u00fcr Sie. M\u00f6chten Sie die kurzen Carving-Schw\u00fcnge auf der steilen Piste meistern, Snowboard Tricks im Snow-Park lernen oder Ihren Kindern die Liebe f\u00fcr Skifahren beibringen lassen \u2014wir finden f\u00fcr jeden den perfekten Skilehrer.<\/p>\n<p style=\"text-align: justify;\"><a href=\"https:\/\/alplux.com\/wp-content\/uploads\/2018\/11\/ski_instructor_soelden_1.jpg\" rel=\"lightbox\" data-rl_title=\"\" data-rl_caption=\"\" title=\"\"><img loading=\"lazy\" class=\"aligncenter wp-image-5522 size-large\" src=\"https:\/\/alplux.com\/wp-content\/uploads\/2018\/11\/ski_instructor_soelden_1-1024x640.jpg\" alt=\"\" width=\"625\" height=\"391\" srcset=\"https:\/\/alplux.com\/wp-content\/uploads\/2018\/11\/ski_instructor_soelden_1.jpg 1024w, https:\/\/alplux.com\/wp-content\/uploads\/2018\/11\/ski_instructor_soelden_1-300x188.jpg 300w, https:\/\/alplux.com\/wp-content\/uploads\/2018\/11\/ski_instructor_soelden_1-768x480.jpg 768w, https:\/\/alplux.com\/wp-content\/uploads\/2018\/11\/ski_instructor_soelden_1-624x390.jpg 624w\" sizes=\"(max-width: 625px) 100vw, 625px\" \/><\/a><\/p>\n<p style=\"text-align: justify;\">Wissen Sie schon, was f\u00fcr Unterricht Sie brauchen, und sind Sie bereit, den Skilehrer zu buchen? Und was ist mit dem Ski-Verleih oder mit dem Kaufen der Ski-Ausr\u00fcstung? Keine Sorge, wir beraten Sie gerne pers\u00f6nlich und ohne zus\u00e4tzliche Kosten und helfen, geeignete Ski- oder Snowboard-Ausr\u00fcstung in S\u00f6lden auszuleihen. Dar\u00fcber hinaus geben wir Ihnen einen Rabatt von 10 % auf Verleih, damit unsere Bekanntschaft noch angenehmer wird.<\/p>\n<p style=\"text-align: justify;\"><img loading=\"lazy\" class=\"aligncenter wp-image-5524 size-large\" src=\"https:\/\/alplux.com\/wp-content\/uploads\/2018\/11\/ski_instructor_soelden_14-1024x642.jpg\" alt=\"\" width=\"625\" height=\"392\" srcset=\"https:\/\/alplux.com\/wp-content\/uploads\/2018\/11\/ski_instructor_soelden_14.jpg 1024w, https:\/\/alplux.com\/wp-content\/uploads\/2018\/11\/ski_instructor_soelden_14-300x188.jpg 300w, https:\/\/alplux.com\/wp-content\/uploads\/2018\/11\/ski_instructor_soelden_14-768x482.jpg 768w, https:\/\/alplux.com\/wp-content\/uploads\/2018\/11\/ski_instructor_soelden_14-624x391.jpg 624w\" sizes=\"(max-width: 625px) 100vw, 625px\" \/><\/p>\n<h2>Unser Ziel ist es, einen sorglosen und unvergesslichen Winterurlaub in den Bergen f\u00fcr Sie zu organisieren, deswegen bieten wir gerne neben dem Unterricht mit Ski- oder Snowboardlehrer noch Folgendes an:<\/h2>\n<ul>\n<li>Buchung der Freeride-Tour mit einem erfahrenen Guide,<\/li>\n<li>Tischreservierung zum Mittagessen im besten Restaurant in S\u00f6lden,<\/li>\n<li>Informationen \u00fcber M\u00f6glichkeiten zum Entspannen nach dem Skifahren,<\/li>\n<li>Bestellung des Taxis zu dem gew\u00fcnschten Ort und zur richtigen Zeit,<\/li>\n<li>Empfehlung eines netten Hotels oder einer komfortablen Ferienwohnung,<\/li>\n<li>Unterst\u00fctzung bei der Kommunikation mit Mitarbeitern des Skigebietes<\/li>\n<li>Empfehlung von unterschiedlichen Aktivit\u00e4ten und Ausfl\u00fcgen in den \u00f6sterreichischen Alpen.<\/li>\n<\/ul>\n<p style=\"text-align: justify;\">Wir reisen auch sehr gerne und verstehen, was genau f\u00fcr einen erfolgreichen und erholsamen Urlaub wichtig ist. Daher versuchen wir immer unseren G\u00e4sten freundlich zu helfen, und freuen uns, sie wieder und wieder bei uns zu sehen. Es ist sehr angenehm und herzensfroh, dass viele Touristen zu uns als \u201eKunden\u201c kommen und als \u201eFreunde\u201c zur\u00fcck fahren!<\/p>\n<p style=\"text-align: justify;\">Haben Sie noch Fragen zur Buchung eines Ski- oder Snowboardlehrers? Kontaktieren Sie uns per Email: <a href=\"mailto:instructor@alplux.com\">instructor@alplux.com<\/a>. Wir bearbeiten Ihre Anfrage schneller, wenn Sie unser <a href=\"http:\/\/alplux.com\/book-now\/\">Anfrageformular<\/a>\u00a0ausf\u00fcllen und Ihre W\u00fcnsche uns hier mitteilen.<\/p>\n<p><\/p>","protected":false},"excerpt":{"rendered":"<p>Ski &amp; Snowboard Lehrer in S\u00f6lden Brauchen Sie einen guten Ski- oder Snowboardlehrer in S\u00f6lden oder im anderen \u00f6sterreichischen Skigebiet? Sollte er gut Ihre Sprache k\u00f6nnen und sich gut mit Kindern verstehen? Wir freuen uns, Ihnen zu helfen. Dadurch kennen wir pers\u00f6nlich die besten SchneesportlehrerInnen in S\u00f6lden von verschiedenen Skischulen. Also finden wir einen guten [&hellip;]<\/p>\n","protected":false},"author":1,"featured_media":0,"parent":5,"menu_order":0,"comment_status":"closed","ping_status":"closed","template":"","meta":[],"acf":[],"yoast_head":"<!-- This site is optimized with the Yoast SEO plugin v19.10 - https:\/\/yoast.com\/wordpress\/plugins\/seo\/ -->\n<title>Ski &amp; Snowboard Lehrer in S\u00f6lden ALPLUX<\/title>\n<meta name=\"description\" content=\"Ski &amp; Snowboard Lehrer in S\u00f6lden ALPLUX\" \/>\n<meta name=\"robots\" content=\"index, follow, max-snippet:-1, max-image-preview:large, max-video-preview:-1\" \/>\n<link rel=\"canonical\" href=\"https:\/\/alplux.com\/instructors\/soelden\/\" \/>\n<meta property=\"og:locale\" content=\"de_DE\" \/>\n<meta property=\"og:type\" content=\"article\" \/>\n<meta property=\"og:title\" content=\"Ski &amp; Snowboard Lehrer in S\u00f6lden ALPLUX\" \/>\n<meta property=\"og:description\" content=\"Ski &amp; Snowboard Lehrer in S\u00f6lden ALPLUX\" \/>\n<meta property=\"og:url\" content=\"https:\/\/alplux.com\/instructors\/soelden\/\" \/>\n<meta property=\"og:site_name\" content=\"ALPLUX\" \/>\n<meta property=\"article:modified_time\" content=\"2026-01-12T15:15:04+00:00\" \/>\n<meta property=\"og:image\" content=\"https:\/\/alplux.com\/wp-content\/uploads\/2018\/11\/ski_instructor_soelden_11-300x188.jpg\" \/>\n<meta name=\"twitter:card\" content=\"summary_large_image\" \/>\n<meta name=\"twitter:label1\" content=\"Gesch\u00e4tzte Lesezeit\" \/>\n\t<meta name=\"twitter:data1\" content=\"8\u00a0Minuten\" \/>\n<script type=\"application\/ld+json\" class=\"yoast-schema-graph\">{\"@context\":\"https:\/\/schema.org\",\"@graph\":[{\"@type\":\"WebPage\",\"@id\":\"https:\/\/alplux.com\/instructors\/soelden\/\",\"url\":\"https:\/\/alplux.com\/instructors\/soelden\/\",\"name\":\"[:ru]\u0413\u043e\u0440\u043d\u043e\u043b\u044b\u0436\u043d\u044b\u0439 \u0438 \u0441\u043d\u043e\u0443\u0431\u043e\u0440\u0434 \u0438\u043d\u0441\u0442\u0440\u0443\u043a\u0442\u043e\u0440 \u0432 \u0417\u0435\u043b\u044c\u0434\u0435\u043d\u0435, \u0410\u0432\u0441\u0442\u0440\u0438\u044f. \u0418\u043d\u0434\u0438\u0432\u0438\u0434\u0443\u0430\u043b\u044c\u043d\u044b\u0435 \u0438 \u0433\u0440\u0443\u043f\u043f\u043e\u0432\u044b\u0435 \u0437\u0430\u043d\u044f\u0442\u0438\u044f \u0441 \u0434\u0435\u0442\u044c\u043c\u0438 \u0438 \u0432\u0437\u0440\u043e\u0441\u043b\u044b\u043c\u0438. \u0420\u0443\u0441\u0441\u043a\u043e\u044f\u0437\u044b\u0447\u043d\u044b\u0435 \u0438\u043d\u0441\u0442\u0440\u0443\u043a\u0442\u043e\u0440\u044b. | ALPLUX[:de]Ski & Snowboard Lehrer in S\u00f6lden ALPLUX[:en]Ski & Snowboard instructor in Soelden ALPLUX[:]\",\"isPartOf\":{\"@id\":\"https:\/\/alplux.com\/ru\/#website\"},\"datePublished\":\"2015-09-02T15:24:05+00:00\",\"dateModified\":\"2026-01-12T15:15:04+00:00\",\"description\":\"{:ru}\u0413\u043e\u0440\u043d\u043e\u043b\u044b\u0436\u043d\u044b\u0439 \u0438 \u0441\u043d\u043e\u0443\u0431\u043e\u0440\u0434 \u0438\u043d\u0441\u0442\u0440\u0443\u043a\u0442\u043e\u0440 \u0432 \u0417\u0435\u043b\u044c\u0434\u0435\u043d\u0435. ALPLUX \u043e\u0440\u0433\u0430\u043d\u0438\u0437\u0443\u0435\u0442 \u0437\u0430\u043d\u044f\u0442\u0438\u044f \u0441 \u043b\u0443\u0447\u0448\u0438\u043c\u0438 \u0440\u0443\u0441\u0441\u043a\u043e\u0433\u043e\u0432\u043e\u0440\u044f\u0449\u0438\u043c\u0438 \u0438\u043d\u0441\u0442\u0440\u0443\u043a\u0442\u043e\u0440\u0430\u043c\u0438 \u0432 \u0417\u0435\u043b\u044c\u0434\u0435\u043d\u0435. \u0413\u043e\u0440\u043d\u043e\u043b\u044b\u0436\u043d\u044b\u0435 \u0448\u043a\u043e\u043b\u044b \u0432 \u0410\u0432\u0441\u0442\u0440\u0438\u0438.{:de}Ski & Snowboard Lehrer in S\u00f6lden ALPLUX{:en}Ski & Snowboard instructor in Soelden ALPLUX{:}\",\"breadcrumb\":{\"@id\":\"https:\/\/alplux.com\/instructors\/soelden\/#breadcrumb\"},\"inLanguage\":\"de\",\"potentialAction\":[{\"@type\":\"ReadAction\",\"target\":[\"https:\/\/alplux.com\/instructors\/soelden\/\"]}]},{\"@type\":\"BreadcrumbList\",\"@id\":\"https:\/\/alplux.com\/instructors\/soelden\/#breadcrumb\",\"itemListElement\":[{\"@type\":\"ListItem\",\"position\":1,\"name\":\"\u0413\u043b\u0430\u0432\u043d\u0430\u044f \u0441\u0442\u0440\u0430\u043d\u0438\u0446\u0430\",\"item\":\"https:\/\/alplux.com\/ru\/\"},{\"@type\":\"ListItem\",\"position\":2,\"name\":\"\u0418\u043d\u0441\u0442\u0440\u0443\u043a\u0442\u043e\u0440\u044b\",\"item\":\"https:\/\/alplux.com\/instructors\/\"},{\"@type\":\"ListItem\",\"position\":3,\"name\":\"\u0418\u043d\u0441\u0442\u0440\u0443\u043a\u0442\u043e\u0440 \u0432 \u0417\u0435\u043b\u044c\u0434\u0435\u043d\u0435\"}]},{\"@type\":\"WebSite\",\"@id\":\"https:\/\/alplux.com\/ru\/#website\",\"url\":\"https:\/\/alplux.com\/ru\/\",\"name\":\"ALPLUX\",\"description\":\"Urlaub in \u00f6sterreichische Alpen\",\"potentialAction\":[{\"@type\":\"SearchAction\",\"target\":{\"@type\":\"EntryPoint\",\"urlTemplate\":\"https:\/\/alplux.com\/ru\/?s={search_term_string}\"},\"query-input\":\"required name=search_term_string\"}],\"inLanguage\":\"de\"}]}<\/script>\n<!-- \/ Yoast SEO plugin. -->","yoast_head_json":{"title":"Ski & Snowboard Lehrer in S\u00f6lden ALPLUX","description":"Ski & Snowboard Lehrer in S\u00f6lden ALPLUX","robots":{"index":"index","follow":"follow","max-snippet":"max-snippet:-1","max-image-preview":"max-image-preview:large","max-video-preview":"max-video-preview:-1"},"canonical":"https:\/\/alplux.com\/instructors\/soelden\/","og_locale":"de_DE","og_type":"article","og_title":"Ski & Snowboard Lehrer in S\u00f6lden ALPLUX","og_description":"Ski & Snowboard Lehrer in S\u00f6lden ALPLUX","og_url":"https:\/\/alplux.com\/instructors\/soelden\/","og_site_name":"ALPLUX","article_modified_time":"2026-01-12T15:15:04+00:00","og_image":[{"url":"https:\/\/alplux.com\/wp-content\/uploads\/2018\/11\/ski_instructor_soelden_11-300x188.jpg"}],"twitter_card":"summary_large_image","twitter_misc":{"Gesch\u00e4tzte Lesezeit":"8\u00a0Minuten"},"schema":{"@context":"https:\/\/schema.org","@graph":[{"@type":"WebPage","@id":"https:\/\/alplux.com\/instructors\/soelden\/","url":"https:\/\/alplux.com\/instructors\/soelden\/","name":"[:ru]\u0413\u043e\u0440\u043d\u043e\u043b\u044b\u0436\u043d\u044b\u0439 \u0438 \u0441\u043d\u043e\u0443\u0431\u043e\u0440\u0434 \u0438\u043d\u0441\u0442\u0440\u0443\u043a\u0442\u043e\u0440 \u0432 \u0417\u0435\u043b\u044c\u0434\u0435\u043d\u0435, \u0410\u0432\u0441\u0442\u0440\u0438\u044f. \u0418\u043d\u0434\u0438\u0432\u0438\u0434\u0443\u0430\u043b\u044c\u043d\u044b\u0435 \u0438 \u0433\u0440\u0443\u043f\u043f\u043e\u0432\u044b\u0435 \u0437\u0430\u043d\u044f\u0442\u0438\u044f \u0441 \u0434\u0435\u0442\u044c\u043c\u0438 \u0438 \u0432\u0437\u0440\u043e\u0441\u043b\u044b\u043c\u0438. \u0420\u0443\u0441\u0441\u043a\u043e\u044f\u0437\u044b\u0447\u043d\u044b\u0435 \u0438\u043d\u0441\u0442\u0440\u0443\u043a\u0442\u043e\u0440\u044b. | ALPLUX[:de]Ski & Snowboard Lehrer in S\u00f6lden ALPLUX[:en]Ski & Snowboard instructor in Soelden ALPLUX[:]","isPartOf":{"@id":"https:\/\/alplux.com\/ru\/#website"},"datePublished":"2015-09-02T15:24:05+00:00","dateModified":"2026-01-12T15:15:04+00:00","description":"{:ru}\u0413\u043e\u0440\u043d\u043e\u043b\u044b\u0436\u043d\u044b\u0439 \u0438 \u0441\u043d\u043e\u0443\u0431\u043e\u0440\u0434 \u0438\u043d\u0441\u0442\u0440\u0443\u043a\u0442\u043e\u0440 \u0432 \u0417\u0435\u043b\u044c\u0434\u0435\u043d\u0435. ALPLUX \u043e\u0440\u0433\u0430\u043d\u0438\u0437\u0443\u0435\u0442 \u0437\u0430\u043d\u044f\u0442\u0438\u044f \u0441 \u043b\u0443\u0447\u0448\u0438\u043c\u0438 \u0440\u0443\u0441\u0441\u043a\u043e\u0433\u043e\u0432\u043e\u0440\u044f\u0449\u0438\u043c\u0438 \u0438\u043d\u0441\u0442\u0440\u0443\u043a\u0442\u043e\u0440\u0430\u043c\u0438 \u0432 \u0417\u0435\u043b\u044c\u0434\u0435\u043d\u0435. \u0413\u043e\u0440\u043d\u043e\u043b\u044b\u0436\u043d\u044b\u0435 \u0448\u043a\u043e\u043b\u044b \u0432 \u0410\u0432\u0441\u0442\u0440\u0438\u0438.{:de}Ski & Snowboard Lehrer in S\u00f6lden ALPLUX{:en}Ski & Snowboard instructor in Soelden ALPLUX{:}","breadcrumb":{"@id":"https:\/\/alplux.com\/instructors\/soelden\/#breadcrumb"},"inLanguage":"de","potentialAction":[{"@type":"ReadAction","target":["https:\/\/alplux.com\/instructors\/soelden\/"]}]},{"@type":"BreadcrumbList","@id":"https:\/\/alplux.com\/instructors\/soelden\/#breadcrumb","itemListElement":[{"@type":"ListItem","position":1,"name":"\u0413\u043b\u0430\u0432\u043d\u0430\u044f \u0441\u0442\u0440\u0430\u043d\u0438\u0446\u0430","item":"https:\/\/alplux.com\/ru\/"},{"@type":"ListItem","position":2,"name":"\u0418\u043d\u0441\u0442\u0440\u0443\u043a\u0442\u043e\u0440\u044b","item":"https:\/\/alplux.com\/instructors\/"},{"@type":"ListItem","position":3,"name":"\u0418\u043d\u0441\u0442\u0440\u0443\u043a\u0442\u043e\u0440 \u0432 \u0417\u0435\u043b\u044c\u0434\u0435\u043d\u0435"}]},{"@type":"WebSite","@id":"https:\/\/alplux.com\/ru\/#website","url":"https:\/\/alplux.com\/ru\/","name":"ALPLUX","description":"Urlaub in \u00f6sterreichische Alpen","potentialAction":[{"@type":"SearchAction","target":{"@type":"EntryPoint","urlTemplate":"https:\/\/alplux.com\/ru\/?s={search_term_string}"},"query-input":"required name=search_term_string"}],"inLanguage":"de"}]}},"_links":{"self":[{"href":"https:\/\/alplux.com\/de\/wp-json\/wp\/v2\/pages\/61"}],"collection":[{"href":"https:\/\/alplux.com\/de\/wp-json\/wp\/v2\/pages"}],"about":[{"href":"https:\/\/alplux.com\/de\/wp-json\/wp\/v2\/types\/page"}],"author":[{"embeddable":true,"href":"https:\/\/alplux.com\/de\/wp-json\/wp\/v2\/users\/1"}],"replies":[{"embeddable":true,"href":"https:\/\/alplux.com\/de\/wp-json\/wp\/v2\/comments?post=61"}],"version-history":[{"count":114,"href":"https:\/\/alplux.com\/de\/wp-json\/wp\/v2\/pages\/61\/revisions"}],"predecessor-version":[{"id":9748,"href":"https:\/\/alplux.com\/de\/wp-json\/wp\/v2\/pages\/61\/revisions\/9748"}],"up":[{"embeddable":true,"href":"https:\/\/alplux.com\/de\/wp-json\/wp\/v2\/pages\/5"}],"wp:attachment":[{"href":"https:\/\/alplux.com\/de\/wp-json\/wp\/v2\/media?parent=61"}],"curies":[{"name":"wp","href":"https:\/\/api.w.org\/{rel}","templated":true}]}}