{"id":59,"date":"2015-09-02T18:20:16","date_gmt":"2015-09-02T15:20:16","guid":{"rendered":"http:\/\/alplux.com\/?page_id=59"},"modified":"2020-06-18T18:24:24","modified_gmt":"2020-06-18T15:24:24","slug":"stay-in-summer","status":"publish","type":"page","link":"https:\/\/alplux.com\/de\/stay-in-summer\/","title":{"rendered":"Activities"},"content":{"rendered":"<p><\/p>\n<h1>Sommerurlaub in \u00d6tztal<\/h1>\n<p style=\"text-align: justify;\">Sommer in den Alpen, genauso wie Winter, bietet auch zahlreiche M\u00f6glichkeiten f\u00fcr perfekte Entspannung und aktive Erholung. Kommen Sie und erleben Sie folgende Punkte des Unterhaltungsprogramm:<\/p>\n<ul>\n<li><a href=\"http:\/\/alplux.com\/stay-in-summer\/rafting-in-oetztal\/\">Rafting<\/a><\/li>\n<li><a href=\"http:\/\/alplux.com\/stay-in-summer\/bike-trip-tirol\/\">Radfahren<\/a><\/li>\n<li>Canyoning<\/li>\n<li>Caving<\/li>\n<li>Hochseilgarten<\/li>\n<li>Klettern Climbing<\/li>\n<li>Wandern<\/li>\n<li><a href=\"http:\/\/alplux.com\/stay-in-summer\/mountain-lake-with-sup\/\">SUP auf dem\u00a0See in den Bergen<\/a><\/li>\n<li>Bergtouren zum Gletscher<\/li>\n<li>Paragliding<\/li>\n<li><a href=\"http:\/\/alplux.com\/stay-in-summer\/achensee-lakes-in-austria\/\">Badeseen<\/a><\/li>\n<li>Exkursionen<\/li>\n<\/ul>\n<p><\/p>","protected":false},"excerpt":{"rendered":"<p>Sommerurlaub in \u00d6tztal Sommer in den Alpen, genauso wie Winter, bietet auch zahlreiche M\u00f6glichkeiten f\u00fcr perfekte Entspannung und aktive Erholung. Kommen Sie und erleben Sie folgende Punkte des Unterhaltungsprogramm: Rafting Radfahren Canyoning Caving Hochseilgarten Klettern Climbing Wandern SUP auf dem\u00a0See in den Bergen Bergtouren zum Gletscher Paragliding Badeseen Exkursionen<\/p>\n","protected":false},"author":1,"featured_media":0,"parent":0,"menu_order":0,"comment_status":"closed","ping_status":"closed","template":"","meta":[],"acf":[],"yoast_head":"<!-- This site is optimized with the Yoast SEO plugin v19.10 - https:\/\/yoast.com\/wordpress\/plugins\/seo\/ -->\n<title>\u041b\u0435\u0442\u043d\u0438\u0439 \u043e\u0442\u0434\u044b\u0445 \u0432 \u0410\u0432\u0441\u0442\u0440\u0438\u0438 \u043d\u0430 \u0433\u043e\u0440\u043d\u044b\u0445 \u043e\u0437\u0435\u0440\u0430\u0445. \u0412 \u0433\u043e\u0440\u0430\u0445 \u0422\u0438\u0440\u043e\u043b\u044f \u0440\u0430\u0444\u0442\u0438\u043d\u0433, \u043a\u0430\u043d\u044c\u043e\u043d\u0438\u0433, \u043f\u0430\u0440\u0430\u0433\u043b\u0430\u0439\u0434\u0438\u043d\u0433 \u0438 \u043d\u0435 \u0442\u043e\u043b\u044c\u043a\u043e...<\/title>\n<meta name=\"description\" content=\"\u0410\u043a\u0442\u0438\u0432\u043d\u044b\u0439 \u043e\u0442\u0434\u044b\u0445 \u0432 \u0430\u0432\u0441\u0442\u0440\u0438\u0439\u0441\u043a\u0438\u0445 \u0430\u043b\u044c\u043f\u0430\u0445 \u043b\u0435\u0442\u043e\u043c \u0432\u043c\u0435\u0441\u0442\u0435 \u0441 ALPLUX\" \/>\n<meta name=\"robots\" content=\"index, follow, max-snippet:-1, max-image-preview:large, max-video-preview:-1\" \/>\n<link rel=\"canonical\" href=\"https:\/\/alplux.com\/ru\/stay-in-summer\/\" \/>\n<meta property=\"og:locale\" content=\"de_DE\" \/>\n<meta property=\"og:type\" content=\"article\" \/>\n<meta property=\"og:title\" content=\"\u041b\u0435\u0442\u043d\u0438\u0439 \u043e\u0442\u0434\u044b\u0445 \u0432 \u0410\u0432\u0441\u0442\u0440\u0438\u0438 \u043d\u0430 \u0433\u043e\u0440\u043d\u044b\u0445 \u043e\u0437\u0435\u0440\u0430\u0445. \u0412 \u0433\u043e\u0440\u0430\u0445 \u0422\u0438\u0440\u043e\u043b\u044f \u0440\u0430\u0444\u0442\u0438\u043d\u0433, \u043a\u0430\u043d\u044c\u043e\u043d\u0438\u0433, \u043f\u0430\u0440\u0430\u0433\u043b\u0430\u0439\u0434\u0438\u043d\u0433 \u0438 \u043d\u0435 \u0442\u043e\u043b\u044c\u043a\u043e...\" \/>\n<meta property=\"og:description\" content=\"\u0410\u043a\u0442\u0438\u0432\u043d\u044b\u0439 \u043e\u0442\u0434\u044b\u0445 \u0432 \u0430\u0432\u0441\u0442\u0440\u0438\u0439\u0441\u043a\u0438\u0445 \u0430\u043b\u044c\u043f\u0430\u0445 \u043b\u0435\u0442\u043e\u043c \u0432\u043c\u0435\u0441\u0442\u0435 \u0441 ALPLUX\" \/>\n<meta property=\"og:url\" content=\"https:\/\/alplux.com\/ru\/stay-in-summer\/\" \/>\n<meta property=\"og:site_name\" content=\"ALPLUX\" \/>\n<meta property=\"article:modified_time\" content=\"2020-06-18T15:24:24+00:00\" \/>\n<meta property=\"og:image\" content=\"https:\/\/alplux.com\/wp-content\/uploads\/2016\/08\/Soelden_summer5_Gaislachkogl_lift-300x188.jpg\" \/>\n<meta name=\"twitter:card\" content=\"summary_large_image\" \/>\n<meta name=\"twitter:label1\" content=\"Gesch\u00e4tzte Lesezeit\" \/>\n\t<meta name=\"twitter:data1\" content=\"1\u00a0Minute\" \/>\n<script type=\"application\/ld+json\" class=\"yoast-schema-graph\">{\"@context\":\"https:\/\/schema.org\",\"@graph\":[{\"@type\":\"WebPage\",\"@id\":\"https:\/\/alplux.com\/ru\/stay-in-summer\/\",\"url\":\"https:\/\/alplux.com\/ru\/stay-in-summer\/\",\"name\":\"\u041b\u0435\u0442\u043d\u0438\u0439 \u043e\u0442\u0434\u044b\u0445 \u0432 \u0410\u0432\u0441\u0442\u0440\u0438\u0438 \u043d\u0430 \u0433\u043e\u0440\u043d\u044b\u0445 \u043e\u0437\u0435\u0440\u0430\u0445. \u0412 \u0433\u043e\u0440\u0430\u0445 \u0422\u0438\u0440\u043e\u043b\u044f \u0440\u0430\u0444\u0442\u0438\u043d\u0433, \u043a\u0430\u043d\u044c\u043e\u043d\u0438\u0433, \u043f\u0430\u0440\u0430\u0433\u043b\u0430\u0439\u0434\u0438\u043d\u0433 \u0438 \u043d\u0435 \u0442\u043e\u043b\u044c\u043a\u043e...\",\"isPartOf\":{\"@id\":\"https:\/\/alplux.com\/ru\/#website\"},\"datePublished\":\"2015-09-02T15:20:16+00:00\",\"dateModified\":\"2020-06-18T15:24:24+00:00\",\"description\":\"\u0410\u043a\u0442\u0438\u0432\u043d\u044b\u0439 \u043e\u0442\u0434\u044b\u0445 \u0432 \u0430\u0432\u0441\u0442\u0440\u0438\u0439\u0441\u043a\u0438\u0445 \u0430\u043b\u044c\u043f\u0430\u0445 \u043b\u0435\u0442\u043e\u043c \u0432\u043c\u0435\u0441\u0442\u0435 \u0441 ALPLUX\",\"breadcrumb\":{\"@id\":\"https:\/\/alplux.com\/ru\/stay-in-summer\/#breadcrumb\"},\"inLanguage\":\"de\",\"potentialAction\":[{\"@type\":\"ReadAction\",\"target\":[\"https:\/\/alplux.com\/ru\/stay-in-summer\/\"]}]},{\"@type\":\"BreadcrumbList\",\"@id\":\"https:\/\/alplux.com\/ru\/stay-in-summer\/#breadcrumb\",\"itemListElement\":[{\"@type\":\"ListItem\",\"position\":1,\"name\":\"\u0413\u043b\u0430\u0432\u043d\u0430\u044f \u0441\u0442\u0440\u0430\u043d\u0438\u0446\u0430\",\"item\":\"https:\/\/alplux.com\/ru\/\"},{\"@type\":\"ListItem\",\"position\":2,\"name\":\"\u0410\u043a\u0442\u0438\u0432\u043d\u043e\u0441\u0442\u0438\"}]},{\"@type\":\"WebSite\",\"@id\":\"https:\/\/alplux.com\/ru\/#website\",\"url\":\"https:\/\/alplux.com\/ru\/\",\"name\":\"ALPLUX\",\"description\":\"Urlaub in \u00f6sterreichische Alpen\",\"potentialAction\":[{\"@type\":\"SearchAction\",\"target\":{\"@type\":\"EntryPoint\",\"urlTemplate\":\"https:\/\/alplux.com\/ru\/?s={search_term_string}\"},\"query-input\":\"required name=search_term_string\"}],\"inLanguage\":\"de\"}]}<\/script>\n<!-- \/ Yoast SEO plugin. -->","yoast_head_json":{"title":"\u041b\u0435\u0442\u043d\u0438\u0439 \u043e\u0442\u0434\u044b\u0445 \u0432 \u0410\u0432\u0441\u0442\u0440\u0438\u0438 \u043d\u0430 \u0433\u043e\u0440\u043d\u044b\u0445 \u043e\u0437\u0435\u0440\u0430\u0445. \u0412 \u0433\u043e\u0440\u0430\u0445 \u0422\u0438\u0440\u043e\u043b\u044f \u0440\u0430\u0444\u0442\u0438\u043d\u0433, \u043a\u0430\u043d\u044c\u043e\u043d\u0438\u0433, \u043f\u0430\u0440\u0430\u0433\u043b\u0430\u0439\u0434\u0438\u043d\u0433 \u0438 \u043d\u0435 \u0442\u043e\u043b\u044c\u043a\u043e...","description":"\u0410\u043a\u0442\u0438\u0432\u043d\u044b\u0439 \u043e\u0442\u0434\u044b\u0445 \u0432 \u0430\u0432\u0441\u0442\u0440\u0438\u0439\u0441\u043a\u0438\u0445 \u0430\u043b\u044c\u043f\u0430\u0445 \u043b\u0435\u0442\u043e\u043c \u0432\u043c\u0435\u0441\u0442\u0435 \u0441 ALPLUX","robots":{"index":"index","follow":"follow","max-snippet":"max-snippet:-1","max-image-preview":"max-image-preview:large","max-video-preview":"max-video-preview:-1"},"canonical":"https:\/\/alplux.com\/ru\/stay-in-summer\/","og_locale":"de_DE","og_type":"article","og_title":"\u041b\u0435\u0442\u043d\u0438\u0439 \u043e\u0442\u0434\u044b\u0445 \u0432 \u0410\u0432\u0441\u0442\u0440\u0438\u0438 \u043d\u0430 \u0433\u043e\u0440\u043d\u044b\u0445 \u043e\u0437\u0435\u0440\u0430\u0445. \u0412 \u0433\u043e\u0440\u0430\u0445 \u0422\u0438\u0440\u043e\u043b\u044f \u0440\u0430\u0444\u0442\u0438\u043d\u0433, \u043a\u0430\u043d\u044c\u043e\u043d\u0438\u0433, \u043f\u0430\u0440\u0430\u0433\u043b\u0430\u0439\u0434\u0438\u043d\u0433 \u0438 \u043d\u0435 \u0442\u043e\u043b\u044c\u043a\u043e...","og_description":"\u0410\u043a\u0442\u0438\u0432\u043d\u044b\u0439 \u043e\u0442\u0434\u044b\u0445 \u0432 \u0430\u0432\u0441\u0442\u0440\u0438\u0439\u0441\u043a\u0438\u0445 \u0430\u043b\u044c\u043f\u0430\u0445 \u043b\u0435\u0442\u043e\u043c \u0432\u043c\u0435\u0441\u0442\u0435 \u0441 ALPLUX","og_url":"https:\/\/alplux.com\/ru\/stay-in-summer\/","og_site_name":"ALPLUX","article_modified_time":"2020-06-18T15:24:24+00:00","og_image":[{"url":"https:\/\/alplux.com\/wp-content\/uploads\/2016\/08\/Soelden_summer5_Gaislachkogl_lift-300x188.jpg"}],"twitter_card":"summary_large_image","twitter_misc":{"Gesch\u00e4tzte Lesezeit":"1\u00a0Minute"},"schema":{"@context":"https:\/\/schema.org","@graph":[{"@type":"WebPage","@id":"https:\/\/alplux.com\/ru\/stay-in-summer\/","url":"https:\/\/alplux.com\/ru\/stay-in-summer\/","name":"\u041b\u0435\u0442\u043d\u0438\u0439 \u043e\u0442\u0434\u044b\u0445 \u0432 \u0410\u0432\u0441\u0442\u0440\u0438\u0438 \u043d\u0430 \u0433\u043e\u0440\u043d\u044b\u0445 \u043e\u0437\u0435\u0440\u0430\u0445. \u0412 \u0433\u043e\u0440\u0430\u0445 \u0422\u0438\u0440\u043e\u043b\u044f \u0440\u0430\u0444\u0442\u0438\u043d\u0433, \u043a\u0430\u043d\u044c\u043e\u043d\u0438\u0433, \u043f\u0430\u0440\u0430\u0433\u043b\u0430\u0439\u0434\u0438\u043d\u0433 \u0438 \u043d\u0435 \u0442\u043e\u043b\u044c\u043a\u043e...","isPartOf":{"@id":"https:\/\/alplux.com\/ru\/#website"},"datePublished":"2015-09-02T15:20:16+00:00","dateModified":"2020-06-18T15:24:24+00:00","description":"\u0410\u043a\u0442\u0438\u0432\u043d\u044b\u0439 \u043e\u0442\u0434\u044b\u0445 \u0432 \u0430\u0432\u0441\u0442\u0440\u0438\u0439\u0441\u043a\u0438\u0445 \u0430\u043b\u044c\u043f\u0430\u0445 \u043b\u0435\u0442\u043e\u043c \u0432\u043c\u0435\u0441\u0442\u0435 \u0441 ALPLUX","breadcrumb":{"@id":"https:\/\/alplux.com\/ru\/stay-in-summer\/#breadcrumb"},"inLanguage":"de","potentialAction":[{"@type":"ReadAction","target":["https:\/\/alplux.com\/ru\/stay-in-summer\/"]}]},{"@type":"BreadcrumbList","@id":"https:\/\/alplux.com\/ru\/stay-in-summer\/#breadcrumb","itemListElement":[{"@type":"ListItem","position":1,"name":"\u0413\u043b\u0430\u0432\u043d\u0430\u044f \u0441\u0442\u0440\u0430\u043d\u0438\u0446\u0430","item":"https:\/\/alplux.com\/ru\/"},{"@type":"ListItem","position":2,"name":"\u0410\u043a\u0442\u0438\u0432\u043d\u043e\u0441\u0442\u0438"}]},{"@type":"WebSite","@id":"https:\/\/alplux.com\/ru\/#website","url":"https:\/\/alplux.com\/ru\/","name":"ALPLUX","description":"Urlaub in \u00f6sterreichische Alpen","potentialAction":[{"@type":"SearchAction","target":{"@type":"EntryPoint","urlTemplate":"https:\/\/alplux.com\/ru\/?s={search_term_string}"},"query-input":"required name=search_term_string"}],"inLanguage":"de"}]}},"_links":{"self":[{"href":"https:\/\/alplux.com\/de\/wp-json\/wp\/v2\/pages\/59"}],"collection":[{"href":"https:\/\/alplux.com\/de\/wp-json\/wp\/v2\/pages"}],"about":[{"href":"https:\/\/alplux.com\/de\/wp-json\/wp\/v2\/types\/page"}],"author":[{"embeddable":true,"href":"https:\/\/alplux.com\/de\/wp-json\/wp\/v2\/users\/1"}],"replies":[{"embeddable":true,"href":"https:\/\/alplux.com\/de\/wp-json\/wp\/v2\/comments?post=59"}],"version-history":[{"count":108,"href":"https:\/\/alplux.com\/de\/wp-json\/wp\/v2\/pages\/59\/revisions"}],"predecessor-version":[{"id":7231,"href":"https:\/\/alplux.com\/de\/wp-json\/wp\/v2\/pages\/59\/revisions\/7231"}],"wp:attachment":[{"href":"https:\/\/alplux.com\/de\/wp-json\/wp\/v2\/media?parent=59"}],"curies":[{"name":"wp","href":"https:\/\/api.w.org\/{rel}","templated":true}]}}