{"id":4240,"date":"2018-03-02T17:14:17","date_gmt":"2018-03-02T14:14:17","guid":{"rendered":"http:\/\/alplux.com\/?page_id=4240"},"modified":"2025-02-06T16:14:22","modified_gmt":"2025-02-06T13:14:22","slug":"summer_activities","status":"publish","type":"page","link":"https:\/\/alplux.com\/de\/summer_activities\/","title":{"rendered":"Leistungen"},"content":{"rendered":"<p><\/p>\n<h1>Unser exklusives Service in den Alpen<\/h1>\n<p style=\"text-align: justify;\">ALPLUX ist eine Br\u00fccke zwischen verschiedenen Dienstleistungen im Tourismus-Bereich in den Alpen. Um eine passende und kosteng\u00fcnstige L\u00f6sung f\u00fcr unsere G\u00e4ste bieten zu k\u00f6nnen, nutzen wir die Lebenserfahrung in den Bergen und die Zusammenarbeit mit Gesch\u00e4ften, Transfer-Unternehmen, Ski- und Snowboardschulen, Restaurants, Fotografen und mit anderen Tourismus-Organisationen. So helfen wir unseren G\u00e4sten, einen Urlaub ohne Sorgen zu organisieren und lokalen Firmen ihren Kundenkreis zu erweitern.<\/p>\n<p style=\"text-align: justify;\">Alle Dienstleistungen bieten wir nur zu den urspr\u00fcnglichen Preisen an. Und Sie erhalten zus\u00e4tzlich unsere Tipps, Beratung und Unterst\u00fctzung w\u00e4hrend Ihres Aufenthalts im Skigebiet.<\/p>\n<p>Also, gemeinsam mit unseren Partnern k\u00f6nnen wir Ihnen folgenden Leistungen anbieten:<\/p>\n<ul>\n<li>Hotel oder Apartaments Reservierung,<\/li>\n<li>Verleih der Winterausr\u00fcstung mit 10% Rabat,<\/li>\n<li>Unterricht mit einem guten Skilehrer,<\/li>\n<li>Tischreservierung in den besten Restaurants,<\/li>\n<li>Outdoor-Fotoshooting mit einem professionellen Fotografen,<\/li>\n<li>\u00dcbersetzungsdienste,<\/li>\n<li>Sport-Massage und viel mehr.<\/li>\n<\/ul>\n<p><\/p>","protected":false},"excerpt":{"rendered":"<p>Unser exklusives Service in den Alpen ALPLUX ist eine Br\u00fccke zwischen verschiedenen Dienstleistungen im Tourismus-Bereich in den Alpen. Um eine passende und kosteng\u00fcnstige L\u00f6sung f\u00fcr unsere G\u00e4ste bieten zu k\u00f6nnen, nutzen wir die Lebenserfahrung in den Bergen und die Zusammenarbeit mit Gesch\u00e4ften, Transfer-Unternehmen, Ski- und Snowboardschulen, Restaurants, Fotografen und mit anderen Tourismus-Organisationen. So helfen wir [&hellip;]<\/p>\n","protected":false},"author":4,"featured_media":0,"parent":0,"menu_order":0,"comment_status":"closed","ping_status":"closed","template":"","meta":[],"acf":[],"yoast_head":"<!-- This site is optimized with the Yoast SEO plugin v19.10 - https:\/\/yoast.com\/wordpress\/plugins\/seo\/ -->\n<title>Leistungen - ALPLUX<\/title>\n<meta name=\"description\" content=\"Leistungen\" \/>\n<meta name=\"robots\" content=\"index, follow, max-snippet:-1, max-image-preview:large, max-video-preview:-1\" \/>\n<link rel=\"canonical\" href=\"https:\/\/alplux.com\/summer_activities\/\" \/>\n<meta property=\"og:locale\" content=\"de_DE\" \/>\n<meta property=\"og:type\" content=\"article\" \/>\n<meta property=\"og:title\" content=\"Leistungen - ALPLUX\" \/>\n<meta property=\"og:description\" content=\"Leistungen\" \/>\n<meta property=\"og:url\" content=\"https:\/\/alplux.com\/summer_activities\/\" \/>\n<meta property=\"og:site_name\" content=\"ALPLUX\" \/>\n<meta property=\"article:modified_time\" content=\"2025-02-06T13:14:22+00:00\" \/>\n<meta name=\"twitter:card\" content=\"summary_large_image\" \/>\n<meta name=\"twitter:label1\" content=\"Gesch\u00e4tzte Lesezeit\" \/>\n\t<meta name=\"twitter:data1\" content=\"6\u00a0Minuten\" \/>\n<script type=\"application\/ld+json\" class=\"yoast-schema-graph\">{\"@context\":\"https:\/\/schema.org\",\"@graph\":[{\"@type\":\"WebPage\",\"@id\":\"https:\/\/alplux.com\/summer_activities\/\",\"url\":\"https:\/\/alplux.com\/summer_activities\/\",\"name\":\"[:ru]\u0426\u0435\u043d\u044b[:de]Leistungen[:en]Services[:] - ALPLUX\",\"isPartOf\":{\"@id\":\"https:\/\/alplux.com\/ru\/#website\"},\"datePublished\":\"2018-03-02T14:14:17+00:00\",\"dateModified\":\"2025-02-06T13:14:22+00:00\",\"description\":\"[:ru]\u0426\u0435\u043d\u044b[:de]Leistungen[:en]Services[:]\",\"breadcrumb\":{\"@id\":\"https:\/\/alplux.com\/summer_activities\/#breadcrumb\"},\"inLanguage\":\"de\",\"potentialAction\":[{\"@type\":\"ReadAction\",\"target\":[\"https:\/\/alplux.com\/summer_activities\/\"]}]},{\"@type\":\"BreadcrumbList\",\"@id\":\"https:\/\/alplux.com\/summer_activities\/#breadcrumb\",\"itemListElement\":[{\"@type\":\"ListItem\",\"position\":1,\"name\":\"\u0413\u043b\u0430\u0432\u043d\u0430\u044f \u0441\u0442\u0440\u0430\u043d\u0438\u0446\u0430\",\"item\":\"https:\/\/alplux.com\/ru\/\"},{\"@type\":\"ListItem\",\"position\":2,\"name\":\"\u0426\u0435\u043d\u044b\"}]},{\"@type\":\"WebSite\",\"@id\":\"https:\/\/alplux.com\/ru\/#website\",\"url\":\"https:\/\/alplux.com\/ru\/\",\"name\":\"ALPLUX\",\"description\":\"Urlaub in \u00f6sterreichische Alpen\",\"potentialAction\":[{\"@type\":\"SearchAction\",\"target\":{\"@type\":\"EntryPoint\",\"urlTemplate\":\"https:\/\/alplux.com\/ru\/?s={search_term_string}\"},\"query-input\":\"required name=search_term_string\"}],\"inLanguage\":\"de\"}]}<\/script>\n<!-- \/ Yoast SEO plugin. -->","yoast_head_json":{"title":"Leistungen - ALPLUX","description":"Leistungen","robots":{"index":"index","follow":"follow","max-snippet":"max-snippet:-1","max-image-preview":"max-image-preview:large","max-video-preview":"max-video-preview:-1"},"canonical":"https:\/\/alplux.com\/summer_activities\/","og_locale":"de_DE","og_type":"article","og_title":"Leistungen - ALPLUX","og_description":"Leistungen","og_url":"https:\/\/alplux.com\/summer_activities\/","og_site_name":"ALPLUX","article_modified_time":"2025-02-06T13:14:22+00:00","twitter_card":"summary_large_image","twitter_misc":{"Gesch\u00e4tzte Lesezeit":"6\u00a0Minuten"},"schema":{"@context":"https:\/\/schema.org","@graph":[{"@type":"WebPage","@id":"https:\/\/alplux.com\/summer_activities\/","url":"https:\/\/alplux.com\/summer_activities\/","name":"[:ru]\u0426\u0435\u043d\u044b[:de]Leistungen[:en]Services[:] - ALPLUX","isPartOf":{"@id":"https:\/\/alplux.com\/ru\/#website"},"datePublished":"2018-03-02T14:14:17+00:00","dateModified":"2025-02-06T13:14:22+00:00","description":"[:ru]\u0426\u0435\u043d\u044b[:de]Leistungen[:en]Services[:]","breadcrumb":{"@id":"https:\/\/alplux.com\/summer_activities\/#breadcrumb"},"inLanguage":"de","potentialAction":[{"@type":"ReadAction","target":["https:\/\/alplux.com\/summer_activities\/"]}]},{"@type":"BreadcrumbList","@id":"https:\/\/alplux.com\/summer_activities\/#breadcrumb","itemListElement":[{"@type":"ListItem","position":1,"name":"\u0413\u043b\u0430\u0432\u043d\u0430\u044f \u0441\u0442\u0440\u0430\u043d\u0438\u0446\u0430","item":"https:\/\/alplux.com\/ru\/"},{"@type":"ListItem","position":2,"name":"\u0426\u0435\u043d\u044b"}]},{"@type":"WebSite","@id":"https:\/\/alplux.com\/ru\/#website","url":"https:\/\/alplux.com\/ru\/","name":"ALPLUX","description":"Urlaub in \u00f6sterreichische Alpen","potentialAction":[{"@type":"SearchAction","target":{"@type":"EntryPoint","urlTemplate":"https:\/\/alplux.com\/ru\/?s={search_term_string}"},"query-input":"required name=search_term_string"}],"inLanguage":"de"}]}},"_links":{"self":[{"href":"https:\/\/alplux.com\/de\/wp-json\/wp\/v2\/pages\/4240"}],"collection":[{"href":"https:\/\/alplux.com\/de\/wp-json\/wp\/v2\/pages"}],"about":[{"href":"https:\/\/alplux.com\/de\/wp-json\/wp\/v2\/types\/page"}],"author":[{"embeddable":true,"href":"https:\/\/alplux.com\/de\/wp-json\/wp\/v2\/users\/4"}],"replies":[{"embeddable":true,"href":"https:\/\/alplux.com\/de\/wp-json\/wp\/v2\/comments?post=4240"}],"version-history":[{"count":65,"href":"https:\/\/alplux.com\/de\/wp-json\/wp\/v2\/pages\/4240\/revisions"}],"predecessor-version":[{"id":9539,"href":"https:\/\/alplux.com\/de\/wp-json\/wp\/v2\/pages\/4240\/revisions\/9539"}],"wp:attachment":[{"href":"https:\/\/alplux.com\/de\/wp-json\/wp\/v2\/media?parent=4240"}],"curies":[{"name":"wp","href":"https:\/\/api.w.org\/{rel}","templated":true}]}}