{"id":3169,"date":"2017-10-10T10:41:51","date_gmt":"2017-10-10T07:41:51","guid":{"rendered":"http:\/\/alplux.com\/?page_id=3169"},"modified":"2017-10-10T11:03:25","modified_gmt":"2017-10-10T08:03:25","slug":"about-summer","status":"publish","type":"page","link":"https:\/\/alplux.com\/de\/about-summer\/","title":{"rendered":"Sommer in \u00d6sterreich mit ALPLUX"},"content":{"rendered":"<p><\/p>\n<h1>Sommer in \u00d6sterreich mit ALPLUX<\/h1>\n<p style=\"text-align: justify;\">Sommer in den Alpen, genauso wie Winter, bietet auch zahlreiche M\u00f6glichkeiten f\u00fcr perfekte Entspannung und aktive Erholung.<\/p>\n<div id=\"attachment_728\" style=\"width: 635px\" class=\"wp-caption aligncenter\"><a href=\"http:\/\/alplux.com\/wp-content\/uploads\/2015\/09\/Leto_gori.jpg\" rel=\"lightbox\" data-rl_title=\"\" data-rl_caption=\"\" title=\"\"><img aria-describedby=\"caption-attachment-728\" loading=\"lazy\" class=\"wp-image-728 size-large\" src=\"http:\/\/alplux.com\/wp-content\/uploads\/2015\/09\/Leto_gori-1024x684.jpg\" alt=\"\u041b\u0435\u0442\u043e \u0432 \u0410\u043b\u044c\u043f\u0430\u0445\" width=\"625\" height=\"417\" srcset=\"https:\/\/alplux.com\/wp-content\/uploads\/2015\/09\/Leto_gori-1024x684.jpg 1024w, https:\/\/alplux.com\/wp-content\/uploads\/2015\/09\/Leto_gori-300x200.jpg 300w, https:\/\/alplux.com\/wp-content\/uploads\/2015\/09\/Leto_gori-624x417.jpg 624w, https:\/\/alplux.com\/wp-content\/uploads\/2015\/09\/Leto_gori.jpg 1600w\" sizes=\"(max-width: 625px) 100vw, 625px\" \/><\/a><p id=\"caption-attachment-728\" class=\"wp-caption-text\">Der beste Urlaub in \u00f6sterreichischen Alpen.<\/p><\/div>\n<p style=\"text-align: justify;\">Dank dem guten Service in \u00d6sterreich ist der Urlaub in den Bergen nicht nur gesundheitsf\u00f6rdernd und aktiv, sondern auch luxuri\u00f6s und entspannend. Das freut uns, dass unsere G\u00e4ste wirklich den Besonderheiten vom Urlaub in den Bergen t\u00fcchtig zusprechen k\u00f6nnen und immer wieder zu uns in die Alpen kommen.<\/p>\n<p>&nbsp;<\/p>\n<p style=\"text-align: center;\"><a style=\"color: #e3e1e1;\" href=\"http:\/\/alplux.com\/contacts\/all-rights-reserved\/\" target=\"_blank\">\u00a9 Urheberschutz<\/a><\/p>\n<p><\/p>","protected":false},"excerpt":{"rendered":"<p>Sommer in \u00d6sterreich mit ALPLUX Sommer in den Alpen, genauso wie Winter, bietet auch zahlreiche M\u00f6glichkeiten f\u00fcr perfekte Entspannung und aktive Erholung. Dank dem guten Service in \u00d6sterreich ist der Urlaub in den Bergen nicht nur gesundheitsf\u00f6rdernd und aktiv, sondern auch luxuri\u00f6s und entspannend. Das freut uns, dass unsere G\u00e4ste wirklich den Besonderheiten vom Urlaub [&hellip;]<\/p>\n","protected":false},"author":4,"featured_media":0,"parent":0,"menu_order":0,"comment_status":"closed","ping_status":"closed","template":"","meta":[],"acf":[],"yoast_head":"<!-- This site is optimized with the Yoast SEO plugin v19.10 - https:\/\/yoast.com\/wordpress\/plugins\/seo\/ -->\n<title>Sommer in \u00d6sterreich mit ALPLUX - ALPLUX<\/title>\n<meta name=\"description\" content=\"Sommer in \u00d6sterreich mit ALPLUX\" \/>\n<meta name=\"robots\" content=\"index, follow, max-snippet:-1, max-image-preview:large, max-video-preview:-1\" \/>\n<link rel=\"canonical\" href=\"https:\/\/alplux.com\/de\/about-summer\/\" \/>\n<meta property=\"og:locale\" content=\"de_DE\" \/>\n<meta property=\"og:type\" content=\"article\" \/>\n<meta property=\"og:title\" content=\"Sommer in \u00d6sterreich mit ALPLUX - ALPLUX\" \/>\n<meta property=\"og:description\" content=\"Sommer in \u00d6sterreich mit ALPLUX\" \/>\n<meta property=\"og:url\" content=\"https:\/\/alplux.com\/de\/about-summer\/\" \/>\n<meta property=\"og:site_name\" content=\"ALPLUX\" \/>\n<meta property=\"article:modified_time\" content=\"2017-10-10T08:03:25+00:00\" \/>\n<meta property=\"og:image\" content=\"http:\/\/alplux.com\/wp-content\/uploads\/2015\/09\/Leto_gori-1024x684.jpg\" \/>\n<meta name=\"twitter:card\" content=\"summary_large_image\" \/>\n<meta name=\"twitter:label1\" content=\"Gesch\u00e4tzte Lesezeit\" \/>\n\t<meta name=\"twitter:data1\" content=\"1\u00a0Minute\" \/>\n<script type=\"application\/ld+json\" class=\"yoast-schema-graph\">{\"@context\":\"https:\/\/schema.org\",\"@graph\":[{\"@type\":\"WebPage\",\"@id\":\"https:\/\/alplux.com\/de\/about-summer\/\",\"url\":\"https:\/\/alplux.com\/de\/about-summer\/\",\"name\":\"[:ru]\u041b\u0435\u0442\u043e \u0432 \u0410\u0432\u0441\u0442\u0440\u0438\u0438 \u0432\u043c\u0435\u0441\u0442\u0435 \u0441 ALPLUX[:de]Sommer in \u00d6sterreich mit ALPLUX[:en]Summer in Austria with ALPLUX[:] - ALPLUX\",\"isPartOf\":{\"@id\":\"https:\/\/alplux.com\/ru\/#website\"},\"datePublished\":\"2017-10-10T07:41:51+00:00\",\"dateModified\":\"2017-10-10T08:03:25+00:00\",\"description\":\"[:ru]\u041b\u0435\u0442\u043e \u0432 \u0410\u0432\u0441\u0442\u0440\u0438\u0438 \u0432\u043c\u0435\u0441\u0442\u0435 \u0441 ALPLUX[:de]Sommer in \u00d6sterreich mit ALPLUX[:en]Summer in Austria with ALPLUX[:]\",\"breadcrumb\":{\"@id\":\"https:\/\/alplux.com\/de\/about-summer\/#breadcrumb\"},\"inLanguage\":\"de\",\"potentialAction\":[{\"@type\":\"ReadAction\",\"target\":[\"https:\/\/alplux.com\/de\/about-summer\/\"]}]},{\"@type\":\"BreadcrumbList\",\"@id\":\"https:\/\/alplux.com\/de\/about-summer\/#breadcrumb\",\"itemListElement\":[{\"@type\":\"ListItem\",\"position\":1,\"name\":\"\u0413\u043b\u0430\u0432\u043d\u0430\u044f \u0441\u0442\u0440\u0430\u043d\u0438\u0446\u0430\",\"item\":\"https:\/\/alplux.com\/ru\/\"},{\"@type\":\"ListItem\",\"position\":2,\"name\":\"Sommer in \u00d6sterreich mit ALPLUX\"}]},{\"@type\":\"WebSite\",\"@id\":\"https:\/\/alplux.com\/ru\/#website\",\"url\":\"https:\/\/alplux.com\/ru\/\",\"name\":\"ALPLUX\",\"description\":\"Urlaub in \u00f6sterreichische Alpen\",\"potentialAction\":[{\"@type\":\"SearchAction\",\"target\":{\"@type\":\"EntryPoint\",\"urlTemplate\":\"https:\/\/alplux.com\/ru\/?s={search_term_string}\"},\"query-input\":\"required name=search_term_string\"}],\"inLanguage\":\"de\"}]}<\/script>\n<!-- \/ Yoast SEO plugin. -->","yoast_head_json":{"title":"Sommer in \u00d6sterreich mit ALPLUX - ALPLUX","description":"Sommer in \u00d6sterreich mit ALPLUX","robots":{"index":"index","follow":"follow","max-snippet":"max-snippet:-1","max-image-preview":"max-image-preview:large","max-video-preview":"max-video-preview:-1"},"canonical":"https:\/\/alplux.com\/de\/about-summer\/","og_locale":"de_DE","og_type":"article","og_title":"Sommer in \u00d6sterreich mit ALPLUX - ALPLUX","og_description":"Sommer in \u00d6sterreich mit ALPLUX","og_url":"https:\/\/alplux.com\/de\/about-summer\/","og_site_name":"ALPLUX","article_modified_time":"2017-10-10T08:03:25+00:00","og_image":[{"url":"http:\/\/alplux.com\/wp-content\/uploads\/2015\/09\/Leto_gori-1024x684.jpg"}],"twitter_card":"summary_large_image","twitter_misc":{"Gesch\u00e4tzte Lesezeit":"1\u00a0Minute"},"schema":{"@context":"https:\/\/schema.org","@graph":[{"@type":"WebPage","@id":"https:\/\/alplux.com\/de\/about-summer\/","url":"https:\/\/alplux.com\/de\/about-summer\/","name":"[:ru]\u041b\u0435\u0442\u043e \u0432 \u0410\u0432\u0441\u0442\u0440\u0438\u0438 \u0432\u043c\u0435\u0441\u0442\u0435 \u0441 ALPLUX[:de]Sommer in \u00d6sterreich mit ALPLUX[:en]Summer in Austria with ALPLUX[:] - ALPLUX","isPartOf":{"@id":"https:\/\/alplux.com\/ru\/#website"},"datePublished":"2017-10-10T07:41:51+00:00","dateModified":"2017-10-10T08:03:25+00:00","description":"[:ru]\u041b\u0435\u0442\u043e \u0432 \u0410\u0432\u0441\u0442\u0440\u0438\u0438 \u0432\u043c\u0435\u0441\u0442\u0435 \u0441 ALPLUX[:de]Sommer in \u00d6sterreich mit ALPLUX[:en]Summer in Austria with ALPLUX[:]","breadcrumb":{"@id":"https:\/\/alplux.com\/de\/about-summer\/#breadcrumb"},"inLanguage":"de","potentialAction":[{"@type":"ReadAction","target":["https:\/\/alplux.com\/de\/about-summer\/"]}]},{"@type":"BreadcrumbList","@id":"https:\/\/alplux.com\/de\/about-summer\/#breadcrumb","itemListElement":[{"@type":"ListItem","position":1,"name":"\u0413\u043b\u0430\u0432\u043d\u0430\u044f \u0441\u0442\u0440\u0430\u043d\u0438\u0446\u0430","item":"https:\/\/alplux.com\/ru\/"},{"@type":"ListItem","position":2,"name":"Sommer in \u00d6sterreich mit ALPLUX"}]},{"@type":"WebSite","@id":"https:\/\/alplux.com\/ru\/#website","url":"https:\/\/alplux.com\/ru\/","name":"ALPLUX","description":"Urlaub in \u00f6sterreichische Alpen","potentialAction":[{"@type":"SearchAction","target":{"@type":"EntryPoint","urlTemplate":"https:\/\/alplux.com\/ru\/?s={search_term_string}"},"query-input":"required name=search_term_string"}],"inLanguage":"de"}]}},"_links":{"self":[{"href":"https:\/\/alplux.com\/de\/wp-json\/wp\/v2\/pages\/3169"}],"collection":[{"href":"https:\/\/alplux.com\/de\/wp-json\/wp\/v2\/pages"}],"about":[{"href":"https:\/\/alplux.com\/de\/wp-json\/wp\/v2\/types\/page"}],"author":[{"embeddable":true,"href":"https:\/\/alplux.com\/de\/wp-json\/wp\/v2\/users\/4"}],"replies":[{"embeddable":true,"href":"https:\/\/alplux.com\/de\/wp-json\/wp\/v2\/comments?post=3169"}],"version-history":[{"count":7,"href":"https:\/\/alplux.com\/de\/wp-json\/wp\/v2\/pages\/3169\/revisions"}],"predecessor-version":[{"id":3181,"href":"https:\/\/alplux.com\/de\/wp-json\/wp\/v2\/pages\/3169\/revisions\/3181"}],"wp:attachment":[{"href":"https:\/\/alplux.com\/de\/wp-json\/wp\/v2\/media?parent=3169"}],"curies":[{"name":"wp","href":"https:\/\/api.w.org\/{rel}","templated":true}]}}