{"id":2634,"date":"2017-08-08T16:52:35","date_gmt":"2017-08-08T13:52:35","guid":{"rendered":"http:\/\/alplux.com\/?page_id=2634"},"modified":"2019-10-29T10:48:32","modified_gmt":"2019-10-29T07:48:32","slug":"all-rights-reserved","status":"publish","type":"page","link":"https:\/\/alplux.com\/de\/contacts\/all-rights-reserved\/","title":{"rendered":"Alle Rechte vorbehalten"},"content":{"rendered":"<p><\/p>\n<h1>Gewerblicher Rechtsschutz des geistigen Eigentums<\/h1>\n<p style=\"text-align: justify;\">Die Firma beh\u00e4lt sich das ausschlie\u00dfliche Recht vor, die Informationen zu besitzen, zu nutzen und zu verf\u00fcgen (alle Rechte des geistigen Eigentums), das betrifft auch Informations, Fotos, Design, Datenbanken, etc., die auf der Webseite platziert sind.<\/p>\n<p style=\"text-align: justify;\">Vervielf\u00e4ltigung oder das anderweitige Verwenden der Inhalte der Webseite, einschlie\u00dflich Bewertungen von Kunden, sind ohne ausdr\u00fcckliche schriftliche Zustimmung der Firma nicht gestattet.\u00a0Ausnahme ist Werbung von Dienstleistungen der Firma mit Ver\u00f6ffentlichung von Links auf die Webseite der Firma.<\/p>\n<p style=\"text-align: justify;\">Jede illegale Nutzung des geistigen Eigentums der Firma w\u00fcrde eine erhebliche Verletzung unserer Rechte an geistigem Eigentum darstellen (einschlie\u00dflich Urheberrecht und Recht an Datenbankzugriff).<\/p>\n<p style=\"text-align: justify;\">Die Firma haftet nicht f\u00fcr Urheberrechtsverletzungen durch Dritte, die durch die Nutzung der Webseite von den Kunden und andere Personen, die nicht mit der Firma verbunden sind, entstanden sind.<\/p>\n<p>Alle Bilder und Inhalte der Website sind urheberrechtlich gesch\u00fctzt.<\/p>","protected":false},"excerpt":{"rendered":"<p>Gewerblicher Rechtsschutz des geistigen Eigentums Die Firma beh\u00e4lt sich das ausschlie\u00dfliche Recht vor, die Informationen zu besitzen, zu nutzen und zu verf\u00fcgen (alle Rechte des geistigen Eigentums), das betrifft auch Informations, Fotos, Design, Datenbanken, etc., die auf der Webseite platziert sind. Vervielf\u00e4ltigung oder das anderweitige Verwenden der Inhalte der Webseite, einschlie\u00dflich Bewertungen von Kunden, sind [&hellip;]<\/p>\n","protected":false},"author":4,"featured_media":0,"parent":2,"menu_order":0,"comment_status":"closed","ping_status":"closed","template":"","meta":[],"acf":[],"yoast_head":"<!-- This site is optimized with the Yoast SEO plugin v19.10 - https:\/\/yoast.com\/wordpress\/plugins\/seo\/ -->\n<title>Alle Rechte vorbehalten - ALPLUX<\/title>\n<meta name=\"description\" content=\"Alle Rechte vorbehalten\" \/>\n<meta name=\"robots\" content=\"index, follow, max-snippet:-1, max-image-preview:large, max-video-preview:-1\" \/>\n<link rel=\"canonical\" href=\"https:\/\/alplux.com\/contacts\/all-rights-reserved\/\" \/>\n<meta property=\"og:locale\" content=\"de_DE\" \/>\n<meta property=\"og:type\" content=\"article\" \/>\n<meta property=\"og:title\" content=\"Alle Rechte vorbehalten - ALPLUX\" \/>\n<meta property=\"og:description\" content=\"Alle Rechte vorbehalten\" \/>\n<meta property=\"og:url\" content=\"https:\/\/alplux.com\/contacts\/all-rights-reserved\/\" \/>\n<meta property=\"og:site_name\" content=\"ALPLUX\" \/>\n<meta property=\"article:modified_time\" content=\"2019-10-29T07:48:32+00:00\" \/>\n<meta name=\"twitter:card\" content=\"summary_large_image\" \/>\n<meta name=\"twitter:label1\" content=\"Gesch\u00e4tzte Lesezeit\" \/>\n\t<meta name=\"twitter:data1\" content=\"1\u00a0Minute\" \/>\n<script type=\"application\/ld+json\" class=\"yoast-schema-graph\">{\"@context\":\"https:\/\/schema.org\",\"@graph\":[{\"@type\":\"WebPage\",\"@id\":\"https:\/\/alplux.com\/contacts\/all-rights-reserved\/\",\"url\":\"https:\/\/alplux.com\/contacts\/all-rights-reserved\/\",\"name\":\"[:ru]\u0412\u0441\u0435 \u043f\u0440\u0430\u0432\u0430 \u0437\u0430\u0449\u0438\u0449\u0435\u043d\u044b[:de]Alle Rechte vorbehalten[:en]All rights reserved[:] - ALPLUX\",\"isPartOf\":{\"@id\":\"https:\/\/alplux.com\/ru\/#website\"},\"datePublished\":\"2017-08-08T13:52:35+00:00\",\"dateModified\":\"2019-10-29T07:48:32+00:00\",\"description\":\"[:ru]\u0412\u0441\u0435 \u043f\u0440\u0430\u0432\u0430 \u0437\u0430\u0449\u0438\u0449\u0435\u043d\u044b[:de]Alle Rechte vorbehalten[:en]All rights reserved[:]\",\"breadcrumb\":{\"@id\":\"https:\/\/alplux.com\/contacts\/all-rights-reserved\/#breadcrumb\"},\"inLanguage\":\"de\",\"potentialAction\":[{\"@type\":\"ReadAction\",\"target\":[\"https:\/\/alplux.com\/contacts\/all-rights-reserved\/\"]}]},{\"@type\":\"BreadcrumbList\",\"@id\":\"https:\/\/alplux.com\/contacts\/all-rights-reserved\/#breadcrumb\",\"itemListElement\":[{\"@type\":\"ListItem\",\"position\":1,\"name\":\"\u0413\u043b\u0430\u0432\u043d\u0430\u044f \u0441\u0442\u0440\u0430\u043d\u0438\u0446\u0430\",\"item\":\"https:\/\/alplux.com\/ru\/\"},{\"@type\":\"ListItem\",\"position\":2,\"name\":\"\u041a\u043e\u043d\u0442\u0430\u043a\u0442\u044b\",\"item\":\"https:\/\/alplux.com\/contacts\/\"},{\"@type\":\"ListItem\",\"position\":3,\"name\":\"\u0412\u0441\u0435 \u043f\u0440\u0430\u0432\u0430 \u0437\u0430\u0449\u0438\u0449\u0435\u043d\u044b\"}]},{\"@type\":\"WebSite\",\"@id\":\"https:\/\/alplux.com\/ru\/#website\",\"url\":\"https:\/\/alplux.com\/ru\/\",\"name\":\"ALPLUX\",\"description\":\"Urlaub in \u00f6sterreichische Alpen\",\"potentialAction\":[{\"@type\":\"SearchAction\",\"target\":{\"@type\":\"EntryPoint\",\"urlTemplate\":\"https:\/\/alplux.com\/ru\/?s={search_term_string}\"},\"query-input\":\"required name=search_term_string\"}],\"inLanguage\":\"de\"}]}<\/script>\n<!-- \/ Yoast SEO plugin. -->","yoast_head_json":{"title":"Alle Rechte vorbehalten - ALPLUX","description":"Alle Rechte vorbehalten","robots":{"index":"index","follow":"follow","max-snippet":"max-snippet:-1","max-image-preview":"max-image-preview:large","max-video-preview":"max-video-preview:-1"},"canonical":"https:\/\/alplux.com\/contacts\/all-rights-reserved\/","og_locale":"de_DE","og_type":"article","og_title":"Alle Rechte vorbehalten - ALPLUX","og_description":"Alle Rechte vorbehalten","og_url":"https:\/\/alplux.com\/contacts\/all-rights-reserved\/","og_site_name":"ALPLUX","article_modified_time":"2019-10-29T07:48:32+00:00","twitter_card":"summary_large_image","twitter_misc":{"Gesch\u00e4tzte Lesezeit":"1\u00a0Minute"},"schema":{"@context":"https:\/\/schema.org","@graph":[{"@type":"WebPage","@id":"https:\/\/alplux.com\/contacts\/all-rights-reserved\/","url":"https:\/\/alplux.com\/contacts\/all-rights-reserved\/","name":"[:ru]\u0412\u0441\u0435 \u043f\u0440\u0430\u0432\u0430 \u0437\u0430\u0449\u0438\u0449\u0435\u043d\u044b[:de]Alle Rechte vorbehalten[:en]All rights reserved[:] - ALPLUX","isPartOf":{"@id":"https:\/\/alplux.com\/ru\/#website"},"datePublished":"2017-08-08T13:52:35+00:00","dateModified":"2019-10-29T07:48:32+00:00","description":"[:ru]\u0412\u0441\u0435 \u043f\u0440\u0430\u0432\u0430 \u0437\u0430\u0449\u0438\u0449\u0435\u043d\u044b[:de]Alle Rechte vorbehalten[:en]All rights reserved[:]","breadcrumb":{"@id":"https:\/\/alplux.com\/contacts\/all-rights-reserved\/#breadcrumb"},"inLanguage":"de","potentialAction":[{"@type":"ReadAction","target":["https:\/\/alplux.com\/contacts\/all-rights-reserved\/"]}]},{"@type":"BreadcrumbList","@id":"https:\/\/alplux.com\/contacts\/all-rights-reserved\/#breadcrumb","itemListElement":[{"@type":"ListItem","position":1,"name":"\u0413\u043b\u0430\u0432\u043d\u0430\u044f \u0441\u0442\u0440\u0430\u043d\u0438\u0446\u0430","item":"https:\/\/alplux.com\/ru\/"},{"@type":"ListItem","position":2,"name":"\u041a\u043e\u043d\u0442\u0430\u043a\u0442\u044b","item":"https:\/\/alplux.com\/contacts\/"},{"@type":"ListItem","position":3,"name":"\u0412\u0441\u0435 \u043f\u0440\u0430\u0432\u0430 \u0437\u0430\u0449\u0438\u0449\u0435\u043d\u044b"}]},{"@type":"WebSite","@id":"https:\/\/alplux.com\/ru\/#website","url":"https:\/\/alplux.com\/ru\/","name":"ALPLUX","description":"Urlaub in \u00f6sterreichische Alpen","potentialAction":[{"@type":"SearchAction","target":{"@type":"EntryPoint","urlTemplate":"https:\/\/alplux.com\/ru\/?s={search_term_string}"},"query-input":"required name=search_term_string"}],"inLanguage":"de"}]}},"_links":{"self":[{"href":"https:\/\/alplux.com\/de\/wp-json\/wp\/v2\/pages\/2634"}],"collection":[{"href":"https:\/\/alplux.com\/de\/wp-json\/wp\/v2\/pages"}],"about":[{"href":"https:\/\/alplux.com\/de\/wp-json\/wp\/v2\/types\/page"}],"author":[{"embeddable":true,"href":"https:\/\/alplux.com\/de\/wp-json\/wp\/v2\/users\/4"}],"replies":[{"embeddable":true,"href":"https:\/\/alplux.com\/de\/wp-json\/wp\/v2\/comments?post=2634"}],"version-history":[{"count":14,"href":"https:\/\/alplux.com\/de\/wp-json\/wp\/v2\/pages\/2634\/revisions"}],"predecessor-version":[{"id":6787,"href":"https:\/\/alplux.com\/de\/wp-json\/wp\/v2\/pages\/2634\/revisions\/6787"}],"up":[{"embeddable":true,"href":"https:\/\/alplux.com\/de\/wp-json\/wp\/v2\/pages\/2"}],"wp:attachment":[{"href":"https:\/\/alplux.com\/de\/wp-json\/wp\/v2\/media?parent=2634"}],"curies":[{"name":"wp","href":"https:\/\/api.w.org\/{rel}","templated":true}]}}