{"id":211,"date":"2015-10-01T11:32:22","date_gmt":"2015-10-01T08:32:22","guid":{"rendered":"http:\/\/alplux.com\/?page_id=211"},"modified":"2024-04-23T17:31:26","modified_gmt":"2024-04-23T14:31:26","slug":"about","status":"publish","type":"page","link":"https:\/\/alplux.com\/de\/about\/","title":{"rendered":"\u00dcber ALPLUX"},"content":{"rendered":"<p><\/p>\n<h1>Reiseb\u00fcro ALPLUX<\/h1>\n<p style=\"text-align: justify;\">Wir stehen unseren G\u00e4sten gerne zur Seite, damit sie richtige Entscheidungen f\u00fcr ihren unvergesslichen Urlaub in den Bergen treffen, n\u00e4mlich, wir helfen Ihnen, ein passendes <a href=\"http:\/\/alplux.com\/hotels\/\">Hotel oder Appartement<\/a>, einen guten <a href=\"http:\/\/alplux.com\/instructors\/\">Ski- oder Snowboardlehrer<\/a>, g\u00fcnstiges <a href=\"http:\/\/alplux.com\/transfer\/\">Transfer-Service vom Flughafen zum Hotel<\/a> und zur\u00fcck, geeignete Ausr\u00fcstung zu w\u00e4hlen, also: <a href=\"http:\/\/alplux.com\/services\/\">alles, was Sie f\u00fcr einen perfekten Urlaub<\/a> in den Alpen ben\u00f6tigen. Wir geben Ihnen nicht nur wertvolle Tipps sondern erledigen f\u00fcr Sie alle erw\u00fcnschten Bestellungen.<\/p>\n<p style=\"text-align: justify;\">Dank dem guten Service in \u00d6sterreich ist der Urlaub in den Bergen nicht nur gesundheitsf\u00f6rdernd und aktiv, sondern auch luxuri\u00f6s und entspannend. Das freut uns, dass unsere G\u00e4ste wirklich den Besonderheiten vom Urlaub in den Bergen t\u00fcchtig zusprechen k\u00f6nnen und immer wieder zu uns in die Alpen kommen.<\/p>\n<p style=\"text-align: justify;\">Gerne arbeiten wir mit zahlreichen Organisationen und Betrieben zusammen: Reiseb\u00fcros, Transfer-Unternehmen, Hotels und Ferienwohnungen, Ski- und Snowboardschulen, Sportgesch\u00e4fte sowie mit anderen Vertretern im Dienstleistungsbereich in den Alpen.<\/p>\n<p style=\"text-align: justify;\">Erfahren Sie mehr \u00fcber die Preise der Dienstleistungen in den \u00f6sterreichischen Alpen: f\u00fcllen Sie einfach <a href=\"http:\/\/alplux.com\/book-now\/\">das Formular<\/a> mit Ihren Bed\u00fcrfnissen bzw. W\u00fcnschen aus oder <a href=\"http:\/\/alplux.com\/contacts\/\">kontaktieren Sie uns<\/a>.<\/p>\n<p>&nbsp;<\/p>","protected":false},"excerpt":{"rendered":"<p>Reiseb\u00fcro ALPLUX Wir stehen unseren G\u00e4sten gerne zur Seite, damit sie richtige Entscheidungen f\u00fcr ihren unvergesslichen Urlaub in den Bergen treffen, n\u00e4mlich, wir helfen Ihnen, ein passendes Hotel oder Appartement, einen guten Ski- oder Snowboardlehrer, g\u00fcnstiges Transfer-Service vom Flughafen zum Hotel und zur\u00fcck, geeignete Ausr\u00fcstung zu w\u00e4hlen, also: alles, was Sie f\u00fcr einen perfekten Urlaub [&hellip;]<\/p>\n","protected":false},"author":1,"featured_media":0,"parent":0,"menu_order":0,"comment_status":"closed","ping_status":"closed","template":"","meta":[],"acf":[],"yoast_head":"<!-- This site is optimized with the Yoast SEO plugin v19.10 - https:\/\/yoast.com\/wordpress\/plugins\/seo\/ -->\n<title>\u00dcber ALPLUX<\/title>\n<meta name=\"description\" content=\"\u00dcber ALPLUX\" \/>\n<meta name=\"robots\" content=\"index, follow, max-snippet:-1, max-image-preview:large, max-video-preview:-1\" \/>\n<link rel=\"canonical\" href=\"https:\/\/alplux.com\/about\/\" \/>\n<meta property=\"og:locale\" content=\"de_DE\" \/>\n<meta property=\"og:type\" content=\"article\" \/>\n<meta property=\"og:title\" content=\"\u00dcber ALPLUX\" \/>\n<meta property=\"og:description\" content=\"\u00dcber ALPLUX\" \/>\n<meta property=\"og:url\" content=\"https:\/\/alplux.com\/about\/\" \/>\n<meta property=\"og:site_name\" content=\"ALPLUX\" \/>\n<meta property=\"article:modified_time\" content=\"2024-04-23T14:31:26+00:00\" \/>\n<meta property=\"og:image\" content=\"http:\/\/alplux.com\/wp-content\/uploads\/2016\/10\/Irina_Sergey_Soelden.jpg\" \/>\n<meta name=\"twitter:card\" content=\"summary_large_image\" \/>\n<meta name=\"twitter:label1\" content=\"Gesch\u00e4tzte Lesezeit\" \/>\n\t<meta name=\"twitter:data1\" content=\"1\u00a0Minute\" \/>\n<script type=\"application\/ld+json\" class=\"yoast-schema-graph\">{\"@context\":\"https:\/\/schema.org\",\"@graph\":[{\"@type\":\"WebPage\",\"@id\":\"https:\/\/alplux.com\/about\/\",\"url\":\"https:\/\/alplux.com\/about\/\",\"name\":\"[:ru]\u041a\u0430\u043a \u0441\u043f\u043b\u0430\u043d\u0438\u0440\u043e\u0432\u0430\u0442\u044c \u043e\u0442\u043b\u0438\u0447\u043d\u044b\u0439 \u043e\u0442\u0434\u044b\u0445 \u0432 \u0410\u043b\u044c\u043f\u0430\u0445[:de]\u00dcber ALPLUX[:en]About ALPLUX[:]\",\"isPartOf\":{\"@id\":\"https:\/\/alplux.com\/ru\/#website\"},\"datePublished\":\"2015-10-01T08:32:22+00:00\",\"dateModified\":\"2024-04-23T14:31:26+00:00\",\"description\":\"{:ru}\u041f\u0440\u0438\u043d\u0446\u0438\u043f\u044b \u0440\u0430\u0431\u043e\u0442\u044b ALPLUX. \u041c\u044b \u043f\u043e\u043c\u043e\u0436\u0435\u043c \u0441\u043f\u043b\u0430\u043d\u0438\u0440\u043e\u0432\u0430\u0442\u044c \u0432\u0430\u0448 \u043d\u0435\u0437\u0430\u0431\u044b\u0432\u0430\u0435\u043c\u044b\u0439 \u043e\u0442\u0434\u044b\u0445 \u0432 \u0433\u043e\u0440\u0430\u0445. \u0410\u043b\u044c\u043f\u044b, \u0410\u0432\u0441\u0442\u0440\u0438\u044f, \u0422\u0438\u0440\u043e\u043b\u044c, \u0417\u0435\u043b\u044c\u0434\u0435\u043d.{:de}\u00dcber ALPLUX{:en}About ALPLUX{:}\",\"breadcrumb\":{\"@id\":\"https:\/\/alplux.com\/about\/#breadcrumb\"},\"inLanguage\":\"de\",\"potentialAction\":[{\"@type\":\"ReadAction\",\"target\":[\"https:\/\/alplux.com\/about\/\"]}]},{\"@type\":\"BreadcrumbList\",\"@id\":\"https:\/\/alplux.com\/about\/#breadcrumb\",\"itemListElement\":[{\"@type\":\"ListItem\",\"position\":1,\"name\":\"\u0413\u043b\u0430\u0432\u043d\u0430\u044f \u0441\u0442\u0440\u0430\u043d\u0438\u0446\u0430\",\"item\":\"https:\/\/alplux.com\/ru\/\"},{\"@type\":\"ListItem\",\"position\":2,\"name\":\"\u041f\u0440\u0438\u043d\u0446\u0438\u043f\u044b \u0440\u0430\u0431\u043e\u0442\u044b ALPLUX\"}]},{\"@type\":\"WebSite\",\"@id\":\"https:\/\/alplux.com\/ru\/#website\",\"url\":\"https:\/\/alplux.com\/ru\/\",\"name\":\"ALPLUX\",\"description\":\"Urlaub in \u00f6sterreichische Alpen\",\"potentialAction\":[{\"@type\":\"SearchAction\",\"target\":{\"@type\":\"EntryPoint\",\"urlTemplate\":\"https:\/\/alplux.com\/ru\/?s={search_term_string}\"},\"query-input\":\"required name=search_term_string\"}],\"inLanguage\":\"de\"}]}<\/script>\n<!-- \/ Yoast SEO plugin. -->","yoast_head_json":{"title":"\u00dcber ALPLUX","description":"\u00dcber ALPLUX","robots":{"index":"index","follow":"follow","max-snippet":"max-snippet:-1","max-image-preview":"max-image-preview:large","max-video-preview":"max-video-preview:-1"},"canonical":"https:\/\/alplux.com\/about\/","og_locale":"de_DE","og_type":"article","og_title":"\u00dcber ALPLUX","og_description":"\u00dcber ALPLUX","og_url":"https:\/\/alplux.com\/about\/","og_site_name":"ALPLUX","article_modified_time":"2024-04-23T14:31:26+00:00","og_image":[{"url":"http:\/\/alplux.com\/wp-content\/uploads\/2016\/10\/Irina_Sergey_Soelden.jpg"}],"twitter_card":"summary_large_image","twitter_misc":{"Gesch\u00e4tzte Lesezeit":"1\u00a0Minute"},"schema":{"@context":"https:\/\/schema.org","@graph":[{"@type":"WebPage","@id":"https:\/\/alplux.com\/about\/","url":"https:\/\/alplux.com\/about\/","name":"[:ru]\u041a\u0430\u043a \u0441\u043f\u043b\u0430\u043d\u0438\u0440\u043e\u0432\u0430\u0442\u044c \u043e\u0442\u043b\u0438\u0447\u043d\u044b\u0439 \u043e\u0442\u0434\u044b\u0445 \u0432 \u0410\u043b\u044c\u043f\u0430\u0445[:de]\u00dcber ALPLUX[:en]About ALPLUX[:]","isPartOf":{"@id":"https:\/\/alplux.com\/ru\/#website"},"datePublished":"2015-10-01T08:32:22+00:00","dateModified":"2024-04-23T14:31:26+00:00","description":"{:ru}\u041f\u0440\u0438\u043d\u0446\u0438\u043f\u044b \u0440\u0430\u0431\u043e\u0442\u044b ALPLUX. \u041c\u044b \u043f\u043e\u043c\u043e\u0436\u0435\u043c \u0441\u043f\u043b\u0430\u043d\u0438\u0440\u043e\u0432\u0430\u0442\u044c \u0432\u0430\u0448 \u043d\u0435\u0437\u0430\u0431\u044b\u0432\u0430\u0435\u043c\u044b\u0439 \u043e\u0442\u0434\u044b\u0445 \u0432 \u0433\u043e\u0440\u0430\u0445. \u0410\u043b\u044c\u043f\u044b, \u0410\u0432\u0441\u0442\u0440\u0438\u044f, \u0422\u0438\u0440\u043e\u043b\u044c, \u0417\u0435\u043b\u044c\u0434\u0435\u043d.{:de}\u00dcber ALPLUX{:en}About ALPLUX{:}","breadcrumb":{"@id":"https:\/\/alplux.com\/about\/#breadcrumb"},"inLanguage":"de","potentialAction":[{"@type":"ReadAction","target":["https:\/\/alplux.com\/about\/"]}]},{"@type":"BreadcrumbList","@id":"https:\/\/alplux.com\/about\/#breadcrumb","itemListElement":[{"@type":"ListItem","position":1,"name":"\u0413\u043b\u0430\u0432\u043d\u0430\u044f \u0441\u0442\u0440\u0430\u043d\u0438\u0446\u0430","item":"https:\/\/alplux.com\/ru\/"},{"@type":"ListItem","position":2,"name":"\u041f\u0440\u0438\u043d\u0446\u0438\u043f\u044b \u0440\u0430\u0431\u043e\u0442\u044b ALPLUX"}]},{"@type":"WebSite","@id":"https:\/\/alplux.com\/ru\/#website","url":"https:\/\/alplux.com\/ru\/","name":"ALPLUX","description":"Urlaub in \u00f6sterreichische Alpen","potentialAction":[{"@type":"SearchAction","target":{"@type":"EntryPoint","urlTemplate":"https:\/\/alplux.com\/ru\/?s={search_term_string}"},"query-input":"required name=search_term_string"}],"inLanguage":"de"}]}},"_links":{"self":[{"href":"https:\/\/alplux.com\/de\/wp-json\/wp\/v2\/pages\/211"}],"collection":[{"href":"https:\/\/alplux.com\/de\/wp-json\/wp\/v2\/pages"}],"about":[{"href":"https:\/\/alplux.com\/de\/wp-json\/wp\/v2\/types\/page"}],"author":[{"embeddable":true,"href":"https:\/\/alplux.com\/de\/wp-json\/wp\/v2\/users\/1"}],"replies":[{"embeddable":true,"href":"https:\/\/alplux.com\/de\/wp-json\/wp\/v2\/comments?post=211"}],"version-history":[{"count":35,"href":"https:\/\/alplux.com\/de\/wp-json\/wp\/v2\/pages\/211\/revisions"}],"predecessor-version":[{"id":9020,"href":"https:\/\/alplux.com\/de\/wp-json\/wp\/v2\/pages\/211\/revisions\/9020"}],"wp:attachment":[{"href":"https:\/\/alplux.com\/de\/wp-json\/wp\/v2\/media?parent=211"}],"curies":[{"name":"wp","href":"https:\/\/api.w.org\/{rel}","templated":true}]}}