{"id":2076,"date":"2017-06-13T19:08:33","date_gmt":"2017-06-13T16:08:33","guid":{"rendered":"http:\/\/alplux.com\/?page_id=2076"},"modified":"2025-12-08T17:28:20","modified_gmt":"2025-12-08T14:28:20","slug":"terms-and-conditions","status":"publish","type":"page","link":"https:\/\/alplux.com\/de\/contacts\/terms-and-conditions\/","title":{"rendered":"Gesch\u00e4ftsbedingungen"},"content":{"rendered":"<p><\/p>\n<p style=\"text-align: justify;\"><strong>Gesch\u00e4ftsbedingungen f\u00fcr Reisevermittlungen des Reiseb\u00fcros ALPLUX<br \/>\n<\/strong><br \/>\nF\u00fcr des Reiseb\u00fcros ALPLUX e.U. als Reisevermittlerin gilt Teil A (\u201eDas Reiseb\u00fcro als Vermittler\u201c) der Allgemeinen Reisebedingungen (ARB 1992).<br \/>\n<a href=\"http:\/\/www.wkv.at\/sektionen\/tf\/pdf\/ARB92.pdf\">Allgemeine Reisebedingungen (ARB 1992)<\/a><br \/>\n<a href=\"https:\/\/www.wko.at\/branchen\/tourismus-freizeitwirtschaft\/hotellerie\/AGBH_061115.pdf\">Allgemeine Gesch\u00e4ftsbedingungen f\u00fcr die Hotellerie (AGBH 2006)<\/a><\/p>\n<p style=\"text-align: justify;\"><strong>Grundbestimmungen<\/strong><br \/>\nIndem Sie eine Dienstleistung im Reiseb\u00fcro ALPLUX buchen, erwerben Sie eine Dienstleistung der entsprechenden Leistungserbringer, und unsere Reiseb\u00fcro fungiert hier nur als Vermittler, d.h. von uns wird Folgendes get\u00e4tigt:<\/p>\n<ul style=\"text-align: justify;\">\n<li style=\"text-align: left;\">wir koordinieren, die Kommunikation zwischen dem Kunde und dem entsprechenden Leistungserbringer;<\/li>\n<li style=\"text-align: left;\">wir machen die Buchung auf und leiten die Details der Buchung mit Zahlungskonditionen\u00a0den Kunden weiter;<\/li>\n<li style=\"text-align: left;\">nach der\u00a0geleistete Anzahlung senden wir dem Kunden per E-mail eine Buchungsbest\u00e4tigung f\u00fcr die Dienstleistungen mit Name und Kontaktinformation des Leistungserbringer.<\/li>\n<\/ul>\n<p style=\"text-align: justify;\"><strong>Zahlungsmodus<\/strong><br \/>\nWenn Sie \u00fcber das Reiseb\u00fcro die Dienstleistungen kaufen und die Auftragsausfertigung erfolgt, stehen folgende Zahlungsarten, abh\u00e4ngig von den Bedingungen der bestimmten Leistungserbringer, zur Verf\u00fcgung:<\/p>\n<ul style=\"text-align: justify;\">\n<li style=\"text-align: justify;\">Die \u00dcberweisung des Betrages laut Rechnung nach der Buchung der Dienstleistungen. Diese Zahlung erfolgt laut der Rechnung, die der Kunde von der Firma nach der Reservierung der Dienstleistung im Rahmen der normalen Kommunikation geschickt bekommt. In solchem Fall gilt die Zahlung als erledigt, nachdem der Betrag auf das in der Rechnung angegebene Bankkonto eingegangen ist.<\/li>\n<li style=\"text-align: justify;\">Die Abrechnung durch sichere Internet-Zahlung. Diese Zahlung erfolgt \u00fcber ein Zahlungssystem Dritter, in diesem Fall wird das Geld von der vom Kunden angegebenen Kreditkarte oder von dem vom Kunden angegebenen Bankkonto abgebucht.<\/li>\n<\/ul>\n<p style=\"text-align: justify;\">Unabh\u00e4ngig von der Zahlungsart muss die Geb\u00fchr vor Erhalt der Dienstleistungen vollst\u00e4ndig bezahlt werden, sofern nichts anderes f\u00fcr konkrete Sonderangebote angegeben wurde. Der Kunde hat die Fristen der Zahlung zu beachten. Wenn die Zahlung nach der angegebenen Frist erfolgt, kann die Firma das Erhalten der Dienstleistungen nicht garantieren.<\/p>\n<p style=\"text-align: justify;\"><strong>\u00c4nderungen der Buchung<\/strong><br \/>\nNach der Buchung der Dienstleistungen kann der Kunde auf dem Wege der normalen Korrespondenz mit dem Reiseb\u00fcro bitten, die \u00c4nderungen in den gebuchten Dienstleistungen vorzunehmen. Mit R\u00fccksicht auf M\u00f6glichkeiten des Leistungsbringer und Zeitpunkt des Eingangs solcher Anfragen kann das Reiseb\u00fcro nicht immer garantieren, dass die vom Kunden erw\u00fcnschten \u00c4nderungen vorgenommen werden. Die L\u00f6sung solcher Anfragen erfolgt individuell.<\/p>\n<p style=\"text-align: justify;\"><strong>Stornobedingungen und Geldr\u00fcckerstattung<\/strong><br \/>\nDer Kunde hat das Recht, die Dienstleistung ganz oder teilweise stornieren, indem er den entsprechenden Stornobedingungen in Bezug auf die Fristen f\u00fcr die Stornierung von gebuchten Dienstleistungen gelten.\u00a0Die Geldr\u00fcckerstattung erfolgt abz\u00fcglich der von dem Reiseb\u00fcro und der Firma gezahlten Bankspesen und anderer Kommissionsgeb\u00fchren.<br \/>\nIn Fall Stornierung bei fr\u00fcher der erledigte nur Teilzahlung, wenn solche Zahlungsart in einer bestimmten Unternehmen zul\u00e4ssig ist, ist der Kunde verpflichtet, Restzahlung der Stornogeb\u00fchr\u00a0in voller H\u00f6he zu zahlen.<\/p>\n<p style=\"text-align: justify;\"><strong>R\u00fccktritt mit Stornogeb\u00fchr<\/strong><br \/>\nJe nach Dienstleistungsart ergeben sich pro Person folgende Stornos\u00e4tze.<\/p>\n<table width=\"100%\">\n<tbody>\n<tr style=\"text-align: justify;\">\n<td style=\"width: 50%; text-align: left;\" colspan=\"2\">Unterkunft<\/td>\n<\/tr>\n<tr style=\"text-align: justify;\">\n<td style=\"width: 50%; text-align: left;\">bis 3 Monate<\/td>\n<td style=\"width: 50%; text-align: right;\">keine Stornogeb\u00fchren<\/td>\n<\/tr>\n<tr style=\"text-align: justify;\">\n<td style=\"width: 50%; text-align: left;\">ab 90. bis 31. Tag vor dem Ankunftstag<\/td>\n<td style=\"width: 50%; text-align: right;\">40% vom gesamten Preis<\/td>\n<\/tr>\n<tr style=\"text-align: justify;\">\n<td style=\"width: 50%; text-align: left;\">ab 30. bis 8. Tag vor dem Ankunftstag<\/td>\n<td style=\"width: 50%; text-align: right;\">70% vom gesamten Preis<\/td>\n<\/tr>\n<tr>\n<td style=\"width: 50%; text-align: left;\">ab 7. Tag vor dem Ankunftstag<\/td>\n<td style=\"width: 50%; text-align: right;\">90% vom gesamten Preis<\/td>\n<\/tr>\n<\/tbody>\n<\/table>\n<table width=\"100%\">\n<tbody>\n<tr style=\"text-align: justify;\">\n<td style=\"width: 50%; text-align: left;\" colspan=\"2\">Transfer<\/td>\n<\/tr>\n<tr style=\"text-align: justify;\">\n<td style=\"width: 50%; text-align: left;\">bis 3 Monate<\/td>\n<td style=\"width: 50%; text-align: right;\">keine Stornogeb\u00fchren<\/td>\n<\/tr>\n<tr style=\"text-align: justify;\">\n<td style=\"width: 50%; text-align: left;\">ab 90. bis 14. Tag vor dem Ankunftstag<\/td>\n<td style=\"width: 50%; text-align: right;\">10% vom gesamten Preis<\/td>\n<\/tr>\n<tr style=\"text-align: justify;\">\n<td style=\"width: 50%; text-align: left;\">ab 13. bis 3. Tag vor dem Ankunftstag<\/td>\n<td style=\"width: 50%; text-align: right;\">30% vom gesamten Preis<\/td>\n<\/tr>\n<tr>\n<td style=\"width: 50%; text-align: left;\">ab 2. Tag vor dem Ankunftstag<\/td>\n<td style=\"width: 50%; text-align: right;\">100% vom gesamten Preis<\/td>\n<\/tr>\n<\/tbody>\n<\/table>\n<table width=\"100%\">\n<tbody>\n<tr style=\"text-align: justify;\">\n<td style=\"width: 50%; text-align: left;\" colspan=\"2\">Unterrichte mit Lehrer<\/td>\n<\/tr>\n<tr style=\"text-align: justify;\">\n<td style=\"width: 50%; text-align: left;\">bis 3 Monate<\/td>\n<td style=\"width: 50%; text-align: right;\">keine Stornogeb\u00fchren<\/td>\n<\/tr>\n<tr style=\"text-align: justify;\">\n<td style=\"width: 50%; text-align: left;\">ab 90. bis 14. Tag vor dem Termin<\/td>\n<td style=\"width: 50%; text-align: right;\">10% vom gesamten Preis<\/td>\n<\/tr>\n<tr style=\"text-align: justify;\">\n<td style=\"width: 50%; text-align: left;\">ab 14. bis 2. Tag vor dem Termin<\/td>\n<td style=\"width: 50%; text-align: right;\">70% vom gesamten Preis<\/td>\n<\/tr>\n<tr>\n<td style=\"width: 50%; text-align: left;\">ab 1. Tag vor dem Termin<\/td>\n<td style=\"width: 50%; text-align: right;\">100% vom gesamten Preis<\/td>\n<\/tr>\n<\/tbody>\n<\/table>\n<table width=\"100%\">\n<tbody>\n<tr style=\"text-align: justify;\">\n<td style=\"width: 50%; text-align: left;\" colspan=\"2\">Sommeraktivit\u00e4ten (Rafting, Canyoning und andere)<\/td>\n<\/tr>\n<tr style=\"text-align: justify;\">\n<td style=\"width: 50%; text-align: left;\">bis 3 Monate<\/td>\n<td style=\"width: 50%; text-align: right;\">keine Stornogeb\u00fchren<\/td>\n<\/tr>\n<tr style=\"text-align: justify;\">\n<td style=\"width: 50%; text-align: left;\">ab 90. bis 30. Tag vor dem Termin<\/td>\n<td style=\"width: 50%; text-align: right;\">20% vom gesamten Preis<\/td>\n<\/tr>\n<tr style=\"text-align: justify;\">\n<td style=\"width: 50%; text-align: left;\">ab 29. bis 22. Tag vor dem Termin<\/td>\n<td style=\"width: 50%; text-align: right;\">30% vom gesamten Preis<\/td>\n<\/tr>\n<tr style=\"text-align: justify;\">\n<td style=\"width: 50%; text-align: left;\">ab 21. bis 15. Tag vor dem Termin<\/td>\n<td style=\"width: 50%; text-align: right;\">40% vom gesamten Preis<\/td>\n<\/tr>\n<tr style=\"text-align: justify;\">\n<td style=\"width: 50%; text-align: left;\">ab 14. bis 7. Tag vor dem Termin<\/td>\n<td style=\"width: 50%; text-align: right;\">60% vom gesamten Preis<\/td>\n<\/tr>\n<tr style=\"text-align: justify;\">\n<td style=\"width: 50%; text-align: left;\">ab 6. bis 1. Tag vor dem Termin<\/td>\n<td style=\"width: 50%; text-align: right;\">90% vom gesamten Preis<\/td>\n<\/tr>\n<tr style=\"text-align: justify;\">\n<td style=\"width: 50%; text-align: left;\">am Anreise<\/td>\n<td style=\"width: 50%; text-align: right;\">100% vom gesamten Preis<\/td>\n<\/tr>\n<\/tbody>\n<\/table>\n<p style=\"text-align: left;\"><strong>Zus\u00e4tzliche Anforderungen f\u00fcr gebuchten Unterrichten in Ski &amp; Snowboardschule<\/strong><\/p>\n<ul style=\"text-align: justify;\">\n<li style=\"text-align: justify;\">Wenn der Kunde die Dienstleistung nach Ablauf der Stornofrist storniert, wird die Geb\u00fchr nicht erstattet, au\u00dfer wenn der Grund f\u00fcr die Stornierung der Dienstleistung das \u00e4rztliche Attest, also Krankheit des Kunden, ist. Die Skischule beh\u00e4lt sich das Recht vor, in einzelnen Situationen individuell aufgrund der vom Kunden zur Verf\u00fcgung gestellten Unterlagen zu entscheiden.<\/li>\n<li style=\"text-align: justify;\">Der Kunde hat kein Recht, einseitig die gekauften Dienstleistungen unter Berufung auf schlechte Wetterbedingungen zu stornieren, wenn die Schule als erfahrener Spezialist der Meinung ist, dass bei solchen Wetterbedingungen die Dienstleistungen erbracht werden k\u00f6nnen und die Schule diese Dienstleistungen dem Kunden qualit\u00e4tsgerecht bieten kann.<\/li>\n<li style=\"text-align: justify;\">Das Reiseb\u00fcro oder die Schule haben das Recht, auf die Erbringung der Dienstleistungen ohne Angaben von Gr\u00fcnden einseitig zu verzichten, in diesem Falle wird dem Kunden nur der Rechnungsbetrag zur\u00fcckerstattet. Unter anderem kann der Grund f\u00fcr die Stornierung der Erbringung von Dienstleistungen durch das Reiseb\u00fcro und\/oder die Schule schlechte Wetterbedingungen sein, wenn die Schule die Sicherheit des Kunden nicht garantieren kann, oder auch andere Umst\u00e4nde h\u00f6herer Gewalt, d.h. solche Umst\u00e4nde, die sichere Erbringung von Dienstleistungen an den Kunden nicht m\u00f6glich machen und das Reiseb\u00fcro und\/oder die Schule nicht vorhersehen und\/oder verhindern konnten, indem sie angemessene grundhafte Anstrengungen gemacht haben.<\/li>\n<\/ul>\n<p style=\"text-align: justify;\"><strong>Vertraulichkeit der Daten<\/strong><br \/>\nBeim Kauf von Dienstleistungen muss der Kunde die folgenden pers\u00f6nlichen Informationen bereitstellen:<\/p>\n<ul style=\"text-align: justify;\">\n<li style=\"text-align: left;\">Vor- und Nachname, Geburtsdatum des Kunden; E-Mail-Adresse, Telefonnummer, Anschrift des Kunden;<\/li>\n<li style=\"text-align: left;\">Vor- und Nachname, Geburtsdatum der Person(en), welche die Dienstleistung erh\u00e4lt; Die Kommunikationssprache der Person(en), welche die Dienstleistung erh\u00e4lt; Spezielle Anforderungen und\/oder besondere Anmerkungen in Bezug auf die Person(en), welche die Dienstleistung erh\u00e4lt; Sowie Voraussichtliche Unterkunft (Hotel, Appartement) w\u00e4hrend des Empfangs von Dienstleistungen;<\/li>\n<li style=\"text-align: left;\">Weitere n\u00f6tigen Informationen aus dem Formular der Bestellung von Dienstleistungen.<\/li>\n<\/ul>\n<p style=\"text-align: justify;\">Beim Kauf der Dienstleistung stimmt der Kunde zu, dass die angegebenen Informationen in das Reiseb\u00fcro und dem Leistungserbringer verarbeitet und gespeichert werden, au\u00dferdem best\u00e4tigt der Kunde somit, dass das Reiseb\u00fcro und der Leistungserbringer berechtigt sind, \u00fcber die Informationen gem\u00e4\u00df der Gesetzgebung und dieser Vorschriften zu verf\u00fcgen. Beim Kauf von Dienstleistungen stellt der Kunde sicher, dass er das Recht hat, \u00fcber die Informationen der dritten Personen zu verf\u00fcgen, welche die Dienstleistung erhalten, und dass diese Personen \u00fcber das Ausma\u00df der Nutzung von Informationen benachrichtigt und damit einverstanden sind.<br \/>\nAlle Informationen, die durch den Kunden w\u00e4hrend der Bestellung der Dienstleistungen eingegeben werden, m\u00fcssen wahrheitsgem\u00e4\u00df und richtig sein, ohne Verf\u00e4lschung und m\u00f6glichst objektiv, z.B. wenn etwas nach einem Kriterium beurteilt werden soll (k\u00f6rperliche Vorbereitung etc.). Der Kunde verpflichtet sich, das Reiseb\u00fcro rechtzeitig \u00fcber etwaige \u00c4nderungen dieser Daten zu informieren. Bei der Nichteinhaltung der angegebenen Bedingungen kann dem Kunden verweigert werden, die Dienstleistungen bereitzustellen, ohne Entsch\u00e4digung der durchgef\u00fchrten Zahlung.<br \/>\nDas Reiseb\u00fcro verwendet oder darf die empfangenen Daten, einschlie\u00dflich Kontaktdaten, f\u00fcr folgende Zwecke verwenden:<\/p>\n<ul style=\"text-align: justify;\">\n<li>F\u00fcr die Weiterleitung an den entsprechende Leistungserbringer; F\u00fcr eine reibungslose Kommunikation w\u00e4hrend der Bestellung von Dienstleistungen; F\u00fcr die problemlose Kommunikation bei der Kl\u00e4rung verschiedener Fragen nach dem Kauf von Dienstleistungen; F\u00fcr die Benachrichtigungen bez\u00fcglich der gekauften Dienstleistung;<\/li>\n<li>F\u00fcr analytische Zwecke, entsprechend dem Bedarf das Reiseb\u00fcro; F\u00fcr die Marketing-Ma\u00dfnahmen nach dem Gesetz (wie z.B., aber nicht nur, das Abschicken der regelm\u00e4\u00dfigen Mailings nach der Zustimmung des Kunden und mit der M\u00f6glichkeit der Abbestellung dieser Mailing-Aussendungen);<\/li>\n<\/ul>\n<p style=\"text-align: justify;\">Personenbezogene Daten des Kunden und der Person(en), welche die Dienstleistung erh\u00e4lt(en), sowie andere Informationen, die beim Kauf der Leistung vom Kunden angegeben wurden, d\u00fcrfen an folgende Dritten f\u00fcr folgende Zwecke freigegeben werden:<\/p>\n<ul>\n<li style=\"text-align: justify;\">An den geeignete Leistungserbringer, um den Erwerb von Dienstleistungen abzuschlie\u00dfen; Sowie an die externen Dienstleister, wenn es f\u00fcr die Bezahlung der Dienstleistungen oder f\u00fcr die Arbeit der Analytiker sowie f\u00fcr die L\u00f6sung der anderen Fragen bez\u00fcglich des Erwerbs der Dienstleistungen notwendig ist. Dabei sind die externen Dienstleister zur Einhaltung der Anforderungen der Vertraulichkeit verpflichtet und f\u00fcr diese Einhaltung verantwortlich;<\/li>\n<li style=\"text-align: justify;\">An die zust\u00e4ndigen Beh\u00f6rden, wenn das gesetzlich vorgeschrieben oder f\u00fcr die Pr\u00e4vention, Aufdeckung und Verfolgung der T\u00e4ter der rechtswidrigen Handlungen notwendig ist.<\/li>\n<\/ul>\n<p style=\"text-align: justify;\">Die Webseite verwendet Cookies, welche die Daten \u00fcber die Besuche, die Kunden-Einstellungen sammeln. Diese Daten helfen, den Webseite-Inhalt an den Kunden anzupassen. Durch die Nutzung der Webseite stimmt der Kunde der Erhebung und Verwendung von Cookies zu, die auf den Computer des Kunden \u00fcbertragen werden. Seine Zustimmung kann der Kunde jederzeit widerrufen, indem er die gespeicherten Cookies l\u00f6scht.<br \/>\nNach dem Erhalt der Dienstleistung aufbewahrt und verarbeitet das Reiseb\u00fcro entsprechend dem Gesetz die Informationen \u00fcber den Kunden und die Personen, welche die Leistung erhalten haben.<\/p>\n<p><\/p>","protected":false},"excerpt":{"rendered":"<p>Gesch\u00e4ftsbedingungen f\u00fcr Reisevermittlungen des Reiseb\u00fcros ALPLUX F\u00fcr des Reiseb\u00fcros ALPLUX e.U. als Reisevermittlerin gilt Teil A (\u201eDas Reiseb\u00fcro als Vermittler\u201c) der Allgemeinen Reisebedingungen (ARB 1992). Allgemeine Reisebedingungen (ARB 1992) Allgemeine Gesch\u00e4ftsbedingungen f\u00fcr die Hotellerie (AGBH 2006) Grundbestimmungen Indem Sie eine Dienstleistung im Reiseb\u00fcro ALPLUX buchen, erwerben Sie eine Dienstleistung der entsprechenden Leistungserbringer, und unsere Reiseb\u00fcro [&hellip;]<\/p>\n","protected":false},"author":4,"featured_media":0,"parent":2,"menu_order":0,"comment_status":"closed","ping_status":"closed","template":"","meta":[],"acf":[],"yoast_head":"<!-- This site is optimized with the Yoast SEO plugin v19.10 - https:\/\/yoast.com\/wordpress\/plugins\/seo\/ -->\n<title>Gesch\u00e4ftsbedingungen - ALPLUX<\/title>\n<meta name=\"description\" content=\"Gesch\u00e4ftsbedingungen\" \/>\n<meta name=\"robots\" content=\"index, follow, max-snippet:-1, max-image-preview:large, max-video-preview:-1\" \/>\n<link rel=\"canonical\" href=\"https:\/\/alplux.com\/contacts\/terms-and-conditions\/\" \/>\n<meta property=\"og:locale\" content=\"de_DE\" \/>\n<meta property=\"og:type\" content=\"article\" \/>\n<meta property=\"og:title\" content=\"Gesch\u00e4ftsbedingungen - ALPLUX\" \/>\n<meta property=\"og:description\" content=\"Gesch\u00e4ftsbedingungen\" \/>\n<meta property=\"og:url\" content=\"https:\/\/alplux.com\/contacts\/terms-and-conditions\/\" \/>\n<meta property=\"og:site_name\" content=\"ALPLUX\" \/>\n<meta property=\"article:modified_time\" content=\"2025-12-08T14:28:20+00:00\" \/>\n<meta name=\"twitter:card\" content=\"summary_large_image\" \/>\n<meta name=\"twitter:label1\" content=\"Gesch\u00e4tzte Lesezeit\" \/>\n\t<meta name=\"twitter:data1\" content=\"10\u00a0Minuten\" \/>\n<script type=\"application\/ld+json\" class=\"yoast-schema-graph\">{\"@context\":\"https:\/\/schema.org\",\"@graph\":[{\"@type\":\"WebPage\",\"@id\":\"https:\/\/alplux.com\/contacts\/terms-and-conditions\/\",\"url\":\"https:\/\/alplux.com\/contacts\/terms-and-conditions\/\",\"name\":\"[:ru]\u041f\u0440\u0430\u0432\u0438\u043b\u0430 \u043e\u043a\u0430\u0437\u0430\u043d\u0438\u044f \u0443\u0441\u043b\u0443\u0433[:de]Gesch\u00e4ftsbedingungen[:en]Terms and conditions[:] - ALPLUX\",\"isPartOf\":{\"@id\":\"https:\/\/alplux.com\/ru\/#website\"},\"datePublished\":\"2017-06-13T16:08:33+00:00\",\"dateModified\":\"2025-12-08T14:28:20+00:00\",\"description\":\"[:ru]\u041f\u0440\u0430\u0432\u0438\u043b\u0430 \u043e\u043a\u0430\u0437\u0430\u043d\u0438\u044f \u0443\u0441\u043b\u0443\u0433[:de]Gesch\u00e4ftsbedingungen[:en]Terms and conditions[:]\",\"breadcrumb\":{\"@id\":\"https:\/\/alplux.com\/contacts\/terms-and-conditions\/#breadcrumb\"},\"inLanguage\":\"de\",\"potentialAction\":[{\"@type\":\"ReadAction\",\"target\":[\"https:\/\/alplux.com\/contacts\/terms-and-conditions\/\"]}]},{\"@type\":\"BreadcrumbList\",\"@id\":\"https:\/\/alplux.com\/contacts\/terms-and-conditions\/#breadcrumb\",\"itemListElement\":[{\"@type\":\"ListItem\",\"position\":1,\"name\":\"\u0413\u043b\u0430\u0432\u043d\u0430\u044f \u0441\u0442\u0440\u0430\u043d\u0438\u0446\u0430\",\"item\":\"https:\/\/alplux.com\/ru\/\"},{\"@type\":\"ListItem\",\"position\":2,\"name\":\"\u041a\u043e\u043d\u0442\u0430\u043a\u0442\u044b\",\"item\":\"https:\/\/alplux.com\/contacts\/\"},{\"@type\":\"ListItem\",\"position\":3,\"name\":\"\u041f\u0440\u0430\u0432\u0438\u043b\u0430 \u043e\u043a\u0430\u0437\u0430\u043d\u0438\u044f \u0443\u0441\u043b\u0443\u0433\"}]},{\"@type\":\"WebSite\",\"@id\":\"https:\/\/alplux.com\/ru\/#website\",\"url\":\"https:\/\/alplux.com\/ru\/\",\"name\":\"ALPLUX\",\"description\":\"Urlaub in \u00f6sterreichische Alpen\",\"potentialAction\":[{\"@type\":\"SearchAction\",\"target\":{\"@type\":\"EntryPoint\",\"urlTemplate\":\"https:\/\/alplux.com\/ru\/?s={search_term_string}\"},\"query-input\":\"required name=search_term_string\"}],\"inLanguage\":\"de\"}]}<\/script>\n<!-- \/ Yoast SEO plugin. -->","yoast_head_json":{"title":"Gesch\u00e4ftsbedingungen - ALPLUX","description":"Gesch\u00e4ftsbedingungen","robots":{"index":"index","follow":"follow","max-snippet":"max-snippet:-1","max-image-preview":"max-image-preview:large","max-video-preview":"max-video-preview:-1"},"canonical":"https:\/\/alplux.com\/contacts\/terms-and-conditions\/","og_locale":"de_DE","og_type":"article","og_title":"Gesch\u00e4ftsbedingungen - ALPLUX","og_description":"Gesch\u00e4ftsbedingungen","og_url":"https:\/\/alplux.com\/contacts\/terms-and-conditions\/","og_site_name":"ALPLUX","article_modified_time":"2025-12-08T14:28:20+00:00","twitter_card":"summary_large_image","twitter_misc":{"Gesch\u00e4tzte Lesezeit":"10\u00a0Minuten"},"schema":{"@context":"https:\/\/schema.org","@graph":[{"@type":"WebPage","@id":"https:\/\/alplux.com\/contacts\/terms-and-conditions\/","url":"https:\/\/alplux.com\/contacts\/terms-and-conditions\/","name":"[:ru]\u041f\u0440\u0430\u0432\u0438\u043b\u0430 \u043e\u043a\u0430\u0437\u0430\u043d\u0438\u044f \u0443\u0441\u043b\u0443\u0433[:de]Gesch\u00e4ftsbedingungen[:en]Terms and conditions[:] - ALPLUX","isPartOf":{"@id":"https:\/\/alplux.com\/ru\/#website"},"datePublished":"2017-06-13T16:08:33+00:00","dateModified":"2025-12-08T14:28:20+00:00","description":"[:ru]\u041f\u0440\u0430\u0432\u0438\u043b\u0430 \u043e\u043a\u0430\u0437\u0430\u043d\u0438\u044f \u0443\u0441\u043b\u0443\u0433[:de]Gesch\u00e4ftsbedingungen[:en]Terms and conditions[:]","breadcrumb":{"@id":"https:\/\/alplux.com\/contacts\/terms-and-conditions\/#breadcrumb"},"inLanguage":"de","potentialAction":[{"@type":"ReadAction","target":["https:\/\/alplux.com\/contacts\/terms-and-conditions\/"]}]},{"@type":"BreadcrumbList","@id":"https:\/\/alplux.com\/contacts\/terms-and-conditions\/#breadcrumb","itemListElement":[{"@type":"ListItem","position":1,"name":"\u0413\u043b\u0430\u0432\u043d\u0430\u044f \u0441\u0442\u0440\u0430\u043d\u0438\u0446\u0430","item":"https:\/\/alplux.com\/ru\/"},{"@type":"ListItem","position":2,"name":"\u041a\u043e\u043d\u0442\u0430\u043a\u0442\u044b","item":"https:\/\/alplux.com\/contacts\/"},{"@type":"ListItem","position":3,"name":"\u041f\u0440\u0430\u0432\u0438\u043b\u0430 \u043e\u043a\u0430\u0437\u0430\u043d\u0438\u044f \u0443\u0441\u043b\u0443\u0433"}]},{"@type":"WebSite","@id":"https:\/\/alplux.com\/ru\/#website","url":"https:\/\/alplux.com\/ru\/","name":"ALPLUX","description":"Urlaub in \u00f6sterreichische Alpen","potentialAction":[{"@type":"SearchAction","target":{"@type":"EntryPoint","urlTemplate":"https:\/\/alplux.com\/ru\/?s={search_term_string}"},"query-input":"required name=search_term_string"}],"inLanguage":"de"}]}},"_links":{"self":[{"href":"https:\/\/alplux.com\/de\/wp-json\/wp\/v2\/pages\/2076"}],"collection":[{"href":"https:\/\/alplux.com\/de\/wp-json\/wp\/v2\/pages"}],"about":[{"href":"https:\/\/alplux.com\/de\/wp-json\/wp\/v2\/types\/page"}],"author":[{"embeddable":true,"href":"https:\/\/alplux.com\/de\/wp-json\/wp\/v2\/users\/4"}],"replies":[{"embeddable":true,"href":"https:\/\/alplux.com\/de\/wp-json\/wp\/v2\/comments?post=2076"}],"version-history":[{"count":87,"href":"https:\/\/alplux.com\/de\/wp-json\/wp\/v2\/pages\/2076\/revisions"}],"predecessor-version":[{"id":9711,"href":"https:\/\/alplux.com\/de\/wp-json\/wp\/v2\/pages\/2076\/revisions\/9711"}],"up":[{"embeddable":true,"href":"https:\/\/alplux.com\/de\/wp-json\/wp\/v2\/pages\/2"}],"wp:attachment":[{"href":"https:\/\/alplux.com\/de\/wp-json\/wp\/v2\/media?parent=2076"}],"curies":[{"name":"wp","href":"https:\/\/api.w.org\/{rel}","templated":true}]}}