{"id":2,"date":"2015-09-01T18:53:00","date_gmt":"2015-09-01T15:53:00","guid":{"rendered":"http:\/\/alplux.com\/?page_id=2"},"modified":"2025-03-10T17:29:48","modified_gmt":"2025-03-10T14:29:48","slug":"contacts","status":"publish","type":"page","link":"https:\/\/alplux.com\/de\/contacts\/","title":{"rendered":"Kontakt"},"content":{"rendered":"<p><\/p>\n<h1>Kontakt des Reiseb\u00fcro ALPLUX in \u00d6sterreich, Tirol<\/h1>\n<p style=\"text-align: justify; padding: 0px; margin: 0px;\">Wir befinden uns im \u00d6tztal und sind die meiste Zeit im Skigebiet S\u00f6lden t\u00e4tig. Aber gerne sind wir bereit, Ihnen auch in den anderen Skigebieten in \u00d6sterreich behilflich zu sein.<\/p>\n<table width=\"100%\" cellspacing=\"0\">\n<tbody>\n<tr>\n<td style=\"text-align: left;\" colspan=\"2\"><a href=\"http:\/\/alplux.com\/wp-content\/uploads\/2016\/10\/Irina_Sergey_Soelden.jpg\" rel=\"lightbox\" data-rl_title=\"\" data-rl_caption=\"\" title=\"\"><img loading=\"lazy\" class=\"aligncenter wp-image-1371 size-full\" src=\"http:\/\/alplux.com\/wp-content\/uploads\/2016\/10\/Irina_Sergey_Soelden.jpg\" alt=\"irina_sergey_soelden\" width=\"1600\" height=\"1068\" srcset=\"https:\/\/alplux.com\/wp-content\/uploads\/2016\/10\/Irina_Sergey_Soelden.jpg 1600w, https:\/\/alplux.com\/wp-content\/uploads\/2016\/10\/Irina_Sergey_Soelden-300x200.jpg 300w, https:\/\/alplux.com\/wp-content\/uploads\/2016\/10\/Irina_Sergey_Soelden-768x513.jpg 768w, https:\/\/alplux.com\/wp-content\/uploads\/2016\/10\/Irina_Sergey_Soelden-1024x684.jpg 1024w, https:\/\/alplux.com\/wp-content\/uploads\/2016\/10\/Irina_Sergey_Soelden-624x417.jpg 624w\" sizes=\"(max-width: 1600px) 100vw, 1600px\" \/><\/a><br \/>\nSie erreichen uns unter folgenden Telefonnummer:<\/td>\n<\/tr>\n<tr>\n<td style=\"text-align: center; width: 50%;\"><strong>Sergey<\/strong><br \/>\n<strong>+43-680-5595-777<\/strong><br \/>\n<a href=\"https:\/\/wa.me\/436805595777\">WhatsApp<\/a>, <a href=\"http:\/\/telegram.me\/Sergey_ALPLUX\">Telegram<\/a><\/td>\n<td style=\"text-align: center; width: 50%;\"><strong>Irina<\/strong><br \/>\n<strong>+43-680-142-9999<\/strong><br \/>\n<a href=\"https:\/\/wa.me\/436801429999\">WhatsApp<\/a>, <a href=\"http:\/\/telegram.me\/Irina_ALPLUX\">Telegram<\/a><\/td>\n<\/tr>\n<tr>\n<td style=\"text-align: left;\" colspan=\"2\">Oder senden Sie uns eine E-Mails an folgende Adresse <a href=\"mailto:info@alplux.com\">info@alplux.com<\/a><\/td>\n<\/tr>\n<\/tbody>\n<\/table>\n<p><\/p>","protected":false},"excerpt":{"rendered":"<p>Kontakt des Reiseb\u00fcro ALPLUX in \u00d6sterreich, Tirol Wir befinden uns im \u00d6tztal und sind die meiste Zeit im Skigebiet S\u00f6lden t\u00e4tig. Aber gerne sind wir bereit, Ihnen auch in den anderen Skigebieten in \u00d6sterreich behilflich zu sein. Sie erreichen uns unter folgenden Telefonnummer: Sergey +43-680-5595-777 WhatsApp, Telegram Irina +43-680-142-9999 WhatsApp, Telegram Oder senden Sie uns [&hellip;]<\/p>\n","protected":false},"author":1,"featured_media":0,"parent":0,"menu_order":0,"comment_status":"open","ping_status":"open","template":"","meta":[],"acf":[],"yoast_head":"<!-- This site is optimized with the Yoast SEO plugin v19.10 - https:\/\/yoast.com\/wordpress\/plugins\/seo\/ -->\n<title>Kontakt ALPLUX - Skilehrer, Hotels, Flughafentaxi in den Alpen<\/title>\n<meta name=\"description\" content=\"Kontakt ALPLUX\" \/>\n<meta name=\"robots\" content=\"index, follow, max-snippet:-1, max-image-preview:large, max-video-preview:-1\" \/>\n<link rel=\"canonical\" href=\"https:\/\/alplux.com\/contacts\/\" \/>\n<meta property=\"og:locale\" content=\"de_DE\" \/>\n<meta property=\"og:type\" content=\"article\" \/>\n<meta property=\"og:title\" content=\"Kontakt ALPLUX - Skilehrer, Hotels, Flughafentaxi in den Alpen\" \/>\n<meta property=\"og:description\" content=\"Kontakt ALPLUX\" \/>\n<meta property=\"og:url\" content=\"https:\/\/alplux.com\/contacts\/\" \/>\n<meta property=\"og:site_name\" content=\"ALPLUX\" \/>\n<meta property=\"article:modified_time\" content=\"2025-03-10T14:29:48+00:00\" \/>\n<meta property=\"og:image\" content=\"http:\/\/alplux.com\/wp-content\/uploads\/2016\/10\/Irina_Sergey_Soelden.jpg\" \/>\n<meta name=\"twitter:card\" content=\"summary_large_image\" \/>\n<meta name=\"twitter:label1\" content=\"Gesch\u00e4tzte Lesezeit\" \/>\n\t<meta name=\"twitter:data1\" content=\"1\u00a0Minute\" \/>\n<script type=\"application\/ld+json\" class=\"yoast-schema-graph\">{\"@context\":\"https:\/\/schema.org\",\"@graph\":[{\"@type\":\"WebPage\",\"@id\":\"https:\/\/alplux.com\/contacts\/\",\"url\":\"https:\/\/alplux.com\/contacts\/\",\"name\":\"[:ru]\u041a\u043e\u043d\u0442\u0430\u043a\u0442\u044b ALPLUX - \u0418\u043d\u0441\u0442\u0440\u0443\u043a\u0442\u043e\u0440\u044b, \u041e\u0442\u0435\u043b\u0438, \u0422\u0440\u0430\u043d\u0441\u0444\u0435\u0440\u044b \u0432 \u0410\u043b\u044c\u043f\u0430\u0445[:de]Kontakt ALPLUX - Skilehrer, Hotels, Flughafentaxi in den Alpen[:en]Contacts ALPLUX - Instructors, Hotels, Transfers in the Alps[:]\",\"isPartOf\":{\"@id\":\"https:\/\/alplux.com\/ru\/#website\"},\"datePublished\":\"2015-09-01T15:53:00+00:00\",\"dateModified\":\"2025-03-10T14:29:48+00:00\",\"description\":\"{:ru}\u041a\u043e\u043d\u0442\u0430\u043a\u0442\u044b ALPLUX{:de}Kontakt ALPLUX{:en}Contacts ALPLUX{:}\",\"breadcrumb\":{\"@id\":\"https:\/\/alplux.com\/contacts\/#breadcrumb\"},\"inLanguage\":\"de\",\"potentialAction\":[{\"@type\":\"ReadAction\",\"target\":[\"https:\/\/alplux.com\/contacts\/\"]}]},{\"@type\":\"BreadcrumbList\",\"@id\":\"https:\/\/alplux.com\/contacts\/#breadcrumb\",\"itemListElement\":[{\"@type\":\"ListItem\",\"position\":1,\"name\":\"\u0413\u043b\u0430\u0432\u043d\u0430\u044f \u0441\u0442\u0440\u0430\u043d\u0438\u0446\u0430\",\"item\":\"https:\/\/alplux.com\/ru\/\"},{\"@type\":\"ListItem\",\"position\":2,\"name\":\"\u041a\u043e\u043d\u0442\u0430\u043a\u0442\u044b\"}]},{\"@type\":\"WebSite\",\"@id\":\"https:\/\/alplux.com\/ru\/#website\",\"url\":\"https:\/\/alplux.com\/ru\/\",\"name\":\"ALPLUX\",\"description\":\"Urlaub in \u00f6sterreichische Alpen\",\"potentialAction\":[{\"@type\":\"SearchAction\",\"target\":{\"@type\":\"EntryPoint\",\"urlTemplate\":\"https:\/\/alplux.com\/ru\/?s={search_term_string}\"},\"query-input\":\"required name=search_term_string\"}],\"inLanguage\":\"de\"}]}<\/script>\n<!-- \/ Yoast SEO plugin. -->","yoast_head_json":{"title":"Kontakt ALPLUX - Skilehrer, Hotels, Flughafentaxi in den Alpen","description":"Kontakt ALPLUX","robots":{"index":"index","follow":"follow","max-snippet":"max-snippet:-1","max-image-preview":"max-image-preview:large","max-video-preview":"max-video-preview:-1"},"canonical":"https:\/\/alplux.com\/contacts\/","og_locale":"de_DE","og_type":"article","og_title":"Kontakt ALPLUX - Skilehrer, Hotels, Flughafentaxi in den Alpen","og_description":"Kontakt ALPLUX","og_url":"https:\/\/alplux.com\/contacts\/","og_site_name":"ALPLUX","article_modified_time":"2025-03-10T14:29:48+00:00","og_image":[{"url":"http:\/\/alplux.com\/wp-content\/uploads\/2016\/10\/Irina_Sergey_Soelden.jpg"}],"twitter_card":"summary_large_image","twitter_misc":{"Gesch\u00e4tzte Lesezeit":"1\u00a0Minute"},"schema":{"@context":"https:\/\/schema.org","@graph":[{"@type":"WebPage","@id":"https:\/\/alplux.com\/contacts\/","url":"https:\/\/alplux.com\/contacts\/","name":"[:ru]\u041a\u043e\u043d\u0442\u0430\u043a\u0442\u044b ALPLUX - \u0418\u043d\u0441\u0442\u0440\u0443\u043a\u0442\u043e\u0440\u044b, \u041e\u0442\u0435\u043b\u0438, \u0422\u0440\u0430\u043d\u0441\u0444\u0435\u0440\u044b \u0432 \u0410\u043b\u044c\u043f\u0430\u0445[:de]Kontakt ALPLUX - Skilehrer, Hotels, Flughafentaxi in den Alpen[:en]Contacts ALPLUX - Instructors, Hotels, Transfers in the Alps[:]","isPartOf":{"@id":"https:\/\/alplux.com\/ru\/#website"},"datePublished":"2015-09-01T15:53:00+00:00","dateModified":"2025-03-10T14:29:48+00:00","description":"{:ru}\u041a\u043e\u043d\u0442\u0430\u043a\u0442\u044b ALPLUX{:de}Kontakt ALPLUX{:en}Contacts ALPLUX{:}","breadcrumb":{"@id":"https:\/\/alplux.com\/contacts\/#breadcrumb"},"inLanguage":"de","potentialAction":[{"@type":"ReadAction","target":["https:\/\/alplux.com\/contacts\/"]}]},{"@type":"BreadcrumbList","@id":"https:\/\/alplux.com\/contacts\/#breadcrumb","itemListElement":[{"@type":"ListItem","position":1,"name":"\u0413\u043b\u0430\u0432\u043d\u0430\u044f \u0441\u0442\u0440\u0430\u043d\u0438\u0446\u0430","item":"https:\/\/alplux.com\/ru\/"},{"@type":"ListItem","position":2,"name":"\u041a\u043e\u043d\u0442\u0430\u043a\u0442\u044b"}]},{"@type":"WebSite","@id":"https:\/\/alplux.com\/ru\/#website","url":"https:\/\/alplux.com\/ru\/","name":"ALPLUX","description":"Urlaub in \u00f6sterreichische Alpen","potentialAction":[{"@type":"SearchAction","target":{"@type":"EntryPoint","urlTemplate":"https:\/\/alplux.com\/ru\/?s={search_term_string}"},"query-input":"required name=search_term_string"}],"inLanguage":"de"}]}},"_links":{"self":[{"href":"https:\/\/alplux.com\/de\/wp-json\/wp\/v2\/pages\/2"}],"collection":[{"href":"https:\/\/alplux.com\/de\/wp-json\/wp\/v2\/pages"}],"about":[{"href":"https:\/\/alplux.com\/de\/wp-json\/wp\/v2\/types\/page"}],"author":[{"embeddable":true,"href":"https:\/\/alplux.com\/de\/wp-json\/wp\/v2\/users\/1"}],"replies":[{"embeddable":true,"href":"https:\/\/alplux.com\/de\/wp-json\/wp\/v2\/comments?post=2"}],"version-history":[{"count":113,"href":"https:\/\/alplux.com\/de\/wp-json\/wp\/v2\/pages\/2\/revisions"}],"predecessor-version":[{"id":9562,"href":"https:\/\/alplux.com\/de\/wp-json\/wp\/v2\/pages\/2\/revisions\/9562"}],"wp:attachment":[{"href":"https:\/\/alplux.com\/de\/wp-json\/wp\/v2\/media?parent=2"}],"curies":[{"name":"wp","href":"https:\/\/api.w.org\/{rel}","templated":true}]}}