{"id":15,"date":"2015-09-01T18:58:09","date_gmt":"2015-09-01T15:58:09","guid":{"rendered":"http:\/\/alplux.com\/?page_id=15"},"modified":"2026-03-02T13:42:28","modified_gmt":"2026-03-02T10:42:28","slug":"feedback","status":"publish","type":"page","link":"https:\/\/alplux.com\/de\/feedback\/","title":{"rendered":"Bewertungen"},"content":{"rendered":"<p><\/p>\n<h1>71 Meinungen \u00fcber Urlaub in \u00d6sterreich mit\u00a0ALPLUX<\/h1>\n<p>Hiermit wenden wir uns gerne an alle unsere G\u00e4ste, denen wir behilflich waren, den Urlaub in den Alpen zu gestalten, Skifahren oder Snowboarden in S\u00f6lden zu lernen, einen Transfer zu organisieren oder ein Hotel zu buchen, eine gute Skiausr\u00fcstung zu finden und vieles mehr. Ihre Meinung ist uns wichtig. Wir freuen uns \u00fcber jedes Feedback.<\/p>\n<p style=\"text-align: right;\"><strong><a href=\"#add_review\">Bewertung schreiben<\/a>\u00a0&gt;&gt;<\/strong><\/p>\n<p><\/p>","protected":false},"excerpt":{"rendered":"<p>\u00fcber Urlaub in \u00d6sterreich mit\u00a0ALPLUX Hiermit wenden wir uns gerne an alle unsere G\u00e4ste, denen wir behilflich waren, den Urlaub in den Alpen zu gestalten, Skifahren oder Snowboarden in S\u00f6lden zu lernen, einen Transfer zu organisieren oder ein Hotel zu buchen, eine gute Skiausr\u00fcstung zu finden und vieles mehr. Ihre Meinung ist uns wichtig. Wir [&hellip;]<\/p>\n","protected":false},"author":1,"featured_media":0,"parent":0,"menu_order":0,"comment_status":"open","ping_status":"open","template":"reviws.php","meta":[],"acf":[],"yoast_head":"<!-- This site is optimized with the Yoast SEO plugin v19.10 - https:\/\/yoast.com\/wordpress\/plugins\/seo\/ -->\n<title>Meinungen \u00fcber Lehrer und ALP LUX<\/title>\n<meta name=\"description\" content=\"Meinungen \u00fcber Lehrer und ALPLUX\" \/>\n<meta name=\"robots\" content=\"index, follow, max-snippet:-1, max-image-preview:large, max-video-preview:-1\" \/>\n<link rel=\"canonical\" href=\"https:\/\/alplux.com\/feedback\/\" \/>\n<meta property=\"og:locale\" content=\"de_DE\" \/>\n<meta property=\"og:type\" content=\"article\" \/>\n<meta property=\"og:title\" content=\"Meinungen \u00fcber Lehrer und ALP LUX\" \/>\n<meta property=\"og:description\" content=\"Meinungen \u00fcber Lehrer und ALPLUX\" \/>\n<meta property=\"og:url\" content=\"https:\/\/alplux.com\/feedback\/\" \/>\n<meta property=\"og:site_name\" content=\"ALPLUX\" \/>\n<meta property=\"article:modified_time\" content=\"2026-03-02T10:42:28+00:00\" \/>\n<meta name=\"twitter:card\" content=\"summary_large_image\" \/>\n<meta name=\"twitter:label1\" content=\"Gesch\u00e4tzte Lesezeit\" \/>\n\t<meta name=\"twitter:data1\" content=\"1\u00a0Minute\" \/>\n<script type=\"application\/ld+json\" class=\"yoast-schema-graph\">{\"@context\":\"https:\/\/schema.org\",\"@graph\":[{\"@type\":\"WebPage\",\"@id\":\"https:\/\/alplux.com\/feedback\/\",\"url\":\"https:\/\/alplux.com\/feedback\/\",\"name\":\"[:ru]\u041e\u0442\u0437\u044b\u0432\u044b \u043e\u0431 \u0438\u043d\u0441\u0442\u0440\u0443\u043a\u0442\u043e\u0440\u0430\u0445 \u043f\u043e \u0433\u043e\u0440\u043d\u044b\u043c \u043b\u044b\u0436\u0430\u043c \u0438 \u0441\u043d\u043e\u0443\u0431\u043e\u0440\u0434\u0443 \u0432 \u0410\u0432\u0441\u0442\u0440\u0438\u0438, \u0417\u0451\u043b\u044c\u0434\u0435\u043d \u0438 \u043e \u0440\u0430\u0431\u043e\u0442\u0435 ALPLUX[:de]Meinungen \u00fcber Lehrer und ALP LUX[:en]Reviews for instructors and ALP LUX[:]\",\"isPartOf\":{\"@id\":\"https:\/\/alplux.com\/ru\/#website\"},\"datePublished\":\"2015-09-01T15:58:09+00:00\",\"dateModified\":\"2026-03-02T10:42:28+00:00\",\"description\":\"{:ru}\u041e\u0442\u0437\u044b\u0432\u044b \u043e\u0431 \u0438\u043d\u0441\u0442\u0440\u0443\u043a\u0442\u043e\u0440\u0430\u0445 \u043f\u043e \u0433\u043e\u0440\u043d\u044b\u043c \u043b\u044b\u0436\u0430\u043c \u0438 \u0441\u043d\u043e\u0443\u0431\u043e\u0440\u0434\u0443 \u0432 \u0410\u0432\u0441\u0442\u0440\u0438\u0438 \u0438 \u043e \u0440\u0430\u0431\u043e\u0442\u0435 ALPLUX{:de}Meinungen \u00fcber Lehrer und ALPLUX{:en}Reviews for instructors and ALPLUX{:}\",\"breadcrumb\":{\"@id\":\"https:\/\/alplux.com\/feedback\/#breadcrumb\"},\"inLanguage\":\"de\",\"potentialAction\":[{\"@type\":\"ReadAction\",\"target\":[\"https:\/\/alplux.com\/feedback\/\"]}]},{\"@type\":\"BreadcrumbList\",\"@id\":\"https:\/\/alplux.com\/feedback\/#breadcrumb\",\"itemListElement\":[{\"@type\":\"ListItem\",\"position\":1,\"name\":\"\u0413\u043b\u0430\u0432\u043d\u0430\u044f \u0441\u0442\u0440\u0430\u043d\u0438\u0446\u0430\",\"item\":\"https:\/\/alplux.com\/ru\/\"},{\"@type\":\"ListItem\",\"position\":2,\"name\":\"\u041e\u0442\u0437\u044b\u0432\u044b\"}]},{\"@type\":\"WebSite\",\"@id\":\"https:\/\/alplux.com\/ru\/#website\",\"url\":\"https:\/\/alplux.com\/ru\/\",\"name\":\"ALPLUX\",\"description\":\"Urlaub in \u00f6sterreichische Alpen\",\"potentialAction\":[{\"@type\":\"SearchAction\",\"target\":{\"@type\":\"EntryPoint\",\"urlTemplate\":\"https:\/\/alplux.com\/ru\/?s={search_term_string}\"},\"query-input\":\"required name=search_term_string\"}],\"inLanguage\":\"de\"}]}<\/script>\n<!-- \/ Yoast SEO plugin. -->","yoast_head_json":{"title":"Meinungen \u00fcber Lehrer und ALP LUX","description":"Meinungen \u00fcber Lehrer und ALPLUX","robots":{"index":"index","follow":"follow","max-snippet":"max-snippet:-1","max-image-preview":"max-image-preview:large","max-video-preview":"max-video-preview:-1"},"canonical":"https:\/\/alplux.com\/feedback\/","og_locale":"de_DE","og_type":"article","og_title":"Meinungen \u00fcber Lehrer und ALP LUX","og_description":"Meinungen \u00fcber Lehrer und ALPLUX","og_url":"https:\/\/alplux.com\/feedback\/","og_site_name":"ALPLUX","article_modified_time":"2026-03-02T10:42:28+00:00","twitter_card":"summary_large_image","twitter_misc":{"Gesch\u00e4tzte Lesezeit":"1\u00a0Minute"},"schema":{"@context":"https:\/\/schema.org","@graph":[{"@type":"WebPage","@id":"https:\/\/alplux.com\/feedback\/","url":"https:\/\/alplux.com\/feedback\/","name":"[:ru]\u041e\u0442\u0437\u044b\u0432\u044b \u043e\u0431 \u0438\u043d\u0441\u0442\u0440\u0443\u043a\u0442\u043e\u0440\u0430\u0445 \u043f\u043e \u0433\u043e\u0440\u043d\u044b\u043c \u043b\u044b\u0436\u0430\u043c \u0438 \u0441\u043d\u043e\u0443\u0431\u043e\u0440\u0434\u0443 \u0432 \u0410\u0432\u0441\u0442\u0440\u0438\u0438, \u0417\u0451\u043b\u044c\u0434\u0435\u043d \u0438 \u043e \u0440\u0430\u0431\u043e\u0442\u0435 ALPLUX[:de]Meinungen \u00fcber Lehrer und ALP LUX[:en]Reviews for instructors and ALP LUX[:]","isPartOf":{"@id":"https:\/\/alplux.com\/ru\/#website"},"datePublished":"2015-09-01T15:58:09+00:00","dateModified":"2026-03-02T10:42:28+00:00","description":"{:ru}\u041e\u0442\u0437\u044b\u0432\u044b \u043e\u0431 \u0438\u043d\u0441\u0442\u0440\u0443\u043a\u0442\u043e\u0440\u0430\u0445 \u043f\u043e \u0433\u043e\u0440\u043d\u044b\u043c \u043b\u044b\u0436\u0430\u043c \u0438 \u0441\u043d\u043e\u0443\u0431\u043e\u0440\u0434\u0443 \u0432 \u0410\u0432\u0441\u0442\u0440\u0438\u0438 \u0438 \u043e \u0440\u0430\u0431\u043e\u0442\u0435 ALPLUX{:de}Meinungen \u00fcber Lehrer und ALPLUX{:en}Reviews for instructors and ALPLUX{:}","breadcrumb":{"@id":"https:\/\/alplux.com\/feedback\/#breadcrumb"},"inLanguage":"de","potentialAction":[{"@type":"ReadAction","target":["https:\/\/alplux.com\/feedback\/"]}]},{"@type":"BreadcrumbList","@id":"https:\/\/alplux.com\/feedback\/#breadcrumb","itemListElement":[{"@type":"ListItem","position":1,"name":"\u0413\u043b\u0430\u0432\u043d\u0430\u044f \u0441\u0442\u0440\u0430\u043d\u0438\u0446\u0430","item":"https:\/\/alplux.com\/ru\/"},{"@type":"ListItem","position":2,"name":"\u041e\u0442\u0437\u044b\u0432\u044b"}]},{"@type":"WebSite","@id":"https:\/\/alplux.com\/ru\/#website","url":"https:\/\/alplux.com\/ru\/","name":"ALPLUX","description":"Urlaub in \u00f6sterreichische Alpen","potentialAction":[{"@type":"SearchAction","target":{"@type":"EntryPoint","urlTemplate":"https:\/\/alplux.com\/ru\/?s={search_term_string}"},"query-input":"required name=search_term_string"}],"inLanguage":"de"}]}},"_links":{"self":[{"href":"https:\/\/alplux.com\/de\/wp-json\/wp\/v2\/pages\/15"}],"collection":[{"href":"https:\/\/alplux.com\/de\/wp-json\/wp\/v2\/pages"}],"about":[{"href":"https:\/\/alplux.com\/de\/wp-json\/wp\/v2\/types\/page"}],"author":[{"embeddable":true,"href":"https:\/\/alplux.com\/de\/wp-json\/wp\/v2\/users\/1"}],"replies":[{"embeddable":true,"href":"https:\/\/alplux.com\/de\/wp-json\/wp\/v2\/comments?post=15"}],"version-history":[{"count":141,"href":"https:\/\/alplux.com\/de\/wp-json\/wp\/v2\/pages\/15\/revisions"}],"predecessor-version":[{"id":9784,"href":"https:\/\/alplux.com\/de\/wp-json\/wp\/v2\/pages\/15\/revisions\/9784"}],"wp:attachment":[{"href":"https:\/\/alplux.com\/de\/wp-json\/wp\/v2\/media?parent=15"}],"curies":[{"name":"wp","href":"https:\/\/api.w.org\/{rel}","templated":true}]}}