{"id":13,"date":"2015-09-01T18:57:56","date_gmt":"2015-09-01T15:57:56","guid":{"rendered":"http:\/\/alplux.com\/?page_id=13"},"modified":"2017-05-31T18:16:58","modified_gmt":"2017-05-31T15:16:58","slug":"concierge","status":"publish","type":"page","link":"https:\/\/alplux.com\/de\/concierge\/","title":{"rendered":"Concierge"},"content":{"rendered":"<p><\/p>\n<h1>Concierge-Service<\/h1>\n<p style=\"text-align: justify;\">M\u00f6chten Sie einen entspannten sorglosen Urlaub in den Alpen verbringen? Dann nutzen Sie Concierge-Service von ALPLUX. Sie k\u00f6nnen uns Rund-um-die-Uhr telefonisch erreichen und wir helfen Ihnen, beliebige Fragen, auch Sonderw\u00fcnsche w\u00e4hrend Ihres Aufenthaltes in den Alpen zu l\u00f6sen bzw. zu erf\u00fcllen.<\/p>\n<ul>\n<li>M\u00f6chten Sie die Nacht im Casino verbringen \u2013 wird organisiert!<\/li>\n<li>M\u00fcssen Sie dringend auf die Konferenz nach Luxemburg \u2013 kein Problem!<\/li>\n<li>Sind die Stra\u00dfen gesperrt und der Hubschrauber ist die einzige M\u00f6glichkeit, Ihren Flug zu erreichen \u2013 wir helfen Ihnen!<\/li>\n<li>Brauchen Sie VIP-Tickets f\u00fcr Hannibal Gletscherspektakel &#8211; kontaktieren Sie uns!<\/li>\n<\/ul>\n<p style=\"text-align: justify;\">Bitte kontaktieren Sie uns fr\u00fchzeitig, wenn Sie unsere volle Unterst\u00fctzung w\u00e4hrend Ihres Urlaubs in den Alpen bekommen m\u00f6chten.<\/p>\n<p><\/p>","protected":false},"excerpt":{"rendered":"<p>Concierge-Service M\u00f6chten Sie einen entspannten sorglosen Urlaub in den Alpen verbringen? Dann nutzen Sie Concierge-Service von ALPLUX. Sie k\u00f6nnen uns Rund-um-die-Uhr telefonisch erreichen und wir helfen Ihnen, beliebige Fragen, auch Sonderw\u00fcnsche w\u00e4hrend Ihres Aufenthaltes in den Alpen zu l\u00f6sen bzw. zu erf\u00fcllen. M\u00f6chten Sie die Nacht im Casino verbringen \u2013 wird organisiert! M\u00fcssen Sie dringend [&hellip;]<\/p>\n","protected":false},"author":1,"featured_media":2026,"parent":0,"menu_order":0,"comment_status":"closed","ping_status":"closed","template":"","meta":[],"acf":[],"yoast_head":"<!-- This site is optimized with the Yoast SEO plugin v19.10 - https:\/\/yoast.com\/wordpress\/plugins\/seo\/ -->\n<title>Concierge ALPLUX<\/title>\n<meta name=\"description\" content=\"Concierge ALPLUX\" \/>\n<meta name=\"robots\" content=\"index, follow, max-snippet:-1, max-image-preview:large, max-video-preview:-1\" \/>\n<link rel=\"canonical\" href=\"https:\/\/alplux.com\/en\/concierge\/\" \/>\n<meta property=\"og:locale\" content=\"de_DE\" \/>\n<meta property=\"og:type\" content=\"article\" \/>\n<meta property=\"og:title\" content=\"Concierge ALPLUX\" \/>\n<meta property=\"og:description\" content=\"Concierge ALPLUX\" \/>\n<meta property=\"og:url\" content=\"https:\/\/alplux.com\/en\/concierge\/\" \/>\n<meta property=\"og:site_name\" content=\"ALPLUX\" \/>\n<meta property=\"article:modified_time\" content=\"2017-05-31T15:16:58+00:00\" \/>\n<meta property=\"og:image\" content=\"https:\/\/alplux.com\/wp-content\/uploads\/2017\/05\/DSC_0514-1024x678.jpg\" \/>\n\t<meta property=\"og:image:width\" content=\"1024\" \/>\n\t<meta property=\"og:image:height\" content=\"678\" \/>\n\t<meta property=\"og:image:type\" content=\"image\/jpeg\" \/>\n<meta name=\"twitter:card\" content=\"summary_large_image\" \/>\n<meta name=\"twitter:label1\" content=\"Gesch\u00e4tzte Lesezeit\" \/>\n\t<meta name=\"twitter:data1\" content=\"1\u00a0Minute\" \/>\n<script type=\"application\/ld+json\" class=\"yoast-schema-graph\">{\"@context\":\"https:\/\/schema.org\",\"@graph\":[{\"@type\":\"WebPage\",\"@id\":\"https:\/\/alplux.com\/en\/concierge\/\",\"url\":\"https:\/\/alplux.com\/en\/concierge\/\",\"name\":\"Concierge ALPLUX\",\"isPartOf\":{\"@id\":\"https:\/\/alplux.com\/ru\/#website\"},\"datePublished\":\"2015-09-01T15:57:56+00:00\",\"dateModified\":\"2017-05-31T15:16:58+00:00\",\"description\":\"Concierge ALPLUX\",\"breadcrumb\":{\"@id\":\"https:\/\/alplux.com\/en\/concierge\/#breadcrumb\"},\"inLanguage\":\"de\",\"potentialAction\":[{\"@type\":\"ReadAction\",\"target\":[\"https:\/\/alplux.com\/en\/concierge\/\"]}]},{\"@type\":\"BreadcrumbList\",\"@id\":\"https:\/\/alplux.com\/en\/concierge\/#breadcrumb\",\"itemListElement\":[{\"@type\":\"ListItem\",\"position\":1,\"name\":\"\u0413\u043b\u0430\u0432\u043d\u0430\u044f \u0441\u0442\u0440\u0430\u043d\u0438\u0446\u0430\",\"item\":\"https:\/\/alplux.com\/ru\/\"},{\"@type\":\"ListItem\",\"position\":2,\"name\":\"Concierge\"}]},{\"@type\":\"WebSite\",\"@id\":\"https:\/\/alplux.com\/ru\/#website\",\"url\":\"https:\/\/alplux.com\/ru\/\",\"name\":\"ALPLUX\",\"description\":\"Urlaub in \u00f6sterreichische Alpen\",\"potentialAction\":[{\"@type\":\"SearchAction\",\"target\":{\"@type\":\"EntryPoint\",\"urlTemplate\":\"https:\/\/alplux.com\/ru\/?s={search_term_string}\"},\"query-input\":\"required name=search_term_string\"}],\"inLanguage\":\"de\"}]}<\/script>\n<!-- \/ Yoast SEO plugin. -->","yoast_head_json":{"title":"Concierge ALPLUX","description":"Concierge ALPLUX","robots":{"index":"index","follow":"follow","max-snippet":"max-snippet:-1","max-image-preview":"max-image-preview:large","max-video-preview":"max-video-preview:-1"},"canonical":"https:\/\/alplux.com\/en\/concierge\/","og_locale":"de_DE","og_type":"article","og_title":"Concierge ALPLUX","og_description":"Concierge ALPLUX","og_url":"https:\/\/alplux.com\/en\/concierge\/","og_site_name":"ALPLUX","article_modified_time":"2017-05-31T15:16:58+00:00","og_image":[{"width":1024,"height":678,"url":"https:\/\/alplux.com\/wp-content\/uploads\/2017\/05\/DSC_0514-1024x678.jpg","type":"image\/jpeg"}],"twitter_card":"summary_large_image","twitter_misc":{"Gesch\u00e4tzte Lesezeit":"1\u00a0Minute"},"schema":{"@context":"https:\/\/schema.org","@graph":[{"@type":"WebPage","@id":"https:\/\/alplux.com\/en\/concierge\/","url":"https:\/\/alplux.com\/en\/concierge\/","name":"Concierge ALPLUX","isPartOf":{"@id":"https:\/\/alplux.com\/ru\/#website"},"datePublished":"2015-09-01T15:57:56+00:00","dateModified":"2017-05-31T15:16:58+00:00","description":"Concierge ALPLUX","breadcrumb":{"@id":"https:\/\/alplux.com\/en\/concierge\/#breadcrumb"},"inLanguage":"de","potentialAction":[{"@type":"ReadAction","target":["https:\/\/alplux.com\/en\/concierge\/"]}]},{"@type":"BreadcrumbList","@id":"https:\/\/alplux.com\/en\/concierge\/#breadcrumb","itemListElement":[{"@type":"ListItem","position":1,"name":"\u0413\u043b\u0430\u0432\u043d\u0430\u044f \u0441\u0442\u0440\u0430\u043d\u0438\u0446\u0430","item":"https:\/\/alplux.com\/ru\/"},{"@type":"ListItem","position":2,"name":"Concierge"}]},{"@type":"WebSite","@id":"https:\/\/alplux.com\/ru\/#website","url":"https:\/\/alplux.com\/ru\/","name":"ALPLUX","description":"Urlaub in \u00f6sterreichische Alpen","potentialAction":[{"@type":"SearchAction","target":{"@type":"EntryPoint","urlTemplate":"https:\/\/alplux.com\/ru\/?s={search_term_string}"},"query-input":"required name=search_term_string"}],"inLanguage":"de"}]}},"_links":{"self":[{"href":"https:\/\/alplux.com\/de\/wp-json\/wp\/v2\/pages\/13"}],"collection":[{"href":"https:\/\/alplux.com\/de\/wp-json\/wp\/v2\/pages"}],"about":[{"href":"https:\/\/alplux.com\/de\/wp-json\/wp\/v2\/types\/page"}],"author":[{"embeddable":true,"href":"https:\/\/alplux.com\/de\/wp-json\/wp\/v2\/users\/1"}],"replies":[{"embeddable":true,"href":"https:\/\/alplux.com\/de\/wp-json\/wp\/v2\/comments?post=13"}],"version-history":[{"count":28,"href":"https:\/\/alplux.com\/de\/wp-json\/wp\/v2\/pages\/13\/revisions"}],"predecessor-version":[{"id":1456,"href":"https:\/\/alplux.com\/de\/wp-json\/wp\/v2\/pages\/13\/revisions\/1456"}],"wp:featuredmedia":[{"embeddable":true,"href":"https:\/\/alplux.com\/de\/wp-json\/wp\/v2\/media\/2026"}],"wp:attachment":[{"href":"https:\/\/alplux.com\/de\/wp-json\/wp\/v2\/media?parent=13"}],"curies":[{"name":"wp","href":"https:\/\/api.w.org\/{rel}","templated":true}]}}